{"id":21,"date":"2018-12-03T16:39:06","date_gmt":"2018-12-03T15:39:06","guid":{"rendered":"http:\/\/m2ievm.com\/aavelo\/?page_id=21"},"modified":"2019-02-20T11:29:42","modified_gmt":"2019-02-20T10:29:42","slug":"ateliers-dautoreparation","status":"publish","type":"page","link":"http:\/\/m2ievm.com\/aavelo\/ateliers-dautoreparation\/","title":{"rendered":"Ateliers d&rsquo;autor\u00e9paration"},"content":{"rendered":"\t\t<div data-elementor-type=\"wp-post\" data-elementor-id=\"21\" class=\"elementor elementor-21 elementor-bc-flex-widget\">\n\t\t\t\t\t\t<section class=\"elementor-section elementor-top-section elementor-element elementor-element-d7a3e73 elementor-section-boxed elementor-section-height-default elementor-section-height-default\" data-id=\"d7a3e73\" data-element_type=\"section\">\n\t\t\t\t\t\t<div class=\"elementor-container elementor-column-gap-default\">\n\t\t\t\t\t<div class=\"elementor-column elementor-col-33 elementor-top-column elementor-element elementor-element-a63da22\" data-id=\"a63da22\" data-element_type=\"column\">\n\t\t\t<div class=\"elementor-widget-wrap elementor-element-populated\">\n\t\t\t\t\t\t<div class=\"elementor-element elementor-element-59c5b3d elementor-widget elementor-widget-image\" data-id=\"59c5b3d\" data-element_type=\"widget\" data-widget_type=\"image.default\">\n\t\t\t\t<div class=\"elementor-widget-container\">\n\t\t\t\t\t\t\t\t\t\t\t\t\t\t\t<img fetchpriority=\"high\" decoding=\"async\" width=\"525\" height=\"394\" src=\"http:\/\/m2ievm.com\/aavelo\/wp-content\/uploads\/2019\/01\/IMG_7816-1024x768.jpg\" class=\"attachment-large size-large wp-image-354\" alt=\"\" srcset=\"http:\/\/m2ievm.com\/aavelo\/wp-content\/uploads\/2019\/01\/IMG_7816-1024x768.jpg 1024w, http:\/\/m2ievm.com\/aavelo\/wp-content\/uploads\/2019\/01\/IMG_7816-300x225.jpg 300w, http:\/\/m2ievm.com\/aavelo\/wp-content\/uploads\/2019\/01\/IMG_7816-768x576.jpg 768w\" sizes=\"100vw\" \/>\t\t\t\t\t\t\t\t\t\t\t\t\t\t\t<\/div>\n\t\t\t\t<\/div>\n\t\t\t\t\t<\/div>\n\t\t<\/div>\n\t\t\t\t<div class=\"elementor-column elementor-col-33 elementor-top-column elementor-element elementor-element-fb2e4f1\" data-id=\"fb2e4f1\" data-element_type=\"column\">\n\t\t\t<div class=\"elementor-widget-wrap elementor-element-populated\">\n\t\t\t\t\t\t<div class=\"elementor-element elementor-element-3ee9eac elementor-widget elementor-widget-image\" data-id=\"3ee9eac\" data-element_type=\"widget\" data-widget_type=\"image.default\">\n\t\t\t\t<div class=\"elementor-widget-container\">\n\t\t\t\t\t\t\t\t\t\t\t\t\t\t\t<img decoding=\"async\" width=\"512\" height=\"397\" src=\"http:\/\/m2ievm.com\/aavelo\/wp-content\/uploads\/2019\/01\/Velimobile-444.jpg\" class=\"attachment-large size-large wp-image-389\" alt=\"\" srcset=\"http:\/\/m2ievm.com\/aavelo\/wp-content\/uploads\/2019\/01\/Velimobile-444.jpg 512w, http:\/\/m2ievm.com\/aavelo\/wp-content\/uploads\/2019\/01\/Velimobile-444-300x233.jpg 300w\" sizes=\"100vw\" \/>\t\t\t\t\t\t\t\t\t\t\t\t\t\t\t<\/div>\n\t\t\t\t<\/div>\n\t\t\t\t\t<\/div>\n\t\t<\/div>\n\t\t\t\t<div class=\"elementor-column elementor-col-33 elementor-top-column elementor-element elementor-element-4bd80c2\" data-id=\"4bd80c2\" data-element_type=\"column\">\n\t\t\t<div class=\"elementor-widget-wrap elementor-element-populated\">\n\t\t\t\t\t\t<div class=\"elementor-element elementor-element-f17f273 elementor-widget elementor-widget-image\" data-id=\"f17f273\" data-element_type=\"widget\" data-widget_type=\"image.default\">\n\t\t\t\t<div class=\"elementor-widget-container\">\n\t\t\t\t\t\t\t\t\t\t\t\t\t\t\t<img decoding=\"async\" width=\"525\" height=\"394\" src=\"http:\/\/m2ievm.com\/aavelo\/wp-content\/uploads\/2018\/12\/fete-du-sport-1-1024x768.jpg\" class=\"attachment-large size-large wp-image-108\" alt=\"\" srcset=\"http:\/\/m2ievm.com\/aavelo\/wp-content\/uploads\/2018\/12\/fete-du-sport-1-1024x768.jpg 1024w, http:\/\/m2ievm.com\/aavelo\/wp-content\/uploads\/2018\/12\/fete-du-sport-1-300x225.jpg 300w, http:\/\/m2ievm.com\/aavelo\/wp-content\/uploads\/2018\/12\/fete-du-sport-1-768x576.jpg 768w\" sizes=\"100vw\" \/>\t\t\t\t\t\t\t\t\t\t\t\t\t\t\t<\/div>\n\t\t\t\t<\/div>\n\t\t\t\t\t<\/div>\n\t\t<\/div>\n\t\t\t\t\t<\/div>\n\t\t<\/section>\n\t\t\t\t<section class=\"elementor-section elementor-top-section elementor-element elementor-element-1b5cf0b elementor-section-boxed elementor-section-height-default elementor-section-height-default\" data-id=\"1b5cf0b\" data-element_type=\"section\">\n\t\t\t\t\t\t<div class=\"elementor-container elementor-column-gap-default\">\n\t\t\t\t\t<div class=\"elementor-column elementor-col-100 elementor-top-column elementor-element elementor-element-1faac59\" data-id=\"1faac59\" data-element_type=\"column\">\n\t\t\t<div class=\"elementor-widget-wrap elementor-element-populated\">\n\t\t\t\t\t\t<div class=\"elementor-element elementor-element-72d7ece elementor-widget elementor-widget-text-editor\" data-id=\"72d7ece\" data-element_type=\"widget\" data-widget_type=\"text-editor.default\">\n\t\t\t\t<div class=\"elementor-widget-container\">\n\t\t\t\t\t\t\t\t\t<p>Des ateliers d \u2019auto r\u00e9paration se r\u00e9alisent \u00e0 la <strong>VELOSTATION<\/strong> -avec ou sans rendez-vous- et sur diff\u00e9rents sites publics ou priv\u00e9s ( places de march\u00e9, gares de train, quartiers prioritaires et en entreprise ).<\/p><p>Ces ateliers participatifs, pendant lesquels on apprend \u00e0 r\u00e9parer soi-m\u00eame son v\u00e9lo, contribuent \u00e0 favoriser la pratique du v\u00e9lo au quotidien par l\u2019\u00e9change d\u2019un savoir-faire autour de m\u00e9canique et de r\u00e9emploi de pi\u00e8ces d\u00e9tach\u00e9es.<\/p>\t\t\t\t\t\t\t\t<\/div>\n\t\t\t\t<\/div>\n\t\t\t\t\t<\/div>\n\t\t<\/div>\n\t\t\t\t\t<\/div>\n\t\t<\/section>\n\t\t\t\t<\/div>\n\t\t","protected":false},"excerpt":{"rendered":"<p>Des ateliers d \u2019auto r\u00e9paration se r\u00e9alisent \u00e0 la VELOSTATION -avec ou sans rendez-vous- et sur diff\u00e9rents sites publics ou priv\u00e9s ( places de march\u00e9, gares de train, quartiers prioritaires et en entreprise ). Ces ateliers participatifs, pendant lesquels on apprend \u00e0 r\u00e9parer soi-m\u00eame son v\u00e9lo, contribuent \u00e0 favoriser la pratique du v\u00e9lo au quotidien &hellip; <\/p>\n<p class=\"link-more\"><a href=\"http:\/\/m2ievm.com\/aavelo\/ateliers-dautoreparation\/\" class=\"more-link\">Continuer la lecture<span class=\"screen-reader-text\"> de &laquo;&nbsp;Ateliers d&rsquo;autor\u00e9paration&nbsp;&raquo;<\/span><\/a><\/p>\n","protected":false},"author":1,"featured_media":0,"parent":0,"menu_order":0,"comment_status":"closed","ping_status":"closed","template":"","meta":{"_vp_format_video_url":"","_vp_image_focal_point":[],"footnotes":""},"class_list":["post-21","page","type-page","status-publish","hentry"],"yoast_head":"<!-- This site is optimized with the Yoast SEO plugin v25.0 - https:\/\/yoast.com\/wordpress\/plugins\/seo\/ -->\n<title>Ateliers d&#039;autor\u00e9paration - VELOSTATION PARIS VALLEE DE LA MARNE<\/title>\n<meta name=\"description\" content=\"Apprendre \u00e0 r\u00e9parer soi-m\u00eame son v\u00e9lo guid\u00e9 par un technicien dans une ambiance conviviale c&#039;est possible avec la VELOSTATION-PVM\" \/>\n<meta name=\"robots\" content=\"index, follow, max-snippet:-1, max-image-preview:large, max-video-preview:-1\" \/>\n<link rel=\"canonical\" href=\"http:\/\/m2ievm.com\/aavelo\/ateliers-dautoreparation\/\" \/>\n<meta property=\"og:locale\" content=\"fr_FR\" \/>\n<meta property=\"og:type\" content=\"article\" \/>\n<meta property=\"og:title\" content=\"Ateliers d&#039;autor\u00e9paration - VELOSTATION PARIS VALLEE DE LA MARNE\" \/>\n<meta property=\"og:description\" content=\"Apprendre \u00e0 r\u00e9parer soi-m\u00eame son v\u00e9lo guid\u00e9 par un technicien dans une ambiance conviviale c&#039;est possible avec la VELOSTATION-PVM\" \/>\n<meta property=\"og:url\" content=\"http:\/\/m2ievm.com\/aavelo\/ateliers-dautoreparation\/\" \/>\n<meta property=\"og:site_name\" content=\"VELOSTATION PARIS VALLEE DE LA MARNE\" \/>\n<meta property=\"article:modified_time\" content=\"2019-02-20T10:29:42+00:00\" \/>\n<meta property=\"og:image\" content=\"http:\/\/m2ievm.com\/aavelo\/wp-content\/uploads\/2019\/01\/IMG_7816-1024x768.jpg\" \/>\n<meta name=\"twitter:card\" content=\"summary_large_image\" \/>\n<script type=\"application\/ld+json\" class=\"yoast-schema-graph\">{\"@context\":\"https:\/\/schema.org\",\"@graph\":[{\"@type\":\"WebPage\",\"@id\":\"http:\/\/m2ievm.com\/aavelo\/ateliers-dautoreparation\/\",\"url\":\"http:\/\/m2ievm.com\/aavelo\/ateliers-dautoreparation\/\",\"name\":\"Ateliers d'autor\u00e9paration - VELOSTATION PARIS VALLEE DE LA MARNE\",\"isPartOf\":{\"@id\":\"http:\/\/m2ievm.com\/aavelo\/#website\"},\"primaryImageOfPage\":{\"@id\":\"http:\/\/m2ievm.com\/aavelo\/ateliers-dautoreparation\/#primaryimage\"},\"image\":{\"@id\":\"http:\/\/m2ievm.com\/aavelo\/ateliers-dautoreparation\/#primaryimage\"},\"thumbnailUrl\":\"http:\/\/m2ievm.com\/aavelo\/wp-content\/uploads\/2019\/01\/IMG_7816-1024x768.jpg\",\"datePublished\":\"2018-12-03T15:39:06+00:00\",\"dateModified\":\"2019-02-20T10:29:42+00:00\",\"description\":\"Apprendre \u00e0 r\u00e9parer soi-m\u00eame son v\u00e9lo guid\u00e9 par un technicien dans une ambiance conviviale c'est possible avec la VELOSTATION-PVM\",\"breadcrumb\":{\"@id\":\"http:\/\/m2ievm.com\/aavelo\/ateliers-dautoreparation\/#breadcrumb\"},\"inLanguage\":\"fr-FR\",\"potentialAction\":[{\"@type\":\"ReadAction\",\"target\":[\"http:\/\/m2ievm.com\/aavelo\/ateliers-dautoreparation\/\"]}]},{\"@type\":\"ImageObject\",\"inLanguage\":\"fr-FR\",\"@id\":\"http:\/\/m2ievm.com\/aavelo\/ateliers-dautoreparation\/#primaryimage\",\"url\":\"http:\/\/m2ievm.com\/aavelo\/wp-content\/uploads\/2019\/01\/IMG_7816.jpg\",\"contentUrl\":\"http:\/\/m2ievm.com\/aavelo\/wp-content\/uploads\/2019\/01\/IMG_7816.jpg\",\"width\":4032,\"height\":3024},{\"@type\":\"BreadcrumbList\",\"@id\":\"http:\/\/m2ievm.com\/aavelo\/ateliers-dautoreparation\/#breadcrumb\",\"itemListElement\":[{\"@type\":\"ListItem\",\"position\":1,\"name\":\"Accueil\",\"item\":\"http:\/\/m2ievm.com\/aavelo\/\"},{\"@type\":\"ListItem\",\"position\":2,\"name\":\"Ateliers d&rsquo;autor\u00e9paration\"}]},{\"@type\":\"WebSite\",\"@id\":\"http:\/\/m2ievm.com\/aavelo\/#website\",\"url\":\"http:\/\/m2ievm.com\/aavelo\/\",\"name\":\"VELOSTATION PARIS VALLEE DE LA MARNE\",\"description\":\"un nouveau regard sur l&#039; Eco-mobilit\u00e9\",\"publisher\":{\"@id\":\"http:\/\/m2ievm.com\/aavelo\/#organization\"},\"potentialAction\":[{\"@type\":\"SearchAction\",\"target\":{\"@type\":\"EntryPoint\",\"urlTemplate\":\"http:\/\/m2ievm.com\/aavelo\/?s={search_term_string}\"},\"query-input\":{\"@type\":\"PropertyValueSpecification\",\"valueRequired\":true,\"valueName\":\"search_term_string\"}}],\"inLanguage\":\"fr-FR\"},{\"@type\":\"Organization\",\"@id\":\"http:\/\/m2ievm.com\/aavelo\/#organization\",\"name\":\"VELOSTATION PARIS VALLEE DE LA MARNE\",\"url\":\"http:\/\/m2ievm.com\/aavelo\/\",\"logo\":{\"@type\":\"ImageObject\",\"inLanguage\":\"fr-FR\",\"@id\":\"http:\/\/m2ievm.com\/aavelo\/#\/schema\/logo\/image\/\",\"url\":\"http:\/\/m2ievm.com\/aavelo\/wp-content\/uploads\/2025\/04\/cropped-logo-velostation-3-02.png\",\"contentUrl\":\"http:\/\/m2ievm.com\/aavelo\/wp-content\/uploads\/2025\/04\/cropped-logo-velostation-3-02.png\",\"width\":249,\"height\":250,\"caption\":\"VELOSTATION PARIS VALLEE DE LA MARNE\"},\"image\":{\"@id\":\"http:\/\/m2ievm.com\/aavelo\/#\/schema\/logo\/image\/\"}}]}<\/script>\n<!-- \/ Yoast SEO plugin. -->","yoast_head_json":{"title":"Ateliers d'autor\u00e9paration - VELOSTATION PARIS VALLEE DE LA MARNE","description":"Apprendre \u00e0 r\u00e9parer soi-m\u00eame son v\u00e9lo guid\u00e9 par un technicien dans une ambiance conviviale c'est possible avec la VELOSTATION-PVM","robots":{"index":"index","follow":"follow","max-snippet":"max-snippet:-1","max-image-preview":"max-image-preview:large","max-video-preview":"max-video-preview:-1"},"canonical":"http:\/\/m2ievm.com\/aavelo\/ateliers-dautoreparation\/","og_locale":"fr_FR","og_type":"article","og_title":"Ateliers d'autor\u00e9paration - VELOSTATION PARIS VALLEE DE LA MARNE","og_description":"Apprendre \u00e0 r\u00e9parer soi-m\u00eame son v\u00e9lo guid\u00e9 par un technicien dans une ambiance conviviale c'est possible avec la VELOSTATION-PVM","og_url":"http:\/\/m2ievm.com\/aavelo\/ateliers-dautoreparation\/","og_site_name":"VELOSTATION PARIS VALLEE DE LA MARNE","article_modified_time":"2019-02-20T10:29:42+00:00","og_image":[{"url":"http:\/\/m2ievm.com\/aavelo\/wp-content\/uploads\/2019\/01\/IMG_7816-1024x768.jpg","type":"","width":"","height":""}],"twitter_card":"summary_large_image","schema":{"@context":"https:\/\/schema.org","@graph":[{"@type":"WebPage","@id":"http:\/\/m2ievm.com\/aavelo\/ateliers-dautoreparation\/","url":"http:\/\/m2ievm.com\/aavelo\/ateliers-dautoreparation\/","name":"Ateliers d'autor\u00e9paration - VELOSTATION PARIS VALLEE DE LA MARNE","isPartOf":{"@id":"http:\/\/m2ievm.com\/aavelo\/#website"},"primaryImageOfPage":{"@id":"http:\/\/m2ievm.com\/aavelo\/ateliers-dautoreparation\/#primaryimage"},"image":{"@id":"http:\/\/m2ievm.com\/aavelo\/ateliers-dautoreparation\/#primaryimage"},"thumbnailUrl":"http:\/\/m2ievm.com\/aavelo\/wp-content\/uploads\/2019\/01\/IMG_7816-1024x768.jpg","datePublished":"2018-12-03T15:39:06+00:00","dateModified":"2019-02-20T10:29:42+00:00","description":"Apprendre \u00e0 r\u00e9parer soi-m\u00eame son v\u00e9lo guid\u00e9 par un technicien dans une ambiance conviviale c'est possible avec la VELOSTATION-PVM","breadcrumb":{"@id":"http:\/\/m2ievm.com\/aavelo\/ateliers-dautoreparation\/#breadcrumb"},"inLanguage":"fr-FR","potentialAction":[{"@type":"ReadAction","target":["http:\/\/m2ievm.com\/aavelo\/ateliers-dautoreparation\/"]}]},{"@type":"ImageObject","inLanguage":"fr-FR","@id":"http:\/\/m2ievm.com\/aavelo\/ateliers-dautoreparation\/#primaryimage","url":"http:\/\/m2ievm.com\/aavelo\/wp-content\/uploads\/2019\/01\/IMG_7816.jpg","contentUrl":"http:\/\/m2ievm.com\/aavelo\/wp-content\/uploads\/2019\/01\/IMG_7816.jpg","width":4032,"height":3024},{"@type":"BreadcrumbList","@id":"http:\/\/m2ievm.com\/aavelo\/ateliers-dautoreparation\/#breadcrumb","itemListElement":[{"@type":"ListItem","position":1,"name":"Accueil","item":"http:\/\/m2ievm.com\/aavelo\/"},{"@type":"ListItem","position":2,"name":"Ateliers d&rsquo;autor\u00e9paration"}]},{"@type":"WebSite","@id":"http:\/\/m2ievm.com\/aavelo\/#website","url":"http:\/\/m2ievm.com\/aavelo\/","name":"VELOSTATION PARIS VALLEE DE LA MARNE","description":"un nouveau regard sur l&#039; Eco-mobilit\u00e9","publisher":{"@id":"http:\/\/m2ievm.com\/aavelo\/#organization"},"potentialAction":[{"@type":"SearchAction","target":{"@type":"EntryPoint","urlTemplate":"http:\/\/m2ievm.com\/aavelo\/?s={search_term_string}"},"query-input":{"@type":"PropertyValueSpecification","valueRequired":true,"valueName":"search_term_string"}}],"inLanguage":"fr-FR"},{"@type":"Organization","@id":"http:\/\/m2ievm.com\/aavelo\/#organization","name":"VELOSTATION PARIS VALLEE DE LA MARNE","url":"http:\/\/m2ievm.com\/aavelo\/","logo":{"@type":"ImageObject","inLanguage":"fr-FR","@id":"http:\/\/m2ievm.com\/aavelo\/#\/schema\/logo\/image\/","url":"http:\/\/m2ievm.com\/aavelo\/wp-content\/uploads\/2025\/04\/cropped-logo-velostation-3-02.png","contentUrl":"http:\/\/m2ievm.com\/aavelo\/wp-content\/uploads\/2025\/04\/cropped-logo-velostation-3-02.png","width":249,"height":250,"caption":"VELOSTATION PARIS VALLEE DE LA MARNE"},"image":{"@id":"http:\/\/m2ievm.com\/aavelo\/#\/schema\/logo\/image\/"}}]}},"_links":{"self":[{"href":"http:\/\/m2ievm.com\/aavelo\/wp-json\/wp\/v2\/pages\/21","targetHints":{"allow":["GET"]}}],"collection":[{"href":"http:\/\/m2ievm.com\/aavelo\/wp-json\/wp\/v2\/pages"}],"about":[{"href":"http:\/\/m2ievm.com\/aavelo\/wp-json\/wp\/v2\/types\/page"}],"author":[{"embeddable":true,"href":"http:\/\/m2ievm.com\/aavelo\/wp-json\/wp\/v2\/users\/1"}],"replies":[{"embeddable":true,"href":"http:\/\/m2ievm.com\/aavelo\/wp-json\/wp\/v2\/comments?post=21"}],"version-history":[{"count":4,"href":"http:\/\/m2ievm.com\/aavelo\/wp-json\/wp\/v2\/pages\/21\/revisions"}],"predecessor-version":[{"id":689,"href":"http:\/\/m2ievm.com\/aavelo\/wp-json\/wp\/v2\/pages\/21\/revisions\/689"}],"wp:attachment":[{"href":"http:\/\/m2ievm.com\/aavelo\/wp-json\/wp\/v2\/media?parent=21"}],"curies":[{"name":"wp","href":"https:\/\/api.w.org\/{rel}","templated":true}]}}