{"id":26,"date":"2018-12-03T16:39:37","date_gmt":"2018-12-03T15:39:37","guid":{"rendered":"http:\/\/m2ievm.com\/aavelo\/?page_id=26"},"modified":"2019-01-08T10:02:57","modified_gmt":"2019-01-08T09:02:57","slug":"vente-et-location","status":"publish","type":"page","link":"http:\/\/m2ievm.com\/aavelo\/vente-et-location\/","title":{"rendered":"Vente"},"content":{"rendered":"\t\t<div data-elementor-type=\"wp-post\" data-elementor-id=\"26\" class=\"elementor elementor-26 elementor-bc-flex-widget\">\n\t\t\t\t\t\t<section class=\"elementor-section elementor-top-section elementor-element elementor-element-8f0bb62 elementor-section-boxed elementor-section-height-default elementor-section-height-default\" data-id=\"8f0bb62\" data-element_type=\"section\">\n\t\t\t\t\t\t<div class=\"elementor-container elementor-column-gap-default\">\n\t\t\t\t\t<div class=\"elementor-column elementor-col-100 elementor-top-column elementor-element elementor-element-1d8a233\" data-id=\"1d8a233\" data-element_type=\"column\">\n\t\t\t<div class=\"elementor-widget-wrap elementor-element-populated\">\n\t\t\t\t\t\t<div class=\"elementor-element elementor-element-c772d4a elementor-arrows-position-inside elementor-widget elementor-widget-image-carousel\" data-id=\"c772d4a\" data-element_type=\"widget\" data-settings=\"{&quot;slides_to_show&quot;:&quot;1&quot;,&quot;navigation&quot;:&quot;arrows&quot;,&quot;autoplay&quot;:&quot;yes&quot;,&quot;pause_on_hover&quot;:&quot;yes&quot;,&quot;pause_on_interaction&quot;:&quot;yes&quot;,&quot;autoplay_speed&quot;:5000,&quot;infinite&quot;:&quot;yes&quot;,&quot;effect&quot;:&quot;slide&quot;,&quot;speed&quot;:500}\" data-widget_type=\"image-carousel.default\">\n\t\t\t\t<div class=\"elementor-widget-container\">\n\t\t\t\t\t\t\t<div class=\"elementor-image-carousel-wrapper swiper\" role=\"region\" aria-roledescription=\"carousel\" aria-label=\"Carrousel d\u2019images\" dir=\"ltr\">\n\t\t\t<div class=\"elementor-image-carousel swiper-wrapper\" aria-live=\"off\">\n\t\t\t\t\t\t\t\t<div class=\"swiper-slide\" role=\"group\" aria-roledescription=\"slide\" aria-label=\"1 sur 11\"><figure class=\"swiper-slide-inner\"><img decoding=\"async\" class=\"swiper-slide-image\" src=\"http:\/\/m2ievm.com\/aavelo\/wp-content\/uploads\/2019\/01\/VELO-CROSS-VENTE-5-ENFANT-1-768x509.jpg\" alt=\"VELO CROSS VENTE 5 ENFANT\" \/><\/figure><\/div><div class=\"swiper-slide\" role=\"group\" aria-roledescription=\"slide\" aria-label=\"2 sur 11\"><figure class=\"swiper-slide-inner\"><img decoding=\"async\" class=\"swiper-slide-image\" src=\"http:\/\/m2ievm.com\/aavelo\/wp-content\/uploads\/2019\/01\/VELO-CROSS-VENTE-ENFANT-1-768x509.jpg\" alt=\"VELO CROSS VENTE ENFANT\" \/><\/figure><\/div><div class=\"swiper-slide\" role=\"group\" aria-roledescription=\"slide\" aria-label=\"3 sur 11\"><figure class=\"swiper-slide-inner\"><img decoding=\"async\" class=\"swiper-slide-image\" src=\"http:\/\/m2ievm.com\/aavelo\/wp-content\/uploads\/2019\/01\/VELO-DE-COURSE-VENTE-ADULTE-1-768x509.jpg\" alt=\"VELO DE COURSE VENTE ADULTE\" \/><\/figure><\/div><div class=\"swiper-slide\" role=\"group\" aria-roledescription=\"slide\" aria-label=\"4 sur 11\"><figure class=\"swiper-slide-inner\"><img decoding=\"async\" class=\"swiper-slide-image\" src=\"http:\/\/m2ievm.com\/aavelo\/wp-content\/uploads\/2019\/01\/VELO-VILLE-ELECTRIQUE-VENTE-ADULTE-1-768x509.jpg\" alt=\"VELO VILLE ELECTRIQUE VENTE ADULTE\" \/><\/figure><\/div><div class=\"swiper-slide\" role=\"group\" aria-roledescription=\"slide\" aria-label=\"5 sur 11\"><figure class=\"swiper-slide-inner\"><img decoding=\"async\" class=\"swiper-slide-image\" src=\"http:\/\/m2ievm.com\/aavelo\/wp-content\/uploads\/2019\/01\/VELO-VILLE-VENTE-ADULTE-1-768x509.jpg\" alt=\"VELO VILLE VENTE ADULTE\" \/><\/figure><\/div><div class=\"swiper-slide\" role=\"group\" aria-roledescription=\"slide\" aria-label=\"6 sur 11\"><figure class=\"swiper-slide-inner\"><img decoding=\"async\" class=\"swiper-slide-image\" src=\"http:\/\/m2ievm.com\/aavelo\/wp-content\/uploads\/2019\/01\/VELO-VILLE-VENTE-ENFANT-1-768x509.jpg\" alt=\"VELO VILLE VENTE ENFANT\" \/><\/figure><\/div><div class=\"swiper-slide\" role=\"group\" aria-roledescription=\"slide\" aria-label=\"7 sur 11\"><figure class=\"swiper-slide-inner\"><img decoding=\"async\" class=\"swiper-slide-image\" src=\"http:\/\/m2ievm.com\/aavelo\/wp-content\/uploads\/2019\/01\/VTT-VENTE-1-ENFANT-1-768x509.jpg\" alt=\"VTT VENTE 1 ENFANT\" \/><\/figure><\/div><div class=\"swiper-slide\" role=\"group\" aria-roledescription=\"slide\" aria-label=\"8 sur 11\"><figure class=\"swiper-slide-inner\"><img decoding=\"async\" class=\"swiper-slide-image\" src=\"http:\/\/m2ievm.com\/aavelo\/wp-content\/uploads\/2019\/01\/VTT-VENTE-2-ENFANT-1-768x509.jpg\" alt=\"VTT VENTE 2 ENFANT\" \/><\/figure><\/div><div class=\"swiper-slide\" role=\"group\" aria-roledescription=\"slide\" aria-label=\"9 sur 11\"><figure class=\"swiper-slide-inner\"><img decoding=\"async\" class=\"swiper-slide-image\" src=\"http:\/\/m2ievm.com\/aavelo\/wp-content\/uploads\/2019\/01\/VTT-VENTE-3-ENFANT-1-768x509.jpg\" alt=\"VTT VENTE 3 ENFANT\" \/><\/figure><\/div><div class=\"swiper-slide\" role=\"group\" aria-roledescription=\"slide\" aria-label=\"10 sur 11\"><figure class=\"swiper-slide-inner\"><img decoding=\"async\" class=\"swiper-slide-image\" src=\"http:\/\/m2ievm.com\/aavelo\/wp-content\/uploads\/2019\/01\/VTT-VENTE-4-ENFANT-1-768x509.jpg\" alt=\"VTT VENTE 4 ENFANT\" \/><\/figure><\/div><div class=\"swiper-slide\" role=\"group\" aria-roledescription=\"slide\" aria-label=\"11 sur 11\"><figure class=\"swiper-slide-inner\"><img decoding=\"async\" class=\"swiper-slide-image\" src=\"http:\/\/m2ievm.com\/aavelo\/wp-content\/uploads\/2019\/01\/VTT-VENTE-ENFANT-1-768x509.jpg\" alt=\"VTT VENTE ENFANT\" \/><\/figure><\/div>\t\t\t<\/div>\n\t\t\t\t\t\t\t\t\t\t\t\t<div class=\"elementor-swiper-button elementor-swiper-button-prev\" role=\"button\" tabindex=\"0\">\n\t\t\t\t\t\t<i aria-hidden=\"true\" class=\"eicon-chevron-left\"><\/i>\t\t\t\t\t<\/div>\n\t\t\t\t\t<div class=\"elementor-swiper-button elementor-swiper-button-next\" role=\"button\" tabindex=\"0\">\n\t\t\t\t\t\t<i aria-hidden=\"true\" class=\"eicon-chevron-right\"><\/i>\t\t\t\t\t<\/div>\n\t\t\t\t\n\t\t\t\t\t\t\t\t\t<\/div>\n\t\t\t\t\t\t<\/div>\n\t\t\t\t<\/div>\n\t\t\t\t\t<\/div>\n\t\t<\/div>\n\t\t\t\t\t<\/div>\n\t\t<\/section>\n\t\t\t\t<section class=\"elementor-section elementor-top-section elementor-element elementor-element-70bc139 elementor-section-boxed elementor-section-height-default elementor-section-height-default\" data-id=\"70bc139\" data-element_type=\"section\">\n\t\t\t\t\t\t<div class=\"elementor-container elementor-column-gap-default\">\n\t\t\t\t\t<div class=\"elementor-column elementor-col-100 elementor-top-column elementor-element elementor-element-3371148\" data-id=\"3371148\" data-element_type=\"column\">\n\t\t\t<div class=\"elementor-widget-wrap elementor-element-populated\">\n\t\t\t\t\t\t<div class=\"elementor-element elementor-element-68afb05 elementor-widget elementor-widget-text-editor\" data-id=\"68afb05\" data-element_type=\"widget\" data-widget_type=\"text-editor.default\">\n\t\t\t\t<div class=\"elementor-widget-container\">\n\t\t\t\t\t\t\t\t\t<p>La r\u00e9cup\u00e9ration de v\u00e9los inutilis\u00e9s, abandonn\u00e9s, consid\u00e9r\u00e9s comme d\u00e9chets et vou\u00e9s \u00e0 la destruction sont r\u00e9cup\u00e9r\u00e9s sur la <strong>VELOSTATION<\/strong> pour \u00eatre r\u00e9par\u00e9s et reconditionn\u00e9s. <br \/>Cette revalorisation et r\u00e9emploi permet de donner une seconde vie \u00e0 des v\u00e9los pr\u00eats \u00e0 rendre de pr\u00e9cieux services \u00e0 de nombreuses personnes qui les utilisent quotidiennement comme moyen de d\u00e9placement principal.<\/p>\t\t\t\t\t\t\t\t<\/div>\n\t\t\t\t<\/div>\n\t\t\t\t\t<\/div>\n\t\t<\/div>\n\t\t\t\t\t<\/div>\n\t\t<\/section>\n\t\t\t\t<\/div>\n\t\t","protected":false},"excerpt":{"rendered":"<p>La r\u00e9cup\u00e9ration de v\u00e9los inutilis\u00e9s, abandonn\u00e9s, consid\u00e9r\u00e9s comme d\u00e9chets et vou\u00e9s \u00e0 la destruction sont r\u00e9cup\u00e9r\u00e9s sur la VELOSTATION pour \u00eatre r\u00e9par\u00e9s et reconditionn\u00e9s. Cette revalorisation et r\u00e9emploi permet de donner une seconde vie \u00e0 des v\u00e9los pr\u00eats \u00e0 rendre de pr\u00e9cieux services \u00e0 de nombreuses personnes qui les utilisent quotidiennement comme moyen de d\u00e9placement &hellip; <\/p>\n<p class=\"link-more\"><a href=\"http:\/\/m2ievm.com\/aavelo\/vente-et-location\/\" class=\"more-link\">Continuer la lecture<span class=\"screen-reader-text\"> de &laquo;&nbsp;Vente&nbsp;&raquo;<\/span><\/a><\/p>\n","protected":false},"author":1,"featured_media":0,"parent":0,"menu_order":0,"comment_status":"closed","ping_status":"closed","template":"","meta":{"_vp_format_video_url":"","_vp_image_focal_point":[],"footnotes":""},"class_list":["post-26","page","type-page","status-publish","hentry"],"yoast_head":"<!-- This site is optimized with the Yoast SEO plugin v25.0 - https:\/\/yoast.com\/wordpress\/plugins\/seo\/ -->\n<title>Vente - VELOSTATION PARIS VALLEE DE LA MARNE<\/title>\n<meta name=\"robots\" content=\"index, follow, max-snippet:-1, max-image-preview:large, max-video-preview:-1\" \/>\n<link rel=\"canonical\" href=\"https:\/\/m2ievm.com\/aavelo\/vente-et-location\/\" \/>\n<meta property=\"og:locale\" content=\"fr_FR\" \/>\n<meta property=\"og:type\" content=\"article\" \/>\n<meta property=\"og:title\" content=\"Vente - VELOSTATION PARIS VALLEE DE LA MARNE\" \/>\n<meta property=\"og:description\" content=\"La r\u00e9cup\u00e9ration de v\u00e9los inutilis\u00e9s, abandonn\u00e9s, consid\u00e9r\u00e9s comme d\u00e9chets et vou\u00e9s \u00e0 la destruction sont r\u00e9cup\u00e9r\u00e9s sur la VELOSTATION pour \u00eatre r\u00e9par\u00e9s et reconditionn\u00e9s. Cette revalorisation et r\u00e9emploi permet de donner une seconde vie \u00e0 des v\u00e9los pr\u00eats \u00e0 rendre de pr\u00e9cieux services \u00e0 de nombreuses personnes qui les utilisent quotidiennement comme moyen de d\u00e9placement &hellip; Continuer la lecture de &laquo;&nbsp;Vente&nbsp;&raquo;\" \/>\n<meta property=\"og:url\" content=\"https:\/\/m2ievm.com\/aavelo\/vente-et-location\/\" \/>\n<meta property=\"og:site_name\" content=\"VELOSTATION PARIS VALLEE DE LA MARNE\" \/>\n<meta property=\"article:modified_time\" content=\"2019-01-08T09:02:57+00:00\" \/>\n<meta property=\"og:image\" content=\"http:\/\/m2ievm.com\/aavelo\/wp-content\/uploads\/2019\/01\/VELO-CROSS-VENTE-5-ENFANT-1-768x509.jpg\" \/>\n<meta name=\"twitter:card\" content=\"summary_large_image\" \/>\n<script type=\"application\/ld+json\" class=\"yoast-schema-graph\">{\"@context\":\"https:\/\/schema.org\",\"@graph\":[{\"@type\":\"WebPage\",\"@id\":\"https:\/\/m2ievm.com\/aavelo\/vente-et-location\/\",\"url\":\"https:\/\/m2ievm.com\/aavelo\/vente-et-location\/\",\"name\":\"Vente - VELOSTATION PARIS VALLEE DE LA MARNE\",\"isPartOf\":{\"@id\":\"http:\/\/m2ievm.com\/aavelo\/#website\"},\"primaryImageOfPage\":{\"@id\":\"https:\/\/m2ievm.com\/aavelo\/vente-et-location\/#primaryimage\"},\"image\":{\"@id\":\"https:\/\/m2ievm.com\/aavelo\/vente-et-location\/#primaryimage\"},\"thumbnailUrl\":\"http:\/\/m2ievm.com\/aavelo\/wp-content\/uploads\/2019\/01\/VELO-CROSS-VENTE-5-ENFANT-1-768x509.jpg\",\"datePublished\":\"2018-12-03T15:39:37+00:00\",\"dateModified\":\"2019-01-08T09:02:57+00:00\",\"breadcrumb\":{\"@id\":\"https:\/\/m2ievm.com\/aavelo\/vente-et-location\/#breadcrumb\"},\"inLanguage\":\"fr-FR\",\"potentialAction\":[{\"@type\":\"ReadAction\",\"target\":[\"https:\/\/m2ievm.com\/aavelo\/vente-et-location\/\"]}]},{\"@type\":\"ImageObject\",\"inLanguage\":\"fr-FR\",\"@id\":\"https:\/\/m2ievm.com\/aavelo\/vente-et-location\/#primaryimage\",\"url\":\"http:\/\/m2ievm.com\/aavelo\/wp-content\/uploads\/2019\/01\/VELO-CROSS-VENTE-5-ENFANT-1-768x509.jpg\",\"contentUrl\":\"http:\/\/m2ievm.com\/aavelo\/wp-content\/uploads\/2019\/01\/VELO-CROSS-VENTE-5-ENFANT-1-768x509.jpg\"},{\"@type\":\"BreadcrumbList\",\"@id\":\"https:\/\/m2ievm.com\/aavelo\/vente-et-location\/#breadcrumb\",\"itemListElement\":[{\"@type\":\"ListItem\",\"position\":1,\"name\":\"Accueil\",\"item\":\"http:\/\/m2ievm.com\/aavelo\/\"},{\"@type\":\"ListItem\",\"position\":2,\"name\":\"Vente\"}]},{\"@type\":\"WebSite\",\"@id\":\"http:\/\/m2ievm.com\/aavelo\/#website\",\"url\":\"http:\/\/m2ievm.com\/aavelo\/\",\"name\":\"VELOSTATION PARIS VALLEE DE LA MARNE\",\"description\":\"un nouveau regard sur l&#039; Eco-mobilit\u00e9\",\"publisher\":{\"@id\":\"http:\/\/m2ievm.com\/aavelo\/#organization\"},\"potentialAction\":[{\"@type\":\"SearchAction\",\"target\":{\"@type\":\"EntryPoint\",\"urlTemplate\":\"http:\/\/m2ievm.com\/aavelo\/?s={search_term_string}\"},\"query-input\":{\"@type\":\"PropertyValueSpecification\",\"valueRequired\":true,\"valueName\":\"search_term_string\"}}],\"inLanguage\":\"fr-FR\"},{\"@type\":\"Organization\",\"@id\":\"http:\/\/m2ievm.com\/aavelo\/#organization\",\"name\":\"VELOSTATION PARIS VALLEE DE LA MARNE\",\"url\":\"http:\/\/m2ievm.com\/aavelo\/\",\"logo\":{\"@type\":\"ImageObject\",\"inLanguage\":\"fr-FR\",\"@id\":\"http:\/\/m2ievm.com\/aavelo\/#\/schema\/logo\/image\/\",\"url\":\"http:\/\/m2ievm.com\/aavelo\/wp-content\/uploads\/2025\/04\/cropped-logo-velostation-3-02.png\",\"contentUrl\":\"http:\/\/m2ievm.com\/aavelo\/wp-content\/uploads\/2025\/04\/cropped-logo-velostation-3-02.png\",\"width\":249,\"height\":250,\"caption\":\"VELOSTATION PARIS VALLEE DE LA MARNE\"},\"image\":{\"@id\":\"http:\/\/m2ievm.com\/aavelo\/#\/schema\/logo\/image\/\"}}]}<\/script>\n<!-- \/ Yoast SEO plugin. -->","yoast_head_json":{"title":"Vente - VELOSTATION PARIS VALLEE DE LA MARNE","robots":{"index":"index","follow":"follow","max-snippet":"max-snippet:-1","max-image-preview":"max-image-preview:large","max-video-preview":"max-video-preview:-1"},"canonical":"https:\/\/m2ievm.com\/aavelo\/vente-et-location\/","og_locale":"fr_FR","og_type":"article","og_title":"Vente - VELOSTATION PARIS VALLEE DE LA MARNE","og_description":"La r\u00e9cup\u00e9ration de v\u00e9los inutilis\u00e9s, abandonn\u00e9s, consid\u00e9r\u00e9s comme d\u00e9chets et vou\u00e9s \u00e0 la destruction sont r\u00e9cup\u00e9r\u00e9s sur la VELOSTATION pour \u00eatre r\u00e9par\u00e9s et reconditionn\u00e9s. Cette revalorisation et r\u00e9emploi permet de donner une seconde vie \u00e0 des v\u00e9los pr\u00eats \u00e0 rendre de pr\u00e9cieux services \u00e0 de nombreuses personnes qui les utilisent quotidiennement comme moyen de d\u00e9placement &hellip; Continuer la lecture de &laquo;&nbsp;Vente&nbsp;&raquo;","og_url":"https:\/\/m2ievm.com\/aavelo\/vente-et-location\/","og_site_name":"VELOSTATION PARIS VALLEE DE LA MARNE","article_modified_time":"2019-01-08T09:02:57+00:00","og_image":[{"url":"http:\/\/m2ievm.com\/aavelo\/wp-content\/uploads\/2019\/01\/VELO-CROSS-VENTE-5-ENFANT-1-768x509.jpg","type":"","width":"","height":""}],"twitter_card":"summary_large_image","schema":{"@context":"https:\/\/schema.org","@graph":[{"@type":"WebPage","@id":"https:\/\/m2ievm.com\/aavelo\/vente-et-location\/","url":"https:\/\/m2ievm.com\/aavelo\/vente-et-location\/","name":"Vente - VELOSTATION PARIS VALLEE DE LA MARNE","isPartOf":{"@id":"http:\/\/m2ievm.com\/aavelo\/#website"},"primaryImageOfPage":{"@id":"https:\/\/m2ievm.com\/aavelo\/vente-et-location\/#primaryimage"},"image":{"@id":"https:\/\/m2ievm.com\/aavelo\/vente-et-location\/#primaryimage"},"thumbnailUrl":"http:\/\/m2ievm.com\/aavelo\/wp-content\/uploads\/2019\/01\/VELO-CROSS-VENTE-5-ENFANT-1-768x509.jpg","datePublished":"2018-12-03T15:39:37+00:00","dateModified":"2019-01-08T09:02:57+00:00","breadcrumb":{"@id":"https:\/\/m2ievm.com\/aavelo\/vente-et-location\/#breadcrumb"},"inLanguage":"fr-FR","potentialAction":[{"@type":"ReadAction","target":["https:\/\/m2ievm.com\/aavelo\/vente-et-location\/"]}]},{"@type":"ImageObject","inLanguage":"fr-FR","@id":"https:\/\/m2ievm.com\/aavelo\/vente-et-location\/#primaryimage","url":"http:\/\/m2ievm.com\/aavelo\/wp-content\/uploads\/2019\/01\/VELO-CROSS-VENTE-5-ENFANT-1-768x509.jpg","contentUrl":"http:\/\/m2ievm.com\/aavelo\/wp-content\/uploads\/2019\/01\/VELO-CROSS-VENTE-5-ENFANT-1-768x509.jpg"},{"@type":"BreadcrumbList","@id":"https:\/\/m2ievm.com\/aavelo\/vente-et-location\/#breadcrumb","itemListElement":[{"@type":"ListItem","position":1,"name":"Accueil","item":"http:\/\/m2ievm.com\/aavelo\/"},{"@type":"ListItem","position":2,"name":"Vente"}]},{"@type":"WebSite","@id":"http:\/\/m2ievm.com\/aavelo\/#website","url":"http:\/\/m2ievm.com\/aavelo\/","name":"VELOSTATION PARIS VALLEE DE LA MARNE","description":"un nouveau regard sur l&#039; Eco-mobilit\u00e9","publisher":{"@id":"http:\/\/m2ievm.com\/aavelo\/#organization"},"potentialAction":[{"@type":"SearchAction","target":{"@type":"EntryPoint","urlTemplate":"http:\/\/m2ievm.com\/aavelo\/?s={search_term_string}"},"query-input":{"@type":"PropertyValueSpecification","valueRequired":true,"valueName":"search_term_string"}}],"inLanguage":"fr-FR"},{"@type":"Organization","@id":"http:\/\/m2ievm.com\/aavelo\/#organization","name":"VELOSTATION PARIS VALLEE DE LA MARNE","url":"http:\/\/m2ievm.com\/aavelo\/","logo":{"@type":"ImageObject","inLanguage":"fr-FR","@id":"http:\/\/m2ievm.com\/aavelo\/#\/schema\/logo\/image\/","url":"http:\/\/m2ievm.com\/aavelo\/wp-content\/uploads\/2025\/04\/cropped-logo-velostation-3-02.png","contentUrl":"http:\/\/m2ievm.com\/aavelo\/wp-content\/uploads\/2025\/04\/cropped-logo-velostation-3-02.png","width":249,"height":250,"caption":"VELOSTATION PARIS VALLEE DE LA MARNE"},"image":{"@id":"http:\/\/m2ievm.com\/aavelo\/#\/schema\/logo\/image\/"}}]}},"_links":{"self":[{"href":"http:\/\/m2ievm.com\/aavelo\/wp-json\/wp\/v2\/pages\/26","targetHints":{"allow":["GET"]}}],"collection":[{"href":"http:\/\/m2ievm.com\/aavelo\/wp-json\/wp\/v2\/pages"}],"about":[{"href":"http:\/\/m2ievm.com\/aavelo\/wp-json\/wp\/v2\/types\/page"}],"author":[{"embeddable":true,"href":"http:\/\/m2ievm.com\/aavelo\/wp-json\/wp\/v2\/users\/1"}],"replies":[{"embeddable":true,"href":"http:\/\/m2ievm.com\/aavelo\/wp-json\/wp\/v2\/comments?post=26"}],"version-history":[{"count":16,"href":"http:\/\/m2ievm.com\/aavelo\/wp-json\/wp\/v2\/pages\/26\/revisions"}],"predecessor-version":[{"id":1307,"href":"http:\/\/m2ievm.com\/aavelo\/wp-json\/wp\/v2\/pages\/26\/revisions\/1307"}],"wp:attachment":[{"href":"http:\/\/m2ievm.com\/aavelo\/wp-json\/wp\/v2\/media?parent=26"}],"curies":[{"name":"wp","href":"https:\/\/api.w.org\/{rel}","templated":true}]}}