{"id":556,"date":"2019-01-17T16:33:32","date_gmt":"2019-01-17T15:33:32","guid":{"rendered":"http:\/\/m2ievm.com\/aavelo\/?page_id=556"},"modified":"2019-02-25T22:26:05","modified_gmt":"2019-02-25T21:26:05","slug":"marquage-bicycode","status":"publish","type":"page","link":"http:\/\/m2ievm.com\/aavelo\/marquage-bicycode\/","title":{"rendered":"Marquage BICYCODE\u00ae"},"content":{"rendered":"\t\t<div data-elementor-type=\"wp-post\" data-elementor-id=\"556\" class=\"elementor elementor-556 elementor-bc-flex-widget\">\n\t\t\t\t\t\t<section class=\"elementor-section elementor-top-section elementor-element elementor-element-6804ce7 elementor-section-boxed elementor-section-height-default elementor-section-height-default\" data-id=\"6804ce7\" data-element_type=\"section\">\n\t\t\t\t\t\t<div class=\"elementor-container elementor-column-gap-default\">\n\t\t\t\t\t<div class=\"elementor-column elementor-col-50 elementor-top-column elementor-element elementor-element-22e257c\" data-id=\"22e257c\" data-element_type=\"column\">\n\t\t\t<div class=\"elementor-widget-wrap elementor-element-populated\">\n\t\t\t\t\t\t<div class=\"elementor-element elementor-element-fe3f0fc elementor-widget elementor-widget-image\" data-id=\"fe3f0fc\" data-element_type=\"widget\" data-widget_type=\"image.default\">\n\t\t\t\t<div class=\"elementor-widget-container\">\n\t\t\t\t\t\t\t\t\t\t\t\t\t\t\t<img fetchpriority=\"high\" decoding=\"async\" width=\"284\" height=\"178\" src=\"http:\/\/m2ievm.com\/aavelo\/wp-content\/uploads\/2019\/01\/marquebycicode.jpg.png\" class=\"attachment-large size-large wp-image-518\" alt=\"\" sizes=\"100vw\" \/>\t\t\t\t\t\t\t\t\t\t\t\t\t\t\t<\/div>\n\t\t\t\t<\/div>\n\t\t\t\t\t<\/div>\n\t\t<\/div>\n\t\t\t\t<div class=\"elementor-column elementor-col-50 elementor-top-column elementor-element elementor-element-773a5c1\" data-id=\"773a5c1\" data-element_type=\"column\">\n\t\t\t<div class=\"elementor-widget-wrap elementor-element-populated\">\n\t\t\t\t\t\t<div class=\"elementor-element elementor-element-94d9523 elementor-widget elementor-widget-image\" data-id=\"94d9523\" data-element_type=\"widget\" data-widget_type=\"image.default\">\n\t\t\t\t<div class=\"elementor-widget-container\">\n\t\t\t\t\t\t\t\t\t\t\t\t\t\t\t<img decoding=\"async\" width=\"259\" height=\"194\" src=\"http:\/\/m2ievm.com\/aavelo\/wp-content\/uploads\/2019\/01\/marquage.jpg\" class=\"attachment-large size-large wp-image-519\" alt=\"\" sizes=\"100vw\" \/>\t\t\t\t\t\t\t\t\t\t\t\t\t\t\t<\/div>\n\t\t\t\t<\/div>\n\t\t\t\t\t<\/div>\n\t\t<\/div>\n\t\t\t\t\t<\/div>\n\t\t<\/section>\n\t\t\t\t<section class=\"elementor-section elementor-top-section elementor-element elementor-element-d07a846 elementor-section-boxed elementor-section-height-default elementor-section-height-default\" data-id=\"d07a846\" data-element_type=\"section\">\n\t\t\t\t\t\t<div class=\"elementor-container elementor-column-gap-default\">\n\t\t\t\t\t<div class=\"elementor-column elementor-col-100 elementor-top-column elementor-element elementor-element-2f5fe7f\" data-id=\"2f5fe7f\" data-element_type=\"column\">\n\t\t\t<div class=\"elementor-widget-wrap elementor-element-populated\">\n\t\t\t\t\t\t<div class=\"elementor-element elementor-element-f33a621 elementor-widget elementor-widget-text-editor\" data-id=\"f33a621\" data-element_type=\"widget\" data-widget_type=\"text-editor.default\">\n\t\t\t\t<div class=\"elementor-widget-container\">\n\t\t\t\t\t\t\t\t\t<p>Le marquage BICYCODE\u00ae\u00a0consiste\u00a0 \u00e0\u00a0graver sur le cadre des v\u00e9los\u00a0un\u00a0num\u00e9ro\u00a0unique et standardis\u00e9,r\u00e9f\u00e9renc\u00e9 dans un\u00a0fichier national\u00a0accessible en ligne :\u00a0www.bicycode.org\u00a0.\u00a0<\/p><p>L\u2019objectif\u00a0du dispositif est de permettre\u00a0la restitution\u00a0des v\u00e9los vol\u00e9s \u00e0 leurs propri\u00e9taires par\u00a0les services de police \/ gendarmerie, et de\u00a0lutter contre le recel et la revente illicite<\/p>\t\t\t\t\t\t\t\t<\/div>\n\t\t\t\t<\/div>\n\t\t\t\t\t<\/div>\n\t\t<\/div>\n\t\t\t\t\t<\/div>\n\t\t<\/section>\n\t\t\t\t<\/div>\n\t\t","protected":false},"excerpt":{"rendered":"<p>Le marquage BICYCODE\u00ae&nbsp;consiste&nbsp; \u00e0&nbsp;graver sur le cadre des v\u00e9los&nbsp;un&nbsp;num\u00e9ro&nbsp;unique et standardis\u00e9,r\u00e9f\u00e9renc\u00e9 dans un&nbsp;fichier national&nbsp;accessible en ligne :&nbsp;www.bicycode.org&nbsp;.&nbsp; L\u2019objectif&nbsp;du dispositif est de permettre&nbsp;la restitution&nbsp;des v\u00e9los vol\u00e9s \u00e0 leurs propri\u00e9taires par&nbsp;les services de police \/ gendarmerie, et de&nbsp;lutter contre le recel et la revente illicite<\/p>\n","protected":false},"author":1,"featured_media":0,"parent":0,"menu_order":0,"comment_status":"closed","ping_status":"closed","template":"","meta":{"_vp_format_video_url":"","_vp_image_focal_point":[],"footnotes":""},"class_list":["post-556","page","type-page","status-publish","hentry"],"yoast_head":"<!-- This site is optimized with the Yoast SEO plugin v25.0 - https:\/\/yoast.com\/wordpress\/plugins\/seo\/ -->\n<title>Marquage BICYCODE\u00ae - VELOSTATION PARIS VALLEE DE LA MARNE<\/title>\n<meta name=\"description\" content=\"Faites immatriculer votre v\u00e9lo afin de pr\u00e9venir le vol ou de permettre de le retrouver rapidement si celui-ci a pu \u00eatre d\u00e9rob\u00e9\" \/>\n<meta name=\"robots\" content=\"index, follow, max-snippet:-1, max-image-preview:large, max-video-preview:-1\" \/>\n<link rel=\"canonical\" href=\"https:\/\/m2ievm.com\/aavelo\/marquage-bicycode\/\" \/>\n<meta property=\"og:locale\" content=\"fr_FR\" \/>\n<meta property=\"og:type\" content=\"article\" \/>\n<meta property=\"og:title\" content=\"Marquage BICYCODE\u00ae - VELOSTATION PARIS VALLEE DE LA MARNE\" \/>\n<meta property=\"og:description\" content=\"Faites immatriculer votre v\u00e9lo afin de pr\u00e9venir le vol ou de permettre de le retrouver rapidement si celui-ci a pu \u00eatre d\u00e9rob\u00e9\" \/>\n<meta property=\"og:url\" content=\"https:\/\/m2ievm.com\/aavelo\/marquage-bicycode\/\" \/>\n<meta property=\"og:site_name\" content=\"VELOSTATION PARIS VALLEE DE LA MARNE\" \/>\n<meta property=\"article:modified_time\" content=\"2019-02-25T21:26:05+00:00\" \/>\n<meta property=\"og:image\" content=\"http:\/\/m2ievm.com\/aavelo\/wp-content\/uploads\/2019\/01\/marquebycicode.jpg.png\" \/>\n<meta name=\"twitter:card\" content=\"summary_large_image\" \/>\n<script type=\"application\/ld+json\" class=\"yoast-schema-graph\">{\"@context\":\"https:\/\/schema.org\",\"@graph\":[{\"@type\":\"WebPage\",\"@id\":\"https:\/\/m2ievm.com\/aavelo\/marquage-bicycode\/\",\"url\":\"https:\/\/m2ievm.com\/aavelo\/marquage-bicycode\/\",\"name\":\"Marquage BICYCODE\u00ae - VELOSTATION PARIS VALLEE DE LA MARNE\",\"isPartOf\":{\"@id\":\"http:\/\/m2ievm.com\/aavelo\/#website\"},\"primaryImageOfPage\":{\"@id\":\"https:\/\/m2ievm.com\/aavelo\/marquage-bicycode\/#primaryimage\"},\"image\":{\"@id\":\"https:\/\/m2ievm.com\/aavelo\/marquage-bicycode\/#primaryimage\"},\"thumbnailUrl\":\"http:\/\/m2ievm.com\/aavelo\/wp-content\/uploads\/2019\/01\/marquebycicode.jpg.png\",\"datePublished\":\"2019-01-17T15:33:32+00:00\",\"dateModified\":\"2019-02-25T21:26:05+00:00\",\"description\":\"Faites immatriculer votre v\u00e9lo afin de pr\u00e9venir le vol ou de permettre de le retrouver rapidement si celui-ci a pu \u00eatre d\u00e9rob\u00e9\",\"breadcrumb\":{\"@id\":\"https:\/\/m2ievm.com\/aavelo\/marquage-bicycode\/#breadcrumb\"},\"inLanguage\":\"fr-FR\",\"potentialAction\":[{\"@type\":\"ReadAction\",\"target\":[\"https:\/\/m2ievm.com\/aavelo\/marquage-bicycode\/\"]}]},{\"@type\":\"ImageObject\",\"inLanguage\":\"fr-FR\",\"@id\":\"https:\/\/m2ievm.com\/aavelo\/marquage-bicycode\/#primaryimage\",\"url\":\"http:\/\/m2ievm.com\/aavelo\/wp-content\/uploads\/2019\/01\/marquebycicode.jpg.png\",\"contentUrl\":\"http:\/\/m2ievm.com\/aavelo\/wp-content\/uploads\/2019\/01\/marquebycicode.jpg.png\",\"width\":284,\"height\":178},{\"@type\":\"BreadcrumbList\",\"@id\":\"https:\/\/m2ievm.com\/aavelo\/marquage-bicycode\/#breadcrumb\",\"itemListElement\":[{\"@type\":\"ListItem\",\"position\":1,\"name\":\"Accueil\",\"item\":\"http:\/\/m2ievm.com\/aavelo\/\"},{\"@type\":\"ListItem\",\"position\":2,\"name\":\"Marquage BICYCODE\u00ae\"}]},{\"@type\":\"WebSite\",\"@id\":\"http:\/\/m2ievm.com\/aavelo\/#website\",\"url\":\"http:\/\/m2ievm.com\/aavelo\/\",\"name\":\"VELOSTATION PARIS VALLEE DE LA MARNE\",\"description\":\"un nouveau regard sur l&#039; Eco-mobilit\u00e9\",\"publisher\":{\"@id\":\"http:\/\/m2ievm.com\/aavelo\/#organization\"},\"potentialAction\":[{\"@type\":\"SearchAction\",\"target\":{\"@type\":\"EntryPoint\",\"urlTemplate\":\"http:\/\/m2ievm.com\/aavelo\/?s={search_term_string}\"},\"query-input\":{\"@type\":\"PropertyValueSpecification\",\"valueRequired\":true,\"valueName\":\"search_term_string\"}}],\"inLanguage\":\"fr-FR\"},{\"@type\":\"Organization\",\"@id\":\"http:\/\/m2ievm.com\/aavelo\/#organization\",\"name\":\"VELOSTATION PARIS VALLEE DE LA MARNE\",\"url\":\"http:\/\/m2ievm.com\/aavelo\/\",\"logo\":{\"@type\":\"ImageObject\",\"inLanguage\":\"fr-FR\",\"@id\":\"http:\/\/m2ievm.com\/aavelo\/#\/schema\/logo\/image\/\",\"url\":\"http:\/\/m2ievm.com\/aavelo\/wp-content\/uploads\/2025\/04\/cropped-logo-velostation-3-02.png\",\"contentUrl\":\"http:\/\/m2ievm.com\/aavelo\/wp-content\/uploads\/2025\/04\/cropped-logo-velostation-3-02.png\",\"width\":249,\"height\":250,\"caption\":\"VELOSTATION PARIS VALLEE DE LA MARNE\"},\"image\":{\"@id\":\"http:\/\/m2ievm.com\/aavelo\/#\/schema\/logo\/image\/\"}}]}<\/script>\n<!-- \/ Yoast SEO plugin. -->","yoast_head_json":{"title":"Marquage BICYCODE\u00ae - VELOSTATION PARIS VALLEE DE LA MARNE","description":"Faites immatriculer votre v\u00e9lo afin de pr\u00e9venir le vol ou de permettre de le retrouver rapidement si celui-ci a pu \u00eatre d\u00e9rob\u00e9","robots":{"index":"index","follow":"follow","max-snippet":"max-snippet:-1","max-image-preview":"max-image-preview:large","max-video-preview":"max-video-preview:-1"},"canonical":"https:\/\/m2ievm.com\/aavelo\/marquage-bicycode\/","og_locale":"fr_FR","og_type":"article","og_title":"Marquage BICYCODE\u00ae - VELOSTATION PARIS VALLEE DE LA MARNE","og_description":"Faites immatriculer votre v\u00e9lo afin de pr\u00e9venir le vol ou de permettre de le retrouver rapidement si celui-ci a pu \u00eatre d\u00e9rob\u00e9","og_url":"https:\/\/m2ievm.com\/aavelo\/marquage-bicycode\/","og_site_name":"VELOSTATION PARIS VALLEE DE LA MARNE","article_modified_time":"2019-02-25T21:26:05+00:00","og_image":[{"url":"http:\/\/m2ievm.com\/aavelo\/wp-content\/uploads\/2019\/01\/marquebycicode.jpg.png","type":"","width":"","height":""}],"twitter_card":"summary_large_image","schema":{"@context":"https:\/\/schema.org","@graph":[{"@type":"WebPage","@id":"https:\/\/m2ievm.com\/aavelo\/marquage-bicycode\/","url":"https:\/\/m2ievm.com\/aavelo\/marquage-bicycode\/","name":"Marquage BICYCODE\u00ae - VELOSTATION PARIS VALLEE DE LA MARNE","isPartOf":{"@id":"http:\/\/m2ievm.com\/aavelo\/#website"},"primaryImageOfPage":{"@id":"https:\/\/m2ievm.com\/aavelo\/marquage-bicycode\/#primaryimage"},"image":{"@id":"https:\/\/m2ievm.com\/aavelo\/marquage-bicycode\/#primaryimage"},"thumbnailUrl":"http:\/\/m2ievm.com\/aavelo\/wp-content\/uploads\/2019\/01\/marquebycicode.jpg.png","datePublished":"2019-01-17T15:33:32+00:00","dateModified":"2019-02-25T21:26:05+00:00","description":"Faites immatriculer votre v\u00e9lo afin de pr\u00e9venir le vol ou de permettre de le retrouver rapidement si celui-ci a pu \u00eatre d\u00e9rob\u00e9","breadcrumb":{"@id":"https:\/\/m2ievm.com\/aavelo\/marquage-bicycode\/#breadcrumb"},"inLanguage":"fr-FR","potentialAction":[{"@type":"ReadAction","target":["https:\/\/m2ievm.com\/aavelo\/marquage-bicycode\/"]}]},{"@type":"ImageObject","inLanguage":"fr-FR","@id":"https:\/\/m2ievm.com\/aavelo\/marquage-bicycode\/#primaryimage","url":"http:\/\/m2ievm.com\/aavelo\/wp-content\/uploads\/2019\/01\/marquebycicode.jpg.png","contentUrl":"http:\/\/m2ievm.com\/aavelo\/wp-content\/uploads\/2019\/01\/marquebycicode.jpg.png","width":284,"height":178},{"@type":"BreadcrumbList","@id":"https:\/\/m2ievm.com\/aavelo\/marquage-bicycode\/#breadcrumb","itemListElement":[{"@type":"ListItem","position":1,"name":"Accueil","item":"http:\/\/m2ievm.com\/aavelo\/"},{"@type":"ListItem","position":2,"name":"Marquage BICYCODE\u00ae"}]},{"@type":"WebSite","@id":"http:\/\/m2ievm.com\/aavelo\/#website","url":"http:\/\/m2ievm.com\/aavelo\/","name":"VELOSTATION PARIS VALLEE DE LA MARNE","description":"un nouveau regard sur l&#039; Eco-mobilit\u00e9","publisher":{"@id":"http:\/\/m2ievm.com\/aavelo\/#organization"},"potentialAction":[{"@type":"SearchAction","target":{"@type":"EntryPoint","urlTemplate":"http:\/\/m2ievm.com\/aavelo\/?s={search_term_string}"},"query-input":{"@type":"PropertyValueSpecification","valueRequired":true,"valueName":"search_term_string"}}],"inLanguage":"fr-FR"},{"@type":"Organization","@id":"http:\/\/m2ievm.com\/aavelo\/#organization","name":"VELOSTATION PARIS VALLEE DE LA MARNE","url":"http:\/\/m2ievm.com\/aavelo\/","logo":{"@type":"ImageObject","inLanguage":"fr-FR","@id":"http:\/\/m2ievm.com\/aavelo\/#\/schema\/logo\/image\/","url":"http:\/\/m2ievm.com\/aavelo\/wp-content\/uploads\/2025\/04\/cropped-logo-velostation-3-02.png","contentUrl":"http:\/\/m2ievm.com\/aavelo\/wp-content\/uploads\/2025\/04\/cropped-logo-velostation-3-02.png","width":249,"height":250,"caption":"VELOSTATION PARIS VALLEE DE LA MARNE"},"image":{"@id":"http:\/\/m2ievm.com\/aavelo\/#\/schema\/logo\/image\/"}}]}},"_links":{"self":[{"href":"http:\/\/m2ievm.com\/aavelo\/wp-json\/wp\/v2\/pages\/556","targetHints":{"allow":["GET"]}}],"collection":[{"href":"http:\/\/m2ievm.com\/aavelo\/wp-json\/wp\/v2\/pages"}],"about":[{"href":"http:\/\/m2ievm.com\/aavelo\/wp-json\/wp\/v2\/types\/page"}],"author":[{"embeddable":true,"href":"http:\/\/m2ievm.com\/aavelo\/wp-json\/wp\/v2\/users\/1"}],"replies":[{"embeddable":true,"href":"http:\/\/m2ievm.com\/aavelo\/wp-json\/wp\/v2\/comments?post=556"}],"version-history":[{"count":5,"href":"http:\/\/m2ievm.com\/aavelo\/wp-json\/wp\/v2\/pages\/556\/revisions"}],"predecessor-version":[{"id":748,"href":"http:\/\/m2ievm.com\/aavelo\/wp-json\/wp\/v2\/pages\/556\/revisions\/748"}],"wp:attachment":[{"href":"http:\/\/m2ievm.com\/aavelo\/wp-json\/wp\/v2\/media?parent=556"}],"curies":[{"name":"wp","href":"https:\/\/api.w.org\/{rel}","templated":true}]}}