{"id":13,"date":"2018-12-03T16:36:42","date_gmt":"2018-12-03T15:36:42","guid":{"rendered":"http:\/\/m2ievm.com\/aavelo\/?page_id=13"},"modified":"2021-10-29T16:54:33","modified_gmt":"2021-10-29T14:54:33","slug":"nos-services","status":"publish","type":"page","link":"https:\/\/m2ievm.com\/aavelo\/nos-services\/","title":{"rendered":"Nos services"},"content":{"rendered":"\t\t<div data-elementor-type=\"wp-post\" data-elementor-id=\"13\" class=\"elementor elementor-13\">\n\t\t\t\t\t\t<section class=\"elementor-section elementor-top-section elementor-element elementor-element-f9faf60 elementor-section-boxed elementor-section-height-default elementor-section-height-default\" data-id=\"f9faf60\" data-element_type=\"section\">\n\t\t\t\t\t\t<div class=\"elementor-container elementor-column-gap-default\">\n\t\t\t\t\t<div class=\"elementor-column elementor-col-50 elementor-top-column elementor-element elementor-element-5cfbad0\" data-id=\"5cfbad0\" data-element_type=\"column\">\n\t\t\t<div class=\"elementor-widget-wrap elementor-element-populated\">\n\t\t\t\t\t\t<div class=\"elementor-element elementor-element-e77e3b7 elementor-position-top elementor-widget elementor-widget-image-box\" data-id=\"e77e3b7\" data-element_type=\"widget\" data-widget_type=\"image-box.default\">\n\t\t\t\t<div class=\"elementor-widget-container\">\n\t\t\t\t\t<div class=\"elementor-image-box-wrapper\"><figure class=\"elementor-image-box-img\"><a href=\"http:\/\/m2ievm.com\/aavelo\/velo-ecole\/\" tabindex=\"-1\"><img fetchpriority=\"high\" decoding=\"async\" width=\"525\" height=\"445\" src=\"https:\/\/m2ievm.com\/aavelo\/wp-content\/uploads\/2018\/12\/velo-style.jpg\" class=\"attachment-medium_large size-medium_large wp-image-243\" alt=\"\" srcset=\"https:\/\/m2ievm.com\/aavelo\/wp-content\/uploads\/2018\/12\/velo-style.jpg 600w, https:\/\/m2ievm.com\/aavelo\/wp-content\/uploads\/2018\/12\/velo-style-300x254.jpg 300w\" sizes=\"(max-width: 525px) 100vw, 525px\" \/><\/a><\/figure><div class=\"elementor-image-box-content\"><h3 class=\"elementor-image-box-title\"><a href=\"http:\/\/m2ievm.com\/aavelo\/velo-ecole\/\">V\u00e9lo-Ecole<\/a><\/h3><\/div><\/div>\t\t\t\t<\/div>\n\t\t\t\t<\/div>\n\t\t\t\t\t<\/div>\n\t\t<\/div>\n\t\t\t\t<div class=\"elementor-column elementor-col-50 elementor-top-column elementor-element elementor-element-a7ebedf\" data-id=\"a7ebedf\" data-element_type=\"column\">\n\t\t\t<div class=\"elementor-widget-wrap elementor-element-populated\">\n\t\t\t\t\t\t<div class=\"elementor-element elementor-element-cb1fda5 elementor-position-top elementor-widget elementor-widget-image-box\" data-id=\"cb1fda5\" data-element_type=\"widget\" data-widget_type=\"image-box.default\">\n\t\t\t\t<div class=\"elementor-widget-container\">\n\t\t\t\t\t<div class=\"elementor-image-box-wrapper\"><figure class=\"elementor-image-box-img\"><a href=\"http:\/\/m2ievm.com\/aavelo\/ateliers-dautoreparation\/\" tabindex=\"-1\"><img decoding=\"async\" src=\"https:\/\/m2ievm.com\/aavelo\/wp-content\/uploads\/2019\/01\/IMG_7816.jpg\" title=\"IMG_7816\" alt=\"IMG_7816\" loading=\"lazy\" \/><\/a><\/figure><div class=\"elementor-image-box-content\"><h3 class=\"elementor-image-box-title\"><a href=\"http:\/\/m2ievm.com\/aavelo\/ateliers-dautoreparation\/\">Ateliers d'autor\u00e9paration<\/a><\/h3><\/div><\/div>\t\t\t\t<\/div>\n\t\t\t\t<\/div>\n\t\t\t\t\t<\/div>\n\t\t<\/div>\n\t\t\t\t\t<\/div>\n\t\t<\/section>\n\t\t\t\t<section class=\"elementor-section elementor-top-section elementor-element elementor-element-aca41e0 elementor-section-boxed elementor-section-height-default elementor-section-height-default\" data-id=\"aca41e0\" data-element_type=\"section\">\n\t\t\t\t\t\t<div class=\"elementor-container elementor-column-gap-default\">\n\t\t\t\t\t<div class=\"elementor-column elementor-col-50 elementor-top-column elementor-element elementor-element-ab4da6b\" data-id=\"ab4da6b\" data-element_type=\"column\">\n\t\t\t<div class=\"elementor-widget-wrap elementor-element-populated\">\n\t\t\t\t\t\t<div class=\"elementor-element elementor-element-72d909b elementor-position-top elementor-widget elementor-widget-image-box\" data-id=\"72d909b\" data-element_type=\"widget\" data-widget_type=\"image-box.default\">\n\t\t\t\t<div class=\"elementor-widget-container\">\n\t\t\t\t\t<div class=\"elementor-image-box-wrapper\"><figure class=\"elementor-image-box-img\"><a href=\"http:\/\/m2ievm.com\/aavelo\/vente-et-location\/\" tabindex=\"-1\"><img decoding=\"async\" src=\"https:\/\/m2ievm.com\/aavelo\/wp-content\/uploads\/2019\/01\/VELO-CROSS-VENTE-5-ENFANT-1.jpg\" title=\"VELO CROSS VENTE 5 ENFANT\" alt=\"VELO CROSS VENTE 5 ENFANT\" loading=\"lazy\" \/><\/a><\/figure><div class=\"elementor-image-box-content\"><h3 class=\"elementor-image-box-title\"><a href=\"http:\/\/m2ievm.com\/aavelo\/vente-et-location\/\">Vente<\/a><\/h3><\/div><\/div>\t\t\t\t<\/div>\n\t\t\t\t<\/div>\n\t\t\t\t\t<\/div>\n\t\t<\/div>\n\t\t\t\t<div class=\"elementor-column elementor-col-50 elementor-top-column elementor-element elementor-element-0531f86\" data-id=\"0531f86\" data-element_type=\"column\">\n\t\t\t<div class=\"elementor-widget-wrap elementor-element-populated\">\n\t\t\t\t\t\t<div class=\"elementor-element elementor-element-d571e97 elementor-position-top elementor-widget elementor-widget-image-box\" data-id=\"d571e97\" data-element_type=\"widget\" data-widget_type=\"image-box.default\">\n\t\t\t\t<div class=\"elementor-widget-container\">\n\t\t\t\t\t<div class=\"elementor-image-box-wrapper\"><figure class=\"elementor-image-box-img\"><a href=\"http:\/\/m2ievm.com\/aavelo\/location\/\" tabindex=\"-1\"><img decoding=\"async\" src=\"https:\/\/m2ievm.com\/aavelo\/wp-content\/uploads\/2019\/01\/VTC-LOCATION-ADULTE-1.jpg\" title=\"VTC LOCATION ADULTE\" alt=\"VTC LOCATION ADULTE\" loading=\"lazy\" \/><\/a><\/figure><div class=\"elementor-image-box-content\"><h3 class=\"elementor-image-box-title\"><a href=\"http:\/\/m2ievm.com\/aavelo\/location\/\">Location<\/a><\/h3><p class=\"elementor-image-box-description\">\n<\/p><\/div><\/div>\t\t\t\t<\/div>\n\t\t\t\t<\/div>\n\t\t\t\t\t<\/div>\n\t\t<\/div>\n\t\t\t\t\t<\/div>\n\t\t<\/section>\n\t\t\t\t<section class=\"elementor-section elementor-top-section elementor-element elementor-element-18d48b9 elementor-section-boxed elementor-section-height-default elementor-section-height-default\" data-id=\"18d48b9\" data-element_type=\"section\">\n\t\t\t\t\t\t<div class=\"elementor-container elementor-column-gap-default\">\n\t\t\t\t\t<div class=\"elementor-column elementor-col-50 elementor-top-column elementor-element elementor-element-c0c6b55\" data-id=\"c0c6b55\" data-element_type=\"column\">\n\t\t\t<div class=\"elementor-widget-wrap elementor-element-populated\">\n\t\t\t\t\t\t<div class=\"elementor-element elementor-element-0408501 elementor-position-top elementor-widget elementor-widget-image-box\" data-id=\"0408501\" data-element_type=\"widget\" data-widget_type=\"image-box.default\">\n\t\t\t\t<div class=\"elementor-widget-container\">\n\t\t\t\t\t<div class=\"elementor-image-box-wrapper\"><figure class=\"elementor-image-box-img\"><a href=\"http:\/\/m2ievm.com\/aavelo\/reparation\/\" tabindex=\"-1\"><img decoding=\"async\" src=\"https:\/\/m2ievm.com\/aavelo\/wp-content\/uploads\/2018\/12\/Velimobile-14-1.jpg\" title=\"Velimobile 14\" alt=\"Velimobile 14\" loading=\"lazy\" \/><\/a><\/figure><div class=\"elementor-image-box-content\"><h3 class=\"elementor-image-box-title\"><a href=\"http:\/\/m2ievm.com\/aavelo\/reparation\/\">R\u00e9paration<\/a><\/h3><p class=\"elementor-image-box-description\">\n<\/p><\/div><\/div>\t\t\t\t<\/div>\n\t\t\t\t<\/div>\n\t\t\t\t\t<\/div>\n\t\t<\/div>\n\t\t\t\t<div class=\"elementor-column elementor-col-50 elementor-top-column elementor-element elementor-element-13fe716\" data-id=\"13fe716\" data-element_type=\"column\">\n\t\t\t<div class=\"elementor-widget-wrap elementor-element-populated\">\n\t\t\t\t\t\t<div class=\"elementor-element elementor-element-8b3ac2d elementor-position-top elementor-widget elementor-widget-image-box\" data-id=\"8b3ac2d\" data-element_type=\"widget\" data-widget_type=\"image-box.default\">\n\t\t\t\t<div class=\"elementor-widget-container\">\n\t\t\t\t\t<div class=\"elementor-image-box-wrapper\"><figure class=\"elementor-image-box-img\"><a href=\"http:\/\/m2ievm.com\/aavelo\/marquage-bicycode\/\" tabindex=\"-1\"><img decoding=\"async\" src=\"https:\/\/m2ievm.com\/aavelo\/wp-content\/uploads\/2019\/01\/marquebycicode.jpg.png\" title=\"marquebycicode.jpg\" alt=\"marquebycicode.jpg\" loading=\"lazy\" \/><\/a><\/figure><div class=\"elementor-image-box-content\"><h3 class=\"elementor-image-box-title\"><a href=\"http:\/\/m2ievm.com\/aavelo\/marquage-bicycode\/\">Marquage BICYCODE\u00ae <\/a><\/h3><\/div><\/div>\t\t\t\t<\/div>\n\t\t\t\t<\/div>\n\t\t\t\t\t<\/div>\n\t\t<\/div>\n\t\t\t\t\t<\/div>\n\t\t<\/section>\n\t\t\t\t<section class=\"elementor-section elementor-top-section elementor-element elementor-element-5a37775 elementor-section-boxed elementor-section-height-default elementor-section-height-default\" data-id=\"5a37775\" data-element_type=\"section\">\n\t\t\t\t\t\t<div class=\"elementor-container elementor-column-gap-default\">\n\t\t\t\t\t<div class=\"elementor-column elementor-col-50 elementor-top-column elementor-element elementor-element-a1099f6\" data-id=\"a1099f6\" data-element_type=\"column\">\n\t\t\t<div class=\"elementor-widget-wrap elementor-element-populated\">\n\t\t\t\t\t\t<div class=\"elementor-element elementor-element-dfae95a elementor-position-top elementor-widget elementor-widget-image-box\" data-id=\"dfae95a\" data-element_type=\"widget\" data-widget_type=\"image-box.default\">\n\t\t\t\t<div class=\"elementor-widget-container\">\n\t\t\t\t\t<div class=\"elementor-image-box-wrapper\"><figure class=\"elementor-image-box-img\"><a href=\"http:\/\/m2ievm.com\/aavelo\/batterie-electrique\/\" tabindex=\"-1\"><img decoding=\"async\" src=\"https:\/\/m2ievm.com\/aavelo\/wp-content\/uploads\/2019\/01\/batter.jpg\" title=\"batter\" alt=\"batter\" loading=\"lazy\" \/><\/a><\/figure><div class=\"elementor-image-box-content\"><h3 class=\"elementor-image-box-title\"><a href=\"http:\/\/m2ievm.com\/aavelo\/batterie-electrique\/\">Batteries \u00e9lectriques<\/a><\/h3><p class=\"elementor-image-box-description\">\n<\/p><\/div><\/div>\t\t\t\t<\/div>\n\t\t\t\t<\/div>\n\t\t\t\t\t<\/div>\n\t\t<\/div>\n\t\t\t\t<div class=\"elementor-column elementor-col-50 elementor-top-column elementor-element elementor-element-53de159\" data-id=\"53de159\" data-element_type=\"column\">\n\t\t\t<div class=\"elementor-widget-wrap elementor-element-populated\">\n\t\t\t\t\t\t<div class=\"elementor-element elementor-element-33a1a6f elementor-position-top elementor-widget elementor-widget-image-box\" data-id=\"33a1a6f\" data-element_type=\"widget\" data-widget_type=\"image-box.default\">\n\t\t\t\t<div class=\"elementor-widget-container\">\n\t\t\t\t\t<div class=\"elementor-image-box-wrapper\"><figure class=\"elementor-image-box-img\"><a href=\"http:\/\/m2ievm.com\/aavelo\/intervention-sur-le-site\/\" tabindex=\"-1\"><img decoding=\"async\" src=\"https:\/\/m2ievm.com\/aavelo\/wp-content\/uploads\/2019\/01\/Velimobile-6-3.jpg\" title=\"Velimobile 6\" alt=\"Velimobile 6\" loading=\"lazy\" \/><\/a><\/figure><div class=\"elementor-image-box-content\"><h3 class=\"elementor-image-box-title\"><a href=\"http:\/\/m2ievm.com\/aavelo\/intervention-sur-le-site\/\">Intervention sur site<\/a><\/h3><p class=\"elementor-image-box-description\">\n<\/p><\/div><\/div>\t\t\t\t<\/div>\n\t\t\t\t<\/div>\n\t\t\t\t\t<\/div>\n\t\t<\/div>\n\t\t\t\t\t<\/div>\n\t\t<\/section>\n\t\t\t\t<section class=\"elementor-section elementor-top-section elementor-element elementor-element-f201430 elementor-section-boxed elementor-section-height-default elementor-section-height-default\" data-id=\"f201430\" data-element_type=\"section\">\n\t\t\t\t\t\t<div class=\"elementor-container elementor-column-gap-default\">\n\t\t\t\t\t<div class=\"elementor-column elementor-col-100 elementor-top-column elementor-element elementor-element-bac289f\" data-id=\"bac289f\" data-element_type=\"column\">\n\t\t\t<div class=\"elementor-widget-wrap elementor-element-populated\">\n\t\t\t\t\t\t<div class=\"elementor-element elementor-element-30ba44f elementor-widget elementor-widget-testimonial\" data-id=\"30ba44f\" data-element_type=\"widget\" data-widget_type=\"testimonial.default\">\n\t\t\t\t<div class=\"elementor-widget-container\">\n\t\t\t\t\t\t\t<div class=\"elementor-testimonial-wrapper\">\n\t\t\t\t\t\t\t<div class=\"elementor-testimonial-content\">Les tarifs de la saison 2021-2022 toujours encore plus solidaires!<\/div>\n\t\t\t\n\t\t\t\t\t\t<div class=\"elementor-testimonial-meta elementor-has-image elementor-testimonial-image-position-aside\">\n\t\t\t\t<div class=\"elementor-testimonial-meta-inner\">\n\t\t\t\t\t\t\t\t\t\t\t<div class=\"elementor-testimonial-image\">\n\t\t\t\t\t\t\t<img decoding=\"async\" width=\"403\" height=\"386\" src=\"https:\/\/m2ievm.com\/aavelo\/wp-content\/uploads\/2020\/11\/bravo.jpg\" class=\"attachment-full size-full wp-image-1058\" alt=\"\" srcset=\"https:\/\/m2ievm.com\/aavelo\/wp-content\/uploads\/2020\/11\/bravo.jpg 403w, https:\/\/m2ievm.com\/aavelo\/wp-content\/uploads\/2020\/11\/bravo-300x287.jpg 300w\" sizes=\"(max-width: 403px) 100vw, 403px\" \/>\t\t\t\t\t\t<\/div>\n\t\t\t\t\t\n\t\t\t\t\t\t\t\t\t\t<div class=\"elementor-testimonial-details\">\n\t\t\t\t\t\t\t\t\t\t\t\t\t\t<div class=\"elementor-testimonial-name\">la m2ie<\/div>\n\t\t\t\t\t\t\t\t\t\t\t\t\t\t\t\t\t\t\t<\/div>\n\t\t\t\t\t\t\t\t\t<\/div>\n\t\t\t<\/div>\n\t\t\t\t\t<\/div>\n\t\t\t\t\t\t<\/div>\n\t\t\t\t<\/div>\n\t\t\t\t\t<\/div>\n\t\t<\/div>\n\t\t\t\t\t<\/div>\n\t\t<\/section>\n\t\t\t\t<section class=\"elementor-section elementor-top-section elementor-element elementor-element-1c61c48 elementor-section-boxed elementor-section-height-default elementor-section-height-default\" data-id=\"1c61c48\" data-element_type=\"section\">\n\t\t\t\t\t\t<div class=\"elementor-container elementor-column-gap-default\">\n\t\t\t\t\t<div class=\"elementor-column elementor-col-100 elementor-top-column elementor-element elementor-element-db89261\" data-id=\"db89261\" data-element_type=\"column\">\n\t\t\t<div class=\"elementor-widget-wrap elementor-element-populated\">\n\t\t\t\t\t\t<div class=\"elementor-element elementor-element-3a75fdf elementor-widget elementor-widget-text-editor\" data-id=\"3a75fdf\" data-element_type=\"widget\" data-widget_type=\"text-editor.default\">\n\t\t\t\t<div class=\"elementor-widget-container\">\n\t\t\t\t\t\t\t\t\t<p style=\"text-align: center;\"><a href=\"http:\/\/m2ievm.com\/aavelo\/showroom\/\">http:\/\/m2ievm.com\/aavelo\/showroom\/<\/a><\/p>\t\t\t\t\t\t\t\t<\/div>\n\t\t\t\t<\/div>\n\t\t\t\t\t<\/div>\n\t\t<\/div>\n\t\t\t\t\t<\/div>\n\t\t<\/section>\n\t\t\t\t<\/div>\n\t\t","protected":false},"excerpt":{"rendered":"<p>V\u00e9lo-Ecole Ateliers d&rsquo;autor\u00e9paration Vente Location R\u00e9paration Marquage BICYCODE\u00ae Batteries \u00e9lectriques Intervention sur site Les tarifs de la saison 2021-2022 toujours encore plus solidaires! la m2ie http:\/\/m2ievm.com\/aavelo\/showroom\/<\/p>\n","protected":false},"author":1,"featured_media":0,"parent":0,"menu_order":0,"comment_status":"closed","ping_status":"closed","template":"","meta":{"_vp_format_video_url":"","_vp_image_focal_point":[],"footnotes":""},"class_list":["post-13","page","type-page","status-publish","hentry"],"yoast_head":"<!-- This site is optimized with the Yoast SEO plugin v25.0 - https:\/\/yoast.com\/wordpress\/plugins\/seo\/ -->\n<title>R\u00e9paration-Vente-Location de v\u00e9los<\/title>\n<meta name=\"description\" content=\"La VELOSTATION-PVM r\u00e9pare vos VTT, VTC, v\u00e9los de ville \u00e0 partir de 4euros.D\u00e9couvrez nos services de diagnostic de batteries \u00e9lectriques \u00e9galement\" \/>\n<meta name=\"robots\" content=\"index, follow, max-snippet:-1, max-image-preview:large, max-video-preview:-1\" \/>\n<link rel=\"canonical\" href=\"https:\/\/m2ievm.com\/aavelo\/nos-services\/\" \/>\n<meta property=\"og:locale\" content=\"fr_FR\" \/>\n<meta property=\"og:type\" content=\"article\" \/>\n<meta property=\"og:title\" content=\"R\u00e9paration-Vente-Location de v\u00e9los\" \/>\n<meta property=\"og:description\" content=\"La VELOSTATION-PVM r\u00e9pare vos VTT, VTC, v\u00e9los de ville \u00e0 partir de 4euros.D\u00e9couvrez nos services de diagnostic de batteries \u00e9lectriques \u00e9galement\" \/>\n<meta property=\"og:url\" content=\"https:\/\/m2ievm.com\/aavelo\/nos-services\/\" \/>\n<meta property=\"og:site_name\" content=\"VELOSTATION PARIS VALLEE DE LA MARNE\" \/>\n<meta property=\"article:modified_time\" content=\"2021-10-29T14:54:33+00:00\" \/>\n<meta property=\"og:image\" content=\"http:\/\/m2ievm.com\/aavelo\/wp-content\/uploads\/2018\/12\/velo-style.jpg\" \/>\n<meta name=\"twitter:card\" content=\"summary_large_image\" \/>\n<meta name=\"twitter:label1\" content=\"Dur\u00e9e de lecture estim\u00e9e\" \/>\n\t<meta name=\"twitter:data1\" content=\"2 minutes\" \/>\n<script type=\"application\/ld+json\" class=\"yoast-schema-graph\">{\"@context\":\"https:\/\/schema.org\",\"@graph\":[{\"@type\":\"WebPage\",\"@id\":\"https:\/\/m2ievm.com\/aavelo\/nos-services\/\",\"url\":\"https:\/\/m2ievm.com\/aavelo\/nos-services\/\",\"name\":\"R\u00e9paration-Vente-Location de v\u00e9los\",\"isPartOf\":{\"@id\":\"https:\/\/m2ievm.com\/aavelo\/#website\"},\"primaryImageOfPage\":{\"@id\":\"https:\/\/m2ievm.com\/aavelo\/nos-services\/#primaryimage\"},\"image\":{\"@id\":\"https:\/\/m2ievm.com\/aavelo\/nos-services\/#primaryimage\"},\"thumbnailUrl\":\"http:\/\/m2ievm.com\/aavelo\/wp-content\/uploads\/2018\/12\/velo-style.jpg\",\"datePublished\":\"2018-12-03T15:36:42+00:00\",\"dateModified\":\"2021-10-29T14:54:33+00:00\",\"description\":\"La VELOSTATION-PVM r\u00e9pare vos VTT, VTC, v\u00e9los de ville \u00e0 partir de 4euros.D\u00e9couvrez nos services de diagnostic de batteries \u00e9lectriques \u00e9galement\",\"breadcrumb\":{\"@id\":\"https:\/\/m2ievm.com\/aavelo\/nos-services\/#breadcrumb\"},\"inLanguage\":\"fr-FR\",\"potentialAction\":[{\"@type\":\"ReadAction\",\"target\":[\"https:\/\/m2ievm.com\/aavelo\/nos-services\/\"]}]},{\"@type\":\"ImageObject\",\"inLanguage\":\"fr-FR\",\"@id\":\"https:\/\/m2ievm.com\/aavelo\/nos-services\/#primaryimage\",\"url\":\"https:\/\/m2ievm.com\/aavelo\/wp-content\/uploads\/2018\/12\/velo-style.jpg\",\"contentUrl\":\"https:\/\/m2ievm.com\/aavelo\/wp-content\/uploads\/2018\/12\/velo-style.jpg\",\"width\":600,\"height\":508},{\"@type\":\"BreadcrumbList\",\"@id\":\"https:\/\/m2ievm.com\/aavelo\/nos-services\/#breadcrumb\",\"itemListElement\":[{\"@type\":\"ListItem\",\"position\":1,\"name\":\"Accueil\",\"item\":\"https:\/\/m2ievm.com\/aavelo\/\"},{\"@type\":\"ListItem\",\"position\":2,\"name\":\"Nos services\"}]},{\"@type\":\"WebSite\",\"@id\":\"https:\/\/m2ievm.com\/aavelo\/#website\",\"url\":\"https:\/\/m2ievm.com\/aavelo\/\",\"name\":\"VELOSTATION PARIS VALLEE DE LA MARNE\",\"description\":\"un nouveau regard sur l&#039; Eco-mobilit\u00e9\",\"publisher\":{\"@id\":\"https:\/\/m2ievm.com\/aavelo\/#organization\"},\"potentialAction\":[{\"@type\":\"SearchAction\",\"target\":{\"@type\":\"EntryPoint\",\"urlTemplate\":\"https:\/\/m2ievm.com\/aavelo\/?s={search_term_string}\"},\"query-input\":{\"@type\":\"PropertyValueSpecification\",\"valueRequired\":true,\"valueName\":\"search_term_string\"}}],\"inLanguage\":\"fr-FR\"},{\"@type\":\"Organization\",\"@id\":\"https:\/\/m2ievm.com\/aavelo\/#organization\",\"name\":\"VELOSTATION PARIS VALLEE DE LA MARNE\",\"url\":\"https:\/\/m2ievm.com\/aavelo\/\",\"logo\":{\"@type\":\"ImageObject\",\"inLanguage\":\"fr-FR\",\"@id\":\"https:\/\/m2ievm.com\/aavelo\/#\/schema\/logo\/image\/\",\"url\":\"https:\/\/m2ievm.com\/aavelo\/wp-content\/uploads\/2025\/04\/cropped-logo-velostation-3-02.png\",\"contentUrl\":\"https:\/\/m2ievm.com\/aavelo\/wp-content\/uploads\/2025\/04\/cropped-logo-velostation-3-02.png\",\"width\":249,\"height\":250,\"caption\":\"VELOSTATION PARIS VALLEE DE LA MARNE\"},\"image\":{\"@id\":\"https:\/\/m2ievm.com\/aavelo\/#\/schema\/logo\/image\/\"}}]}<\/script>\n<!-- \/ Yoast SEO plugin. -->","yoast_head_json":{"title":"R\u00e9paration-Vente-Location de v\u00e9los","description":"La VELOSTATION-PVM r\u00e9pare vos VTT, VTC, v\u00e9los de ville \u00e0 partir de 4euros.D\u00e9couvrez nos services de diagnostic de batteries \u00e9lectriques \u00e9galement","robots":{"index":"index","follow":"follow","max-snippet":"max-snippet:-1","max-image-preview":"max-image-preview:large","max-video-preview":"max-video-preview:-1"},"canonical":"https:\/\/m2ievm.com\/aavelo\/nos-services\/","og_locale":"fr_FR","og_type":"article","og_title":"R\u00e9paration-Vente-Location de v\u00e9los","og_description":"La VELOSTATION-PVM r\u00e9pare vos VTT, VTC, v\u00e9los de ville \u00e0 partir de 4euros.D\u00e9couvrez nos services de diagnostic de batteries \u00e9lectriques \u00e9galement","og_url":"https:\/\/m2ievm.com\/aavelo\/nos-services\/","og_site_name":"VELOSTATION PARIS VALLEE DE LA MARNE","article_modified_time":"2021-10-29T14:54:33+00:00","og_image":[{"url":"http:\/\/m2ievm.com\/aavelo\/wp-content\/uploads\/2018\/12\/velo-style.jpg","type":"","width":"","height":""}],"twitter_card":"summary_large_image","twitter_misc":{"Dur\u00e9e de lecture estim\u00e9e":"2 minutes"},"schema":{"@context":"https:\/\/schema.org","@graph":[{"@type":"WebPage","@id":"https:\/\/m2ievm.com\/aavelo\/nos-services\/","url":"https:\/\/m2ievm.com\/aavelo\/nos-services\/","name":"R\u00e9paration-Vente-Location de v\u00e9los","isPartOf":{"@id":"https:\/\/m2ievm.com\/aavelo\/#website"},"primaryImageOfPage":{"@id":"https:\/\/m2ievm.com\/aavelo\/nos-services\/#primaryimage"},"image":{"@id":"https:\/\/m2ievm.com\/aavelo\/nos-services\/#primaryimage"},"thumbnailUrl":"http:\/\/m2ievm.com\/aavelo\/wp-content\/uploads\/2018\/12\/velo-style.jpg","datePublished":"2018-12-03T15:36:42+00:00","dateModified":"2021-10-29T14:54:33+00:00","description":"La VELOSTATION-PVM r\u00e9pare vos VTT, VTC, v\u00e9los de ville \u00e0 partir de 4euros.D\u00e9couvrez nos services de diagnostic de batteries \u00e9lectriques \u00e9galement","breadcrumb":{"@id":"https:\/\/m2ievm.com\/aavelo\/nos-services\/#breadcrumb"},"inLanguage":"fr-FR","potentialAction":[{"@type":"ReadAction","target":["https:\/\/m2ievm.com\/aavelo\/nos-services\/"]}]},{"@type":"ImageObject","inLanguage":"fr-FR","@id":"https:\/\/m2ievm.com\/aavelo\/nos-services\/#primaryimage","url":"https:\/\/m2ievm.com\/aavelo\/wp-content\/uploads\/2018\/12\/velo-style.jpg","contentUrl":"https:\/\/m2ievm.com\/aavelo\/wp-content\/uploads\/2018\/12\/velo-style.jpg","width":600,"height":508},{"@type":"BreadcrumbList","@id":"https:\/\/m2ievm.com\/aavelo\/nos-services\/#breadcrumb","itemListElement":[{"@type":"ListItem","position":1,"name":"Accueil","item":"https:\/\/m2ievm.com\/aavelo\/"},{"@type":"ListItem","position":2,"name":"Nos services"}]},{"@type":"WebSite","@id":"https:\/\/m2ievm.com\/aavelo\/#website","url":"https:\/\/m2ievm.com\/aavelo\/","name":"VELOSTATION PARIS VALLEE DE LA MARNE","description":"un nouveau regard sur l&#039; Eco-mobilit\u00e9","publisher":{"@id":"https:\/\/m2ievm.com\/aavelo\/#organization"},"potentialAction":[{"@type":"SearchAction","target":{"@type":"EntryPoint","urlTemplate":"https:\/\/m2ievm.com\/aavelo\/?s={search_term_string}"},"query-input":{"@type":"PropertyValueSpecification","valueRequired":true,"valueName":"search_term_string"}}],"inLanguage":"fr-FR"},{"@type":"Organization","@id":"https:\/\/m2ievm.com\/aavelo\/#organization","name":"VELOSTATION PARIS VALLEE DE LA MARNE","url":"https:\/\/m2ievm.com\/aavelo\/","logo":{"@type":"ImageObject","inLanguage":"fr-FR","@id":"https:\/\/m2ievm.com\/aavelo\/#\/schema\/logo\/image\/","url":"https:\/\/m2ievm.com\/aavelo\/wp-content\/uploads\/2025\/04\/cropped-logo-velostation-3-02.png","contentUrl":"https:\/\/m2ievm.com\/aavelo\/wp-content\/uploads\/2025\/04\/cropped-logo-velostation-3-02.png","width":249,"height":250,"caption":"VELOSTATION PARIS VALLEE DE LA MARNE"},"image":{"@id":"https:\/\/m2ievm.com\/aavelo\/#\/schema\/logo\/image\/"}}]}},"_links":{"self":[{"href":"https:\/\/m2ievm.com\/aavelo\/wp-json\/wp\/v2\/pages\/13","targetHints":{"allow":["GET"]}}],"collection":[{"href":"https:\/\/m2ievm.com\/aavelo\/wp-json\/wp\/v2\/pages"}],"about":[{"href":"https:\/\/m2ievm.com\/aavelo\/wp-json\/wp\/v2\/types\/page"}],"author":[{"embeddable":true,"href":"https:\/\/m2ievm.com\/aavelo\/wp-json\/wp\/v2\/users\/1"}],"replies":[{"embeddable":true,"href":"https:\/\/m2ievm.com\/aavelo\/wp-json\/wp\/v2\/comments?post=13"}],"version-history":[{"count":42,"href":"https:\/\/m2ievm.com\/aavelo\/wp-json\/wp\/v2\/pages\/13\/revisions"}],"predecessor-version":[{"id":1180,"href":"https:\/\/m2ievm.com\/aavelo\/wp-json\/wp\/v2\/pages\/13\/revisions\/1180"}],"wp:attachment":[{"href":"https:\/\/m2ievm.com\/aavelo\/wp-json\/wp\/v2\/media?parent=13"}],"curies":[{"name":"wp","href":"https:\/\/api.w.org\/{rel}","templated":true}]}}