{"id":14,"date":"2018-12-03T16:36:59","date_gmt":"2018-12-03T15:36:59","guid":{"rendered":"http:\/\/m2ievm.com\/aavelo\/?page_id=14"},"modified":"2019-01-28T11:17:25","modified_gmt":"2019-01-28T10:17:25","slug":"velo-ecole","status":"publish","type":"page","link":"https:\/\/m2ievm.com\/aavelo\/velo-ecole\/","title":{"rendered":"V\u00e9lo-Ecole"},"content":{"rendered":"\t\t<div data-elementor-type=\"wp-post\" data-elementor-id=\"14\" class=\"elementor elementor-14 elementor-bc-flex-widget\">\n\t\t\t\t\t\t<section class=\"elementor-section elementor-top-section elementor-element elementor-element-4c415e4 elementor-section-boxed elementor-section-height-default elementor-section-height-default\" data-id=\"4c415e4\" data-element_type=\"section\">\n\t\t\t\t\t\t<div class=\"elementor-container elementor-column-gap-default\">\n\t\t\t\t\t<div class=\"elementor-column elementor-col-100 elementor-top-column elementor-element elementor-element-b91f154\" data-id=\"b91f154\" data-element_type=\"column\">\n\t\t\t<div class=\"elementor-widget-wrap elementor-element-populated\">\n\t\t\t\t\t\t<div class=\"elementor-element elementor-element-d76e864 elementor-widget elementor-widget-image\" data-id=\"d76e864\" data-element_type=\"widget\" data-widget_type=\"image.default\">\n\t\t\t\t<div class=\"elementor-widget-container\">\n\t\t\t\t\t\t\t\t\t\t\t\t\t\t\t<img fetchpriority=\"high\" decoding=\"async\" width=\"525\" height=\"445\" src=\"https:\/\/m2ievm.com\/aavelo\/wp-content\/uploads\/2018\/12\/velo-style.jpg\" class=\"attachment-large size-large wp-image-243\" alt=\"\" srcset=\"https:\/\/m2ievm.com\/aavelo\/wp-content\/uploads\/2018\/12\/velo-style.jpg 600w, https:\/\/m2ievm.com\/aavelo\/wp-content\/uploads\/2018\/12\/velo-style-300x254.jpg 300w\" sizes=\"100vw\" \/>\t\t\t\t\t\t\t\t\t\t\t\t\t\t\t<\/div>\n\t\t\t\t<\/div>\n\t\t\t\t\t<\/div>\n\t\t<\/div>\n\t\t\t\t\t<\/div>\n\t\t<\/section>\n\t\t\t\t<section class=\"elementor-section elementor-top-section elementor-element elementor-element-66cb021 elementor-section-full_width elementor-section-height-default elementor-section-height-default\" data-id=\"66cb021\" data-element_type=\"section\">\n\t\t\t\t\t\t<div class=\"elementor-container elementor-column-gap-default\">\n\t\t\t\t\t<div class=\"elementor-column elementor-col-100 elementor-top-column elementor-element elementor-element-4ba53c3\" data-id=\"4ba53c3\" data-element_type=\"column\">\n\t\t\t<div class=\"elementor-widget-wrap elementor-element-populated\">\n\t\t\t\t\t\t<div class=\"elementor-element elementor-element-1d17ef0 elementor-widget elementor-widget-text-editor\" data-id=\"1d17ef0\" data-element_type=\"widget\" data-widget_type=\"text-editor.default\">\n\t\t\t\t<div class=\"elementor-widget-container\">\n\t\t\t\t\t\t\t\t\t<p>La <strong>VELOSTATION<\/strong> poss\u00e8de sa <strong>V\u00e9lo-Ecole<\/strong> afin de permettre \u00e0 tout un chacun de se sentir \u00e0 l\u2019aise dans ses d\u00e9placements quotidiens.<\/p><p>Notre <strong>V\u00e9lo-Ecole<\/strong> d\u00e9livre une formation th\u00e9orique et pratique afin de r\u00e9pondre aux demandes d\u2019apprentissage croissantes d\u2019adultes. <br \/>Diff\u00e9rents niveaux sont propos\u00e9s :\u00a0<\/p><ul><li><span style=\"text-decoration: underline;\">Niveau1<\/span>\u00a0 pour les adultes qui n&rsquo;ont jamais fait de v\u00e9lo de leur vie.<\/li><li><span style=\"font-size: 1rem;\"><span style=\"text-decoration: underline;\">Niveau2<\/span>\u00a0 pour les adultes qui souhaitent reprendre confiance \u00e0 v\u00e9lo.<\/span><\/li><li><span style=\"font-size: 1rem;\"><span style=\"text-decoration: underline;\">Niveau3<\/span>\u00a0 pour les adultes qui souhaitent se perfectionner afin de se d\u00e9placer sereinement en milieu urbain.<\/span><\/li><\/ul>\t\t\t\t\t\t\t\t<\/div>\n\t\t\t\t<\/div>\n\t\t\t\t\t<\/div>\n\t\t<\/div>\n\t\t\t\t\t<\/div>\n\t\t<\/section>\n\t\t\t\t<\/div>\n\t\t","protected":false},"excerpt":{"rendered":"<p>La VELOSTATION poss\u00e8de sa V\u00e9lo-Ecole afin de permettre \u00e0 tout un chacun de se sentir \u00e0 l\u2019aise dans ses d\u00e9placements quotidiens. Notre V\u00e9lo-Ecole d\u00e9livre une formation th\u00e9orique et pratique afin de r\u00e9pondre aux demandes d\u2019apprentissage croissantes d\u2019adultes. Diff\u00e9rents niveaux sont propos\u00e9s :&nbsp; Niveau1&nbsp; pour les adultes qui n&rsquo;ont jamais fait de v\u00e9lo de leur vie. &hellip; <\/p>\n<p class=\"link-more\"><a href=\"https:\/\/m2ievm.com\/aavelo\/velo-ecole\/\" class=\"more-link\">Continuer la lecture<span class=\"screen-reader-text\"> de &laquo;&nbsp;V\u00e9lo-Ecole&nbsp;&raquo;<\/span><\/a><\/p>\n","protected":false},"author":1,"featured_media":0,"parent":0,"menu_order":0,"comment_status":"closed","ping_status":"closed","template":"","meta":{"_vp_format_video_url":"","_vp_image_focal_point":[],"footnotes":""},"class_list":["post-14","page","type-page","status-publish","hentry"],"yoast_head":"<!-- This site is optimized with the Yoast SEO plugin v25.0 - https:\/\/yoast.com\/wordpress\/plugins\/seo\/ -->\n<title>V\u00e9lo-Ecole - VELOSTATION PARIS VALLEE DE LA MARNE<\/title>\n<meta name=\"robots\" content=\"index, follow, max-snippet:-1, max-image-preview:large, max-video-preview:-1\" \/>\n<link rel=\"canonical\" href=\"https:\/\/m2ievm.com\/aavelo\/velo-ecole\/\" \/>\n<meta property=\"og:locale\" content=\"fr_FR\" \/>\n<meta property=\"og:type\" content=\"article\" \/>\n<meta property=\"og:title\" content=\"V\u00e9lo-Ecole - VELOSTATION PARIS VALLEE DE LA MARNE\" \/>\n<meta property=\"og:description\" content=\"La VELOSTATION poss\u00e8de sa V\u00e9lo-Ecole afin de permettre \u00e0 tout un chacun de se sentir \u00e0 l\u2019aise dans ses d\u00e9placements quotidiens. Notre V\u00e9lo-Ecole d\u00e9livre une formation th\u00e9orique et pratique afin de r\u00e9pondre aux demandes d\u2019apprentissage croissantes d\u2019adultes. Diff\u00e9rents niveaux sont propos\u00e9s :&nbsp; Niveau1&nbsp; pour les adultes qui n&rsquo;ont jamais fait de v\u00e9lo de leur vie. &hellip; Continuer la lecture de &laquo;&nbsp;V\u00e9lo-Ecole&nbsp;&raquo;\" \/>\n<meta property=\"og:url\" content=\"https:\/\/m2ievm.com\/aavelo\/velo-ecole\/\" \/>\n<meta property=\"og:site_name\" content=\"VELOSTATION PARIS VALLEE DE LA MARNE\" \/>\n<meta property=\"article:modified_time\" content=\"2019-01-28T10:17:25+00:00\" \/>\n<meta property=\"og:image\" content=\"http:\/\/m2ievm.com\/aavelo\/wp-content\/uploads\/2018\/12\/velo-style.jpg\" \/>\n<meta name=\"twitter:card\" content=\"summary_large_image\" \/>\n<script type=\"application\/ld+json\" class=\"yoast-schema-graph\">{\"@context\":\"https:\/\/schema.org\",\"@graph\":[{\"@type\":\"WebPage\",\"@id\":\"https:\/\/m2ievm.com\/aavelo\/velo-ecole\/\",\"url\":\"https:\/\/m2ievm.com\/aavelo\/velo-ecole\/\",\"name\":\"V\u00e9lo-Ecole - VELOSTATION PARIS VALLEE DE LA MARNE\",\"isPartOf\":{\"@id\":\"https:\/\/m2ievm.com\/aavelo\/#website\"},\"primaryImageOfPage\":{\"@id\":\"https:\/\/m2ievm.com\/aavelo\/velo-ecole\/#primaryimage\"},\"image\":{\"@id\":\"https:\/\/m2ievm.com\/aavelo\/velo-ecole\/#primaryimage\"},\"thumbnailUrl\":\"http:\/\/m2ievm.com\/aavelo\/wp-content\/uploads\/2018\/12\/velo-style.jpg\",\"datePublished\":\"2018-12-03T15:36:59+00:00\",\"dateModified\":\"2019-01-28T10:17:25+00:00\",\"breadcrumb\":{\"@id\":\"https:\/\/m2ievm.com\/aavelo\/velo-ecole\/#breadcrumb\"},\"inLanguage\":\"fr-FR\",\"potentialAction\":[{\"@type\":\"ReadAction\",\"target\":[\"https:\/\/m2ievm.com\/aavelo\/velo-ecole\/\"]}]},{\"@type\":\"ImageObject\",\"inLanguage\":\"fr-FR\",\"@id\":\"https:\/\/m2ievm.com\/aavelo\/velo-ecole\/#primaryimage\",\"url\":\"https:\/\/m2ievm.com\/aavelo\/wp-content\/uploads\/2018\/12\/velo-style.jpg\",\"contentUrl\":\"https:\/\/m2ievm.com\/aavelo\/wp-content\/uploads\/2018\/12\/velo-style.jpg\",\"width\":600,\"height\":508},{\"@type\":\"BreadcrumbList\",\"@id\":\"https:\/\/m2ievm.com\/aavelo\/velo-ecole\/#breadcrumb\",\"itemListElement\":[{\"@type\":\"ListItem\",\"position\":1,\"name\":\"Accueil\",\"item\":\"https:\/\/m2ievm.com\/aavelo\/\"},{\"@type\":\"ListItem\",\"position\":2,\"name\":\"V\u00e9lo-Ecole\"}]},{\"@type\":\"WebSite\",\"@id\":\"https:\/\/m2ievm.com\/aavelo\/#website\",\"url\":\"https:\/\/m2ievm.com\/aavelo\/\",\"name\":\"VELOSTATION PARIS VALLEE DE LA MARNE\",\"description\":\"un nouveau regard sur l&#039; Eco-mobilit\u00e9\",\"publisher\":{\"@id\":\"https:\/\/m2ievm.com\/aavelo\/#organization\"},\"potentialAction\":[{\"@type\":\"SearchAction\",\"target\":{\"@type\":\"EntryPoint\",\"urlTemplate\":\"https:\/\/m2ievm.com\/aavelo\/?s={search_term_string}\"},\"query-input\":{\"@type\":\"PropertyValueSpecification\",\"valueRequired\":true,\"valueName\":\"search_term_string\"}}],\"inLanguage\":\"fr-FR\"},{\"@type\":\"Organization\",\"@id\":\"https:\/\/m2ievm.com\/aavelo\/#organization\",\"name\":\"VELOSTATION PARIS VALLEE DE LA MARNE\",\"url\":\"https:\/\/m2ievm.com\/aavelo\/\",\"logo\":{\"@type\":\"ImageObject\",\"inLanguage\":\"fr-FR\",\"@id\":\"https:\/\/m2ievm.com\/aavelo\/#\/schema\/logo\/image\/\",\"url\":\"https:\/\/m2ievm.com\/aavelo\/wp-content\/uploads\/2025\/04\/cropped-logo-velostation-3-02.png\",\"contentUrl\":\"https:\/\/m2ievm.com\/aavelo\/wp-content\/uploads\/2025\/04\/cropped-logo-velostation-3-02.png\",\"width\":249,\"height\":250,\"caption\":\"VELOSTATION PARIS VALLEE DE LA MARNE\"},\"image\":{\"@id\":\"https:\/\/m2ievm.com\/aavelo\/#\/schema\/logo\/image\/\"}}]}<\/script>\n<!-- \/ Yoast SEO plugin. -->","yoast_head_json":{"title":"V\u00e9lo-Ecole - VELOSTATION PARIS VALLEE DE LA MARNE","robots":{"index":"index","follow":"follow","max-snippet":"max-snippet:-1","max-image-preview":"max-image-preview:large","max-video-preview":"max-video-preview:-1"},"canonical":"https:\/\/m2ievm.com\/aavelo\/velo-ecole\/","og_locale":"fr_FR","og_type":"article","og_title":"V\u00e9lo-Ecole - VELOSTATION PARIS VALLEE DE LA MARNE","og_description":"La VELOSTATION poss\u00e8de sa V\u00e9lo-Ecole afin de permettre \u00e0 tout un chacun de se sentir \u00e0 l\u2019aise dans ses d\u00e9placements quotidiens. Notre V\u00e9lo-Ecole d\u00e9livre une formation th\u00e9orique et pratique afin de r\u00e9pondre aux demandes d\u2019apprentissage croissantes d\u2019adultes. Diff\u00e9rents niveaux sont propos\u00e9s :&nbsp; Niveau1&nbsp; pour les adultes qui n&rsquo;ont jamais fait de v\u00e9lo de leur vie. &hellip; Continuer la lecture de &laquo;&nbsp;V\u00e9lo-Ecole&nbsp;&raquo;","og_url":"https:\/\/m2ievm.com\/aavelo\/velo-ecole\/","og_site_name":"VELOSTATION PARIS VALLEE DE LA MARNE","article_modified_time":"2019-01-28T10:17:25+00:00","og_image":[{"url":"http:\/\/m2ievm.com\/aavelo\/wp-content\/uploads\/2018\/12\/velo-style.jpg","type":"","width":"","height":""}],"twitter_card":"summary_large_image","schema":{"@context":"https:\/\/schema.org","@graph":[{"@type":"WebPage","@id":"https:\/\/m2ievm.com\/aavelo\/velo-ecole\/","url":"https:\/\/m2ievm.com\/aavelo\/velo-ecole\/","name":"V\u00e9lo-Ecole - VELOSTATION PARIS VALLEE DE LA MARNE","isPartOf":{"@id":"https:\/\/m2ievm.com\/aavelo\/#website"},"primaryImageOfPage":{"@id":"https:\/\/m2ievm.com\/aavelo\/velo-ecole\/#primaryimage"},"image":{"@id":"https:\/\/m2ievm.com\/aavelo\/velo-ecole\/#primaryimage"},"thumbnailUrl":"http:\/\/m2ievm.com\/aavelo\/wp-content\/uploads\/2018\/12\/velo-style.jpg","datePublished":"2018-12-03T15:36:59+00:00","dateModified":"2019-01-28T10:17:25+00:00","breadcrumb":{"@id":"https:\/\/m2ievm.com\/aavelo\/velo-ecole\/#breadcrumb"},"inLanguage":"fr-FR","potentialAction":[{"@type":"ReadAction","target":["https:\/\/m2ievm.com\/aavelo\/velo-ecole\/"]}]},{"@type":"ImageObject","inLanguage":"fr-FR","@id":"https:\/\/m2ievm.com\/aavelo\/velo-ecole\/#primaryimage","url":"https:\/\/m2ievm.com\/aavelo\/wp-content\/uploads\/2018\/12\/velo-style.jpg","contentUrl":"https:\/\/m2ievm.com\/aavelo\/wp-content\/uploads\/2018\/12\/velo-style.jpg","width":600,"height":508},{"@type":"BreadcrumbList","@id":"https:\/\/m2ievm.com\/aavelo\/velo-ecole\/#breadcrumb","itemListElement":[{"@type":"ListItem","position":1,"name":"Accueil","item":"https:\/\/m2ievm.com\/aavelo\/"},{"@type":"ListItem","position":2,"name":"V\u00e9lo-Ecole"}]},{"@type":"WebSite","@id":"https:\/\/m2ievm.com\/aavelo\/#website","url":"https:\/\/m2ievm.com\/aavelo\/","name":"VELOSTATION PARIS VALLEE DE LA MARNE","description":"un nouveau regard sur l&#039; Eco-mobilit\u00e9","publisher":{"@id":"https:\/\/m2ievm.com\/aavelo\/#organization"},"potentialAction":[{"@type":"SearchAction","target":{"@type":"EntryPoint","urlTemplate":"https:\/\/m2ievm.com\/aavelo\/?s={search_term_string}"},"query-input":{"@type":"PropertyValueSpecification","valueRequired":true,"valueName":"search_term_string"}}],"inLanguage":"fr-FR"},{"@type":"Organization","@id":"https:\/\/m2ievm.com\/aavelo\/#organization","name":"VELOSTATION PARIS VALLEE DE LA MARNE","url":"https:\/\/m2ievm.com\/aavelo\/","logo":{"@type":"ImageObject","inLanguage":"fr-FR","@id":"https:\/\/m2ievm.com\/aavelo\/#\/schema\/logo\/image\/","url":"https:\/\/m2ievm.com\/aavelo\/wp-content\/uploads\/2025\/04\/cropped-logo-velostation-3-02.png","contentUrl":"https:\/\/m2ievm.com\/aavelo\/wp-content\/uploads\/2025\/04\/cropped-logo-velostation-3-02.png","width":249,"height":250,"caption":"VELOSTATION PARIS VALLEE DE LA MARNE"},"image":{"@id":"https:\/\/m2ievm.com\/aavelo\/#\/schema\/logo\/image\/"}}]}},"_links":{"self":[{"href":"https:\/\/m2ievm.com\/aavelo\/wp-json\/wp\/v2\/pages\/14","targetHints":{"allow":["GET"]}}],"collection":[{"href":"https:\/\/m2ievm.com\/aavelo\/wp-json\/wp\/v2\/pages"}],"about":[{"href":"https:\/\/m2ievm.com\/aavelo\/wp-json\/wp\/v2\/types\/page"}],"author":[{"embeddable":true,"href":"https:\/\/m2ievm.com\/aavelo\/wp-json\/wp\/v2\/users\/1"}],"replies":[{"embeddable":true,"href":"https:\/\/m2ievm.com\/aavelo\/wp-json\/wp\/v2\/comments?post=14"}],"version-history":[{"count":8,"href":"https:\/\/m2ievm.com\/aavelo\/wp-json\/wp\/v2\/pages\/14\/revisions"}],"predecessor-version":[{"id":1092,"href":"https:\/\/m2ievm.com\/aavelo\/wp-json\/wp\/v2\/pages\/14\/revisions\/1092"}],"wp:attachment":[{"href":"https:\/\/m2ievm.com\/aavelo\/wp-json\/wp\/v2\/media?parent=14"}],"curies":[{"name":"wp","href":"https:\/\/api.w.org\/{rel}","templated":true}]}}