{"id":17,"date":"2018-12-03T16:37:00","date_gmt":"2018-12-03T15:37:00","guid":{"rendered":"http:\/\/m2ievm.com\/aavelo\/?page_id=17"},"modified":"2025-04-29T15:45:28","modified_gmt":"2025-04-29T13:45:28","slug":"showroom","status":"publish","type":"page","link":"https:\/\/m2ievm.com\/aavelo\/showroom\/","title":{"rendered":"Showroom"},"content":{"rendered":"\t\t<div data-elementor-type=\"wp-post\" data-elementor-id=\"17\" class=\"elementor elementor-17\">\n\t\t\t\t\t\t<section class=\"elementor-section elementor-top-section elementor-element elementor-element-983121f elementor-section-boxed elementor-section-height-default elementor-section-height-default\" data-id=\"983121f\" data-element_type=\"section\">\n\t\t\t\t\t\t<div class=\"elementor-container elementor-column-gap-default\">\n\t\t\t\t\t<div class=\"elementor-column elementor-col-100 elementor-top-column elementor-element elementor-element-38e9206\" data-id=\"38e9206\" data-element_type=\"column\">\n\t\t\t<div class=\"elementor-widget-wrap elementor-element-populated\">\n\t\t\t\t\t\t<div class=\"elementor-element elementor-element-914644c elementor-widget elementor-widget-image\" data-id=\"914644c\" data-element_type=\"widget\" data-widget_type=\"image.default\">\n\t\t\t\t<div class=\"elementor-widget-container\">\n\t\t\t\t\t\t\t\t\t\t\t\t\t\t\t<img fetchpriority=\"high\" decoding=\"async\" width=\"525\" height=\"187\" src=\"https:\/\/m2ievm.com\/aavelo\/wp-content\/uploads\/2025\/04\/Capture-decran-2023-02-20-a-11.14.20-1024x364.png\" class=\"attachment-large size-large wp-image-1298\" alt=\"\" srcset=\"https:\/\/m2ievm.com\/aavelo\/wp-content\/uploads\/2025\/04\/Capture-decran-2023-02-20-a-11.14.20-1024x364.png 1024w, https:\/\/m2ievm.com\/aavelo\/wp-content\/uploads\/2025\/04\/Capture-decran-2023-02-20-a-11.14.20-300x107.png 300w, https:\/\/m2ievm.com\/aavelo\/wp-content\/uploads\/2025\/04\/Capture-decran-2023-02-20-a-11.14.20-768x273.png 768w, https:\/\/m2ievm.com\/aavelo\/wp-content\/uploads\/2025\/04\/Capture-decran-2023-02-20-a-11.14.20-500x178.png 500w, https:\/\/m2ievm.com\/aavelo\/wp-content\/uploads\/2025\/04\/Capture-decran-2023-02-20-a-11.14.20-800x284.png 800w, https:\/\/m2ievm.com\/aavelo\/wp-content\/uploads\/2025\/04\/Capture-decran-2023-02-20-a-11.14.20-1280x455.png 1280w, https:\/\/m2ievm.com\/aavelo\/wp-content\/uploads\/2025\/04\/Capture-decran-2023-02-20-a-11.14.20.png 1520w\" sizes=\"100vw\" \/>\t\t\t\t\t\t\t\t\t\t\t\t\t\t\t<\/div>\n\t\t\t\t<\/div>\n\t\t\t\t\t<\/div>\n\t\t<\/div>\n\t\t\t\t\t<\/div>\n\t\t<\/section>\n\t\t\t\t<section class=\"elementor-section elementor-top-section elementor-element elementor-element-9eefbd2 elementor-section-boxed elementor-section-height-default elementor-section-height-default\" data-id=\"9eefbd2\" data-element_type=\"section\">\n\t\t\t\t\t\t<div class=\"elementor-container elementor-column-gap-default\">\n\t\t\t\t\t<div class=\"elementor-column elementor-col-100 elementor-top-column elementor-element elementor-element-70da877\" data-id=\"70da877\" data-element_type=\"column\">\n\t\t\t<div class=\"elementor-widget-wrap elementor-element-populated\">\n\t\t\t\t\t\t<div class=\"elementor-element elementor-element-43fccb0 elementor-widget elementor-widget-text-editor\" data-id=\"43fccb0\" data-element_type=\"widget\" data-widget_type=\"text-editor.default\">\n\t\t\t\t<div class=\"elementor-widget-container\">\n\t\t\t\t\t\t\t\t\t<blockquote><h6>Je suis le trait d&rsquo;union entre ce qui fut, ce qui est, ce qui sera.<\/h6><h6>Je suis la m\u00e9tamorphose, je suis CHRYSALIDE.<\/h6><\/blockquote>\t\t\t\t\t\t\t\t<\/div>\n\t\t\t\t<\/div>\n\t\t\t\t\t<\/div>\n\t\t<\/div>\n\t\t\t\t\t<\/div>\n\t\t<\/section>\n\t\t\t\t<section class=\"elementor-section elementor-top-section elementor-element elementor-element-fddb0c4 elementor-section-boxed elementor-section-height-default elementor-section-height-default\" data-id=\"fddb0c4\" data-element_type=\"section\">\n\t\t\t\t\t\t<div class=\"elementor-container elementor-column-gap-default\">\n\t\t\t\t\t<div class=\"elementor-column elementor-col-100 elementor-top-column elementor-element elementor-element-53cbea9\" data-id=\"53cbea9\" data-element_type=\"column\">\n\t\t\t<div class=\"elementor-widget-wrap elementor-element-populated\">\n\t\t\t\t\t\t<div class=\"elementor-element elementor-element-caab684 elementor-widget elementor-widget-testimonial\" data-id=\"caab684\" data-element_type=\"widget\" data-widget_type=\"testimonial.default\">\n\t\t\t\t<div class=\"elementor-widget-container\">\n\t\t\t\t\t\t\t<div class=\"elementor-testimonial-wrapper\">\n\t\t\t\n\t\t\t\t\t\t<div class=\"elementor-testimonial-meta elementor-has-image elementor-testimonial-image-position-aside\">\n\t\t\t\t<div class=\"elementor-testimonial-meta-inner\">\n\t\t\t\t\t\t\t\t\t\t\t<div class=\"elementor-testimonial-image\">\n\t\t\t\t\t\t\t<img decoding=\"async\" width=\"1519\" height=\"1533\" src=\"https:\/\/m2ievm.com\/aavelo\/wp-content\/uploads\/2025\/04\/logo-velostation-3-02.png\" class=\"attachment-full size-full wp-image-1331\" alt=\"\" srcset=\"https:\/\/m2ievm.com\/aavelo\/wp-content\/uploads\/2025\/04\/logo-velostation-3-02.png 1519w, https:\/\/m2ievm.com\/aavelo\/wp-content\/uploads\/2025\/04\/logo-velostation-3-02-297x300.png 297w, https:\/\/m2ievm.com\/aavelo\/wp-content\/uploads\/2025\/04\/logo-velostation-3-02-1015x1024.png 1015w, https:\/\/m2ievm.com\/aavelo\/wp-content\/uploads\/2025\/04\/logo-velostation-3-02-150x150.png 150w, https:\/\/m2ievm.com\/aavelo\/wp-content\/uploads\/2025\/04\/logo-velostation-3-02-768x775.png 768w, https:\/\/m2ievm.com\/aavelo\/wp-content\/uploads\/2025\/04\/logo-velostation-3-02-500x505.png 500w, https:\/\/m2ievm.com\/aavelo\/wp-content\/uploads\/2025\/04\/logo-velostation-3-02-800x807.png 800w, https:\/\/m2ievm.com\/aavelo\/wp-content\/uploads\/2025\/04\/logo-velostation-3-02-1280x1292.png 1280w, https:\/\/m2ievm.com\/aavelo\/wp-content\/uploads\/2025\/04\/logo-velostation-3-02-100x100.png 100w\" sizes=\"(max-width: 706px) 89vw, (max-width: 767px) 82vw, 740px\" \/>\t\t\t\t\t\t<\/div>\n\t\t\t\t\t\n\t\t\t\t\t\t\t\t\t\t<div class=\"elementor-testimonial-details\">\n\t\t\t\t\t\t\t\t\t\t\t\t\t\t<div class=\"elementor-testimonial-name\">VELOSTATION PARIS VALLEE DE LA MARNE<\/div>\n\t\t\t\t\t\t\t\t\t\t\t\t\t\t\t\t\t\t\t\t\t\t<div class=\"elementor-testimonial-job\">L'\u00e9quipe<\/div>\n\t\t\t\t\t\t\t\t\t\t\t\t\t<\/div>\n\t\t\t\t\t\t\t\t\t<\/div>\n\t\t\t<\/div>\n\t\t\t\t\t<\/div>\n\t\t\t\t\t\t<\/div>\n\t\t\t\t<\/div>\n\t\t\t\t\t<\/div>\n\t\t<\/div>\n\t\t\t\t\t<\/div>\n\t\t<\/section>\n\t\t\t\t<\/div>\n\t\t","protected":false},"excerpt":{"rendered":"<p>Je suis le trait d&rsquo;union entre ce qui fut, ce qui est, ce qui sera. Je suis la m\u00e9tamorphose, je suis CHRYSALIDE. VELOSTATION PARIS VALLEE DE LA MARNE L&rsquo;\u00e9quipe<\/p>\n","protected":false},"author":1,"featured_media":0,"parent":0,"menu_order":0,"comment_status":"closed","ping_status":"closed","template":"","meta":{"_vp_format_video_url":"","_vp_image_focal_point":[],"footnotes":""},"class_list":["post-17","page","type-page","status-publish","hentry"],"yoast_head":"<!-- This site is optimized with the Yoast SEO plugin v25.0 - https:\/\/yoast.com\/wordpress\/plugins\/seo\/ -->\n<title>Showroom VTT VTC VELOS VINTAGE - VELOSTATION PARIS VALLEE DE LA MARNE<\/title>\n<meta name=\"description\" content=\"D\u00e9couvrez quelques-uns de nos v\u00e9los sur cette page et encore plus en nous rendant visite \u00e0 la VELOSTATION-PVM situ\u00e9e rue L\u00e9on BLUM 77200 TORCY\" \/>\n<meta name=\"robots\" content=\"index, follow, max-snippet:-1, max-image-preview:large, max-video-preview:-1\" \/>\n<link rel=\"canonical\" href=\"https:\/\/m2ievm.com\/aavelo\/showroom\/\" \/>\n<meta property=\"og:locale\" content=\"fr_FR\" \/>\n<meta property=\"og:type\" content=\"article\" \/>\n<meta property=\"og:title\" content=\"Showroom VTT VTC VELOS VINTAGE - VELOSTATION PARIS VALLEE DE LA MARNE\" \/>\n<meta property=\"og:description\" content=\"D\u00e9couvrez quelques-uns de nos v\u00e9los sur cette page et encore plus en nous rendant visite \u00e0 la VELOSTATION-PVM situ\u00e9e rue L\u00e9on BLUM 77200 TORCY\" \/>\n<meta property=\"og:url\" content=\"https:\/\/m2ievm.com\/aavelo\/showroom\/\" \/>\n<meta property=\"og:site_name\" content=\"VELOSTATION PARIS VALLEE DE LA MARNE\" \/>\n<meta property=\"article:modified_time\" content=\"2025-04-29T13:45:28+00:00\" \/>\n<meta property=\"og:image\" content=\"http:\/\/m2ievm.com\/aavelo\/wp-content\/uploads\/2025\/04\/Capture-decran-2023-02-20-a-11.14.20-1024x364.png\" \/>\n<meta name=\"twitter:card\" content=\"summary_large_image\" \/>\n<meta name=\"twitter:label1\" content=\"Dur\u00e9e de lecture estim\u00e9e\" \/>\n\t<meta name=\"twitter:data1\" content=\"1 minute\" \/>\n<script type=\"application\/ld+json\" class=\"yoast-schema-graph\">{\"@context\":\"https:\/\/schema.org\",\"@graph\":[{\"@type\":\"WebPage\",\"@id\":\"https:\/\/m2ievm.com\/aavelo\/showroom\/\",\"url\":\"https:\/\/m2ievm.com\/aavelo\/showroom\/\",\"name\":\"Showroom VTT VTC VELOS VINTAGE - VELOSTATION PARIS VALLEE DE LA MARNE\",\"isPartOf\":{\"@id\":\"https:\/\/m2ievm.com\/aavelo\/#website\"},\"primaryImageOfPage\":{\"@id\":\"https:\/\/m2ievm.com\/aavelo\/showroom\/#primaryimage\"},\"image\":{\"@id\":\"https:\/\/m2ievm.com\/aavelo\/showroom\/#primaryimage\"},\"thumbnailUrl\":\"http:\/\/m2ievm.com\/aavelo\/wp-content\/uploads\/2025\/04\/Capture-decran-2023-02-20-a-11.14.20-1024x364.png\",\"datePublished\":\"2018-12-03T15:37:00+00:00\",\"dateModified\":\"2025-04-29T13:45:28+00:00\",\"description\":\"D\u00e9couvrez quelques-uns de nos v\u00e9los sur cette page et encore plus en nous rendant visite \u00e0 la VELOSTATION-PVM situ\u00e9e rue L\u00e9on BLUM 77200 TORCY\",\"breadcrumb\":{\"@id\":\"https:\/\/m2ievm.com\/aavelo\/showroom\/#breadcrumb\"},\"inLanguage\":\"fr-FR\",\"potentialAction\":[{\"@type\":\"ReadAction\",\"target\":[\"https:\/\/m2ievm.com\/aavelo\/showroom\/\"]}]},{\"@type\":\"ImageObject\",\"inLanguage\":\"fr-FR\",\"@id\":\"https:\/\/m2ievm.com\/aavelo\/showroom\/#primaryimage\",\"url\":\"https:\/\/m2ievm.com\/aavelo\/wp-content\/uploads\/2025\/04\/Capture-decran-2023-02-20-a-11.14.20.png\",\"contentUrl\":\"https:\/\/m2ievm.com\/aavelo\/wp-content\/uploads\/2025\/04\/Capture-decran-2023-02-20-a-11.14.20.png\",\"width\":1520,\"height\":540},{\"@type\":\"BreadcrumbList\",\"@id\":\"https:\/\/m2ievm.com\/aavelo\/showroom\/#breadcrumb\",\"itemListElement\":[{\"@type\":\"ListItem\",\"position\":1,\"name\":\"Accueil\",\"item\":\"https:\/\/m2ievm.com\/aavelo\/\"},{\"@type\":\"ListItem\",\"position\":2,\"name\":\"Showroom\"}]},{\"@type\":\"WebSite\",\"@id\":\"https:\/\/m2ievm.com\/aavelo\/#website\",\"url\":\"https:\/\/m2ievm.com\/aavelo\/\",\"name\":\"VELOSTATION PARIS VALLEE DE LA MARNE\",\"description\":\"un nouveau regard sur l&#039; Eco-mobilit\u00e9\",\"publisher\":{\"@id\":\"https:\/\/m2ievm.com\/aavelo\/#organization\"},\"potentialAction\":[{\"@type\":\"SearchAction\",\"target\":{\"@type\":\"EntryPoint\",\"urlTemplate\":\"https:\/\/m2ievm.com\/aavelo\/?s={search_term_string}\"},\"query-input\":{\"@type\":\"PropertyValueSpecification\",\"valueRequired\":true,\"valueName\":\"search_term_string\"}}],\"inLanguage\":\"fr-FR\"},{\"@type\":\"Organization\",\"@id\":\"https:\/\/m2ievm.com\/aavelo\/#organization\",\"name\":\"VELOSTATION PARIS VALLEE DE LA MARNE\",\"url\":\"https:\/\/m2ievm.com\/aavelo\/\",\"logo\":{\"@type\":\"ImageObject\",\"inLanguage\":\"fr-FR\",\"@id\":\"https:\/\/m2ievm.com\/aavelo\/#\/schema\/logo\/image\/\",\"url\":\"https:\/\/m2ievm.com\/aavelo\/wp-content\/uploads\/2025\/04\/cropped-logo-velostation-3-02.png\",\"contentUrl\":\"https:\/\/m2ievm.com\/aavelo\/wp-content\/uploads\/2025\/04\/cropped-logo-velostation-3-02.png\",\"width\":249,\"height\":250,\"caption\":\"VELOSTATION PARIS VALLEE DE LA MARNE\"},\"image\":{\"@id\":\"https:\/\/m2ievm.com\/aavelo\/#\/schema\/logo\/image\/\"}}]}<\/script>\n<!-- \/ Yoast SEO plugin. -->","yoast_head_json":{"title":"Showroom VTT VTC VELOS VINTAGE - VELOSTATION PARIS VALLEE DE LA MARNE","description":"D\u00e9couvrez quelques-uns de nos v\u00e9los sur cette page et encore plus en nous rendant visite \u00e0 la VELOSTATION-PVM situ\u00e9e rue L\u00e9on BLUM 77200 TORCY","robots":{"index":"index","follow":"follow","max-snippet":"max-snippet:-1","max-image-preview":"max-image-preview:large","max-video-preview":"max-video-preview:-1"},"canonical":"https:\/\/m2ievm.com\/aavelo\/showroom\/","og_locale":"fr_FR","og_type":"article","og_title":"Showroom VTT VTC VELOS VINTAGE - VELOSTATION PARIS VALLEE DE LA MARNE","og_description":"D\u00e9couvrez quelques-uns de nos v\u00e9los sur cette page et encore plus en nous rendant visite \u00e0 la VELOSTATION-PVM situ\u00e9e rue L\u00e9on BLUM 77200 TORCY","og_url":"https:\/\/m2ievm.com\/aavelo\/showroom\/","og_site_name":"VELOSTATION PARIS VALLEE DE LA MARNE","article_modified_time":"2025-04-29T13:45:28+00:00","og_image":[{"url":"http:\/\/m2ievm.com\/aavelo\/wp-content\/uploads\/2025\/04\/Capture-decran-2023-02-20-a-11.14.20-1024x364.png","type":"","width":"","height":""}],"twitter_card":"summary_large_image","twitter_misc":{"Dur\u00e9e de lecture estim\u00e9e":"1 minute"},"schema":{"@context":"https:\/\/schema.org","@graph":[{"@type":"WebPage","@id":"https:\/\/m2ievm.com\/aavelo\/showroom\/","url":"https:\/\/m2ievm.com\/aavelo\/showroom\/","name":"Showroom VTT VTC VELOS VINTAGE - VELOSTATION PARIS VALLEE DE LA MARNE","isPartOf":{"@id":"https:\/\/m2ievm.com\/aavelo\/#website"},"primaryImageOfPage":{"@id":"https:\/\/m2ievm.com\/aavelo\/showroom\/#primaryimage"},"image":{"@id":"https:\/\/m2ievm.com\/aavelo\/showroom\/#primaryimage"},"thumbnailUrl":"http:\/\/m2ievm.com\/aavelo\/wp-content\/uploads\/2025\/04\/Capture-decran-2023-02-20-a-11.14.20-1024x364.png","datePublished":"2018-12-03T15:37:00+00:00","dateModified":"2025-04-29T13:45:28+00:00","description":"D\u00e9couvrez quelques-uns de nos v\u00e9los sur cette page et encore plus en nous rendant visite \u00e0 la VELOSTATION-PVM situ\u00e9e rue L\u00e9on BLUM 77200 TORCY","breadcrumb":{"@id":"https:\/\/m2ievm.com\/aavelo\/showroom\/#breadcrumb"},"inLanguage":"fr-FR","potentialAction":[{"@type":"ReadAction","target":["https:\/\/m2ievm.com\/aavelo\/showroom\/"]}]},{"@type":"ImageObject","inLanguage":"fr-FR","@id":"https:\/\/m2ievm.com\/aavelo\/showroom\/#primaryimage","url":"https:\/\/m2ievm.com\/aavelo\/wp-content\/uploads\/2025\/04\/Capture-decran-2023-02-20-a-11.14.20.png","contentUrl":"https:\/\/m2ievm.com\/aavelo\/wp-content\/uploads\/2025\/04\/Capture-decran-2023-02-20-a-11.14.20.png","width":1520,"height":540},{"@type":"BreadcrumbList","@id":"https:\/\/m2ievm.com\/aavelo\/showroom\/#breadcrumb","itemListElement":[{"@type":"ListItem","position":1,"name":"Accueil","item":"https:\/\/m2ievm.com\/aavelo\/"},{"@type":"ListItem","position":2,"name":"Showroom"}]},{"@type":"WebSite","@id":"https:\/\/m2ievm.com\/aavelo\/#website","url":"https:\/\/m2ievm.com\/aavelo\/","name":"VELOSTATION PARIS VALLEE DE LA MARNE","description":"un nouveau regard sur l&#039; Eco-mobilit\u00e9","publisher":{"@id":"https:\/\/m2ievm.com\/aavelo\/#organization"},"potentialAction":[{"@type":"SearchAction","target":{"@type":"EntryPoint","urlTemplate":"https:\/\/m2ievm.com\/aavelo\/?s={search_term_string}"},"query-input":{"@type":"PropertyValueSpecification","valueRequired":true,"valueName":"search_term_string"}}],"inLanguage":"fr-FR"},{"@type":"Organization","@id":"https:\/\/m2ievm.com\/aavelo\/#organization","name":"VELOSTATION PARIS VALLEE DE LA MARNE","url":"https:\/\/m2ievm.com\/aavelo\/","logo":{"@type":"ImageObject","inLanguage":"fr-FR","@id":"https:\/\/m2ievm.com\/aavelo\/#\/schema\/logo\/image\/","url":"https:\/\/m2ievm.com\/aavelo\/wp-content\/uploads\/2025\/04\/cropped-logo-velostation-3-02.png","contentUrl":"https:\/\/m2ievm.com\/aavelo\/wp-content\/uploads\/2025\/04\/cropped-logo-velostation-3-02.png","width":249,"height":250,"caption":"VELOSTATION PARIS VALLEE DE LA MARNE"},"image":{"@id":"https:\/\/m2ievm.com\/aavelo\/#\/schema\/logo\/image\/"}}]}},"_links":{"self":[{"href":"https:\/\/m2ievm.com\/aavelo\/wp-json\/wp\/v2\/pages\/17","targetHints":{"allow":["GET"]}}],"collection":[{"href":"https:\/\/m2ievm.com\/aavelo\/wp-json\/wp\/v2\/pages"}],"about":[{"href":"https:\/\/m2ievm.com\/aavelo\/wp-json\/wp\/v2\/types\/page"}],"author":[{"embeddable":true,"href":"https:\/\/m2ievm.com\/aavelo\/wp-json\/wp\/v2\/users\/1"}],"replies":[{"embeddable":true,"href":"https:\/\/m2ievm.com\/aavelo\/wp-json\/wp\/v2\/comments?post=17"}],"version-history":[{"count":30,"href":"https:\/\/m2ievm.com\/aavelo\/wp-json\/wp\/v2\/pages\/17\/revisions"}],"predecessor-version":[{"id":1341,"href":"https:\/\/m2ievm.com\/aavelo\/wp-json\/wp\/v2\/pages\/17\/revisions\/1341"}],"wp:attachment":[{"href":"https:\/\/m2ievm.com\/aavelo\/wp-json\/wp\/v2\/media?parent=17"}],"curies":[{"name":"wp","href":"https:\/\/api.w.org\/{rel}","templated":true}]}}