{"id":29,"date":"2018-12-03T16:40:07","date_gmt":"2018-12-03T15:40:07","guid":{"rendered":"http:\/\/m2ievm.com\/aavelo\/?page_id=29"},"modified":"2019-01-28T11:07:35","modified_gmt":"2019-01-28T10:07:35","slug":"nos-moyens-techniques","status":"publish","type":"page","link":"https:\/\/m2ievm.com\/aavelo\/nos-moyens-techniques\/","title":{"rendered":"Nos moyens techniques"},"content":{"rendered":"\t\t<div data-elementor-type=\"wp-post\" data-elementor-id=\"29\" class=\"elementor elementor-29 elementor-bc-flex-widget\">\n\t\t\t\t\t\t<section class=\"elementor-section elementor-top-section elementor-element elementor-element-0c2c2db elementor-section-boxed elementor-section-height-default elementor-section-height-default\" data-id=\"0c2c2db\" data-element_type=\"section\">\n\t\t\t\t\t\t<div class=\"elementor-container elementor-column-gap-default\">\n\t\t\t\t\t<div class=\"elementor-column elementor-col-33 elementor-top-column elementor-element elementor-element-2ce9b01\" data-id=\"2ce9b01\" data-element_type=\"column\">\n\t\t\t<div class=\"elementor-widget-wrap elementor-element-populated\">\n\t\t\t\t\t\t<div class=\"elementor-element elementor-element-ac1c4a8 elementor-widget elementor-widget-image\" data-id=\"ac1c4a8\" data-element_type=\"widget\" data-widget_type=\"image.default\">\n\t\t\t\t<div class=\"elementor-widget-container\">\n\t\t\t\t\t\t\t\t\t\t\t\t\t\t\t<img decoding=\"async\" src=\"https:\/\/m2ievm.com\/aavelo\/wp-content\/uploads\/2019\/01\/cyclemania-1322556_1920-1-Copie-Copie.jpg\" title=\"cyclemania-1322556_1920 (1) &#8211; Copie &#8211; Copie\" alt=\"cyclemania-1322556_1920 (1) - Copie - Copie\" loading=\"lazy\" \/>\t\t\t\t\t\t\t\t\t\t\t\t\t\t\t<\/div>\n\t\t\t\t<\/div>\n\t\t\t\t\t<\/div>\n\t\t<\/div>\n\t\t\t\t<div class=\"elementor-column elementor-col-33 elementor-top-column elementor-element elementor-element-f544efa\" data-id=\"f544efa\" data-element_type=\"column\">\n\t\t\t<div class=\"elementor-widget-wrap elementor-element-populated\">\n\t\t\t\t\t\t<div class=\"elementor-element elementor-element-7ca237a elementor-widget elementor-widget-image\" data-id=\"7ca237a\" data-element_type=\"widget\" data-widget_type=\"image.default\">\n\t\t\t\t<div class=\"elementor-widget-container\">\n\t\t\t\t\t\t\t\t\t\t\t\t\t\t\t<img fetchpriority=\"high\" decoding=\"async\" width=\"525\" height=\"394\" src=\"https:\/\/m2ievm.com\/aavelo\/wp-content\/uploads\/2019\/01\/IMG_7816-1024x768.jpg\" class=\"attachment-large size-large wp-image-354\" alt=\"\" srcset=\"https:\/\/m2ievm.com\/aavelo\/wp-content\/uploads\/2019\/01\/IMG_7816-1024x768.jpg 1024w, https:\/\/m2ievm.com\/aavelo\/wp-content\/uploads\/2019\/01\/IMG_7816-300x225.jpg 300w, https:\/\/m2ievm.com\/aavelo\/wp-content\/uploads\/2019\/01\/IMG_7816-768x576.jpg 768w\" sizes=\"100vw\" \/>\t\t\t\t\t\t\t\t\t\t\t\t\t\t\t<\/div>\n\t\t\t\t<\/div>\n\t\t\t\t\t<\/div>\n\t\t<\/div>\n\t\t\t\t<div class=\"elementor-column elementor-col-33 elementor-top-column elementor-element elementor-element-1e2d238\" data-id=\"1e2d238\" data-element_type=\"column\">\n\t\t\t<div class=\"elementor-widget-wrap elementor-element-populated\">\n\t\t\t\t\t\t<div class=\"elementor-element elementor-element-ef86ac3 elementor-widget elementor-widget-image\" data-id=\"ef86ac3\" data-element_type=\"widget\" data-widget_type=\"image.default\">\n\t\t\t\t<div class=\"elementor-widget-container\">\n\t\t\t\t\t\t\t\t\t\t\t\t\t\t\t<img decoding=\"async\" width=\"300\" height=\"224\" src=\"https:\/\/m2ievm.com\/aavelo\/wp-content\/uploads\/2019\/01\/Velimobile1.1-1.jpg\" class=\"attachment-medium_large size-medium_large wp-image-513\" alt=\"\" sizes=\"100vw\" \/>\t\t\t\t\t\t\t\t\t\t\t\t\t\t\t<\/div>\n\t\t\t\t<\/div>\n\t\t\t\t\t<\/div>\n\t\t<\/div>\n\t\t\t\t\t<\/div>\n\t\t<\/section>\n\t\t\t\t<section class=\"elementor-section elementor-top-section elementor-element elementor-element-02095ac elementor-section-boxed elementor-section-height-default elementor-section-height-default\" data-id=\"02095ac\" data-element_type=\"section\">\n\t\t\t\t\t\t<div class=\"elementor-container elementor-column-gap-default\">\n\t\t\t\t\t<div class=\"elementor-column elementor-col-100 elementor-top-column elementor-element elementor-element-e285dc1\" data-id=\"e285dc1\" data-element_type=\"column\">\n\t\t\t<div class=\"elementor-widget-wrap elementor-element-populated\">\n\t\t\t\t\t\t<div class=\"elementor-element elementor-element-32e115a elementor-widget elementor-widget-text-editor\" data-id=\"32e115a\" data-element_type=\"widget\" data-widget_type=\"text-editor.default\">\n\t\t\t\t<div class=\"elementor-widget-container\">\n\t\t\t\t\t\t\t\t\t<p><strong>Les moyens techniques<\/strong><\/p><p>\u00a0 \u00a0 La V\u00e9lostation vous d\u00e9livre des prestations via :<\/p><ul><li>Un parc de stationnement de 100 places, la consigne VELIGO ;<\/li><li>Un atelier physique,<strong> le technicentre<\/strong>,pour effectuer les r\u00e9parations, animer les ateliers participatifs,\u00a0 \u00a0 \u00a0 \u00a0 louer des v\u00e9los classiques et \u00e9lectriques ou prodiguer quelques conseils en mobilit\u00e9 ;<\/li><li>Un camion-atelier, <strong>la V\u00e9li&rsquo;mobile<\/strong> qui permet de d\u00e9livrer des prestations au domicile du particulier,\u00a0 \u00a0 \u00a0 \u00a0 \u00a0en entreprise ou sur une place publique.<\/li><\/ul>\t\t\t\t\t\t\t\t<\/div>\n\t\t\t\t<\/div>\n\t\t\t\t\t<\/div>\n\t\t<\/div>\n\t\t\t\t\t<\/div>\n\t\t<\/section>\n\t\t\t\t<\/div>\n\t\t","protected":false},"excerpt":{"rendered":"<p>Les moyens techniques \u00a0 \u00a0 La V\u00e9lostation vous d\u00e9livre des prestations via : Un parc de stationnement de 100 places, la consigne VELIGO ; Un atelier physique, le technicentre,pour effectuer les r\u00e9parations, animer les ateliers participatifs,\u00a0 \u00a0 \u00a0 \u00a0 louer des v\u00e9los classiques et \u00e9lectriques ou prodiguer quelques conseils en mobilit\u00e9 ; Un camion-atelier, la &hellip; <\/p>\n<p class=\"link-more\"><a href=\"https:\/\/m2ievm.com\/aavelo\/nos-moyens-techniques\/\" class=\"more-link\">Continuer la lecture<span class=\"screen-reader-text\"> de &laquo;&nbsp;Nos moyens techniques&nbsp;&raquo;<\/span><\/a><\/p>\n","protected":false},"author":1,"featured_media":0,"parent":0,"menu_order":0,"comment_status":"closed","ping_status":"closed","template":"","meta":{"_vp_format_video_url":"","_vp_image_focal_point":[],"footnotes":""},"class_list":["post-29","page","type-page","status-publish","hentry"],"yoast_head":"<!-- This site is optimized with the Yoast SEO plugin v25.0 - https:\/\/yoast.com\/wordpress\/plugins\/seo\/ -->\n<title>Nos moyens techniques - VELOSTATION PARIS VALLEE DE LA MARNE<\/title>\n<meta name=\"robots\" content=\"index, follow, max-snippet:-1, max-image-preview:large, max-video-preview:-1\" \/>\n<link rel=\"canonical\" href=\"https:\/\/m2ievm.com\/aavelo\/nos-moyens-techniques\/\" \/>\n<meta property=\"og:locale\" content=\"fr_FR\" \/>\n<meta property=\"og:type\" content=\"article\" \/>\n<meta property=\"og:title\" content=\"Nos moyens techniques - VELOSTATION PARIS VALLEE DE LA MARNE\" \/>\n<meta property=\"og:description\" content=\"Les moyens techniques \u00a0 \u00a0 La V\u00e9lostation vous d\u00e9livre des prestations via : Un parc de stationnement de 100 places, la consigne VELIGO ; Un atelier physique, le technicentre,pour effectuer les r\u00e9parations, animer les ateliers participatifs,\u00a0 \u00a0 \u00a0 \u00a0 louer des v\u00e9los classiques et \u00e9lectriques ou prodiguer quelques conseils en mobilit\u00e9 ; Un camion-atelier, la &hellip; Continuer la lecture de &laquo;&nbsp;Nos moyens techniques&nbsp;&raquo;\" \/>\n<meta property=\"og:url\" content=\"https:\/\/m2ievm.com\/aavelo\/nos-moyens-techniques\/\" \/>\n<meta property=\"og:site_name\" content=\"VELOSTATION PARIS VALLEE DE LA MARNE\" \/>\n<meta property=\"article:modified_time\" content=\"2019-01-28T10:07:35+00:00\" \/>\n<meta property=\"og:image\" content=\"http:\/\/m2ievm.com\/aavelo\/wp-content\/uploads\/2019\/01\/cyclemania-1322556_1920-1-Copie-Copie.jpg\" \/>\n<meta name=\"twitter:card\" content=\"summary_large_image\" \/>\n<script type=\"application\/ld+json\" class=\"yoast-schema-graph\">{\"@context\":\"https:\/\/schema.org\",\"@graph\":[{\"@type\":\"WebPage\",\"@id\":\"https:\/\/m2ievm.com\/aavelo\/nos-moyens-techniques\/\",\"url\":\"https:\/\/m2ievm.com\/aavelo\/nos-moyens-techniques\/\",\"name\":\"Nos moyens techniques - VELOSTATION PARIS VALLEE DE LA MARNE\",\"isPartOf\":{\"@id\":\"https:\/\/m2ievm.com\/aavelo\/#website\"},\"primaryImageOfPage\":{\"@id\":\"https:\/\/m2ievm.com\/aavelo\/nos-moyens-techniques\/#primaryimage\"},\"image\":{\"@id\":\"https:\/\/m2ievm.com\/aavelo\/nos-moyens-techniques\/#primaryimage\"},\"thumbnailUrl\":\"http:\/\/m2ievm.com\/aavelo\/wp-content\/uploads\/2019\/01\/cyclemania-1322556_1920-1-Copie-Copie.jpg\",\"datePublished\":\"2018-12-03T15:40:07+00:00\",\"dateModified\":\"2019-01-28T10:07:35+00:00\",\"breadcrumb\":{\"@id\":\"https:\/\/m2ievm.com\/aavelo\/nos-moyens-techniques\/#breadcrumb\"},\"inLanguage\":\"fr-FR\",\"potentialAction\":[{\"@type\":\"ReadAction\",\"target\":[\"https:\/\/m2ievm.com\/aavelo\/nos-moyens-techniques\/\"]}]},{\"@type\":\"ImageObject\",\"inLanguage\":\"fr-FR\",\"@id\":\"https:\/\/m2ievm.com\/aavelo\/nos-moyens-techniques\/#primaryimage\",\"url\":\"https:\/\/m2ievm.com\/aavelo\/wp-content\/uploads\/2019\/01\/cyclemania-1322556_1920-1-Copie-Copie.jpg\",\"contentUrl\":\"https:\/\/m2ievm.com\/aavelo\/wp-content\/uploads\/2019\/01\/cyclemania-1322556_1920-1-Copie-Copie.jpg\",\"width\":1920,\"height\":1381},{\"@type\":\"BreadcrumbList\",\"@id\":\"https:\/\/m2ievm.com\/aavelo\/nos-moyens-techniques\/#breadcrumb\",\"itemListElement\":[{\"@type\":\"ListItem\",\"position\":1,\"name\":\"Accueil\",\"item\":\"https:\/\/m2ievm.com\/aavelo\/\"},{\"@type\":\"ListItem\",\"position\":2,\"name\":\"Nos moyens techniques\"}]},{\"@type\":\"WebSite\",\"@id\":\"https:\/\/m2ievm.com\/aavelo\/#website\",\"url\":\"https:\/\/m2ievm.com\/aavelo\/\",\"name\":\"VELOSTATION PARIS VALLEE DE LA MARNE\",\"description\":\"un nouveau regard sur l&#039; Eco-mobilit\u00e9\",\"publisher\":{\"@id\":\"https:\/\/m2ievm.com\/aavelo\/#organization\"},\"potentialAction\":[{\"@type\":\"SearchAction\",\"target\":{\"@type\":\"EntryPoint\",\"urlTemplate\":\"https:\/\/m2ievm.com\/aavelo\/?s={search_term_string}\"},\"query-input\":{\"@type\":\"PropertyValueSpecification\",\"valueRequired\":true,\"valueName\":\"search_term_string\"}}],\"inLanguage\":\"fr-FR\"},{\"@type\":\"Organization\",\"@id\":\"https:\/\/m2ievm.com\/aavelo\/#organization\",\"name\":\"VELOSTATION PARIS VALLEE DE LA MARNE\",\"url\":\"https:\/\/m2ievm.com\/aavelo\/\",\"logo\":{\"@type\":\"ImageObject\",\"inLanguage\":\"fr-FR\",\"@id\":\"https:\/\/m2ievm.com\/aavelo\/#\/schema\/logo\/image\/\",\"url\":\"https:\/\/m2ievm.com\/aavelo\/wp-content\/uploads\/2025\/04\/cropped-logo-velostation-3-02.png\",\"contentUrl\":\"https:\/\/m2ievm.com\/aavelo\/wp-content\/uploads\/2025\/04\/cropped-logo-velostation-3-02.png\",\"width\":249,\"height\":250,\"caption\":\"VELOSTATION PARIS VALLEE DE LA MARNE\"},\"image\":{\"@id\":\"https:\/\/m2ievm.com\/aavelo\/#\/schema\/logo\/image\/\"}}]}<\/script>\n<!-- \/ Yoast SEO plugin. -->","yoast_head_json":{"title":"Nos moyens techniques - VELOSTATION PARIS VALLEE DE LA MARNE","robots":{"index":"index","follow":"follow","max-snippet":"max-snippet:-1","max-image-preview":"max-image-preview:large","max-video-preview":"max-video-preview:-1"},"canonical":"https:\/\/m2ievm.com\/aavelo\/nos-moyens-techniques\/","og_locale":"fr_FR","og_type":"article","og_title":"Nos moyens techniques - VELOSTATION PARIS VALLEE DE LA MARNE","og_description":"Les moyens techniques \u00a0 \u00a0 La V\u00e9lostation vous d\u00e9livre des prestations via : Un parc de stationnement de 100 places, la consigne VELIGO ; Un atelier physique, le technicentre,pour effectuer les r\u00e9parations, animer les ateliers participatifs,\u00a0 \u00a0 \u00a0 \u00a0 louer des v\u00e9los classiques et \u00e9lectriques ou prodiguer quelques conseils en mobilit\u00e9 ; Un camion-atelier, la &hellip; Continuer la lecture de &laquo;&nbsp;Nos moyens techniques&nbsp;&raquo;","og_url":"https:\/\/m2ievm.com\/aavelo\/nos-moyens-techniques\/","og_site_name":"VELOSTATION PARIS VALLEE DE LA MARNE","article_modified_time":"2019-01-28T10:07:35+00:00","og_image":[{"url":"http:\/\/m2ievm.com\/aavelo\/wp-content\/uploads\/2019\/01\/cyclemania-1322556_1920-1-Copie-Copie.jpg","type":"","width":"","height":""}],"twitter_card":"summary_large_image","schema":{"@context":"https:\/\/schema.org","@graph":[{"@type":"WebPage","@id":"https:\/\/m2ievm.com\/aavelo\/nos-moyens-techniques\/","url":"https:\/\/m2ievm.com\/aavelo\/nos-moyens-techniques\/","name":"Nos moyens techniques - VELOSTATION PARIS VALLEE DE LA MARNE","isPartOf":{"@id":"https:\/\/m2ievm.com\/aavelo\/#website"},"primaryImageOfPage":{"@id":"https:\/\/m2ievm.com\/aavelo\/nos-moyens-techniques\/#primaryimage"},"image":{"@id":"https:\/\/m2ievm.com\/aavelo\/nos-moyens-techniques\/#primaryimage"},"thumbnailUrl":"http:\/\/m2ievm.com\/aavelo\/wp-content\/uploads\/2019\/01\/cyclemania-1322556_1920-1-Copie-Copie.jpg","datePublished":"2018-12-03T15:40:07+00:00","dateModified":"2019-01-28T10:07:35+00:00","breadcrumb":{"@id":"https:\/\/m2ievm.com\/aavelo\/nos-moyens-techniques\/#breadcrumb"},"inLanguage":"fr-FR","potentialAction":[{"@type":"ReadAction","target":["https:\/\/m2ievm.com\/aavelo\/nos-moyens-techniques\/"]}]},{"@type":"ImageObject","inLanguage":"fr-FR","@id":"https:\/\/m2ievm.com\/aavelo\/nos-moyens-techniques\/#primaryimage","url":"https:\/\/m2ievm.com\/aavelo\/wp-content\/uploads\/2019\/01\/cyclemania-1322556_1920-1-Copie-Copie.jpg","contentUrl":"https:\/\/m2ievm.com\/aavelo\/wp-content\/uploads\/2019\/01\/cyclemania-1322556_1920-1-Copie-Copie.jpg","width":1920,"height":1381},{"@type":"BreadcrumbList","@id":"https:\/\/m2ievm.com\/aavelo\/nos-moyens-techniques\/#breadcrumb","itemListElement":[{"@type":"ListItem","position":1,"name":"Accueil","item":"https:\/\/m2ievm.com\/aavelo\/"},{"@type":"ListItem","position":2,"name":"Nos moyens techniques"}]},{"@type":"WebSite","@id":"https:\/\/m2ievm.com\/aavelo\/#website","url":"https:\/\/m2ievm.com\/aavelo\/","name":"VELOSTATION PARIS VALLEE DE LA MARNE","description":"un nouveau regard sur l&#039; Eco-mobilit\u00e9","publisher":{"@id":"https:\/\/m2ievm.com\/aavelo\/#organization"},"potentialAction":[{"@type":"SearchAction","target":{"@type":"EntryPoint","urlTemplate":"https:\/\/m2ievm.com\/aavelo\/?s={search_term_string}"},"query-input":{"@type":"PropertyValueSpecification","valueRequired":true,"valueName":"search_term_string"}}],"inLanguage":"fr-FR"},{"@type":"Organization","@id":"https:\/\/m2ievm.com\/aavelo\/#organization","name":"VELOSTATION PARIS VALLEE DE LA MARNE","url":"https:\/\/m2ievm.com\/aavelo\/","logo":{"@type":"ImageObject","inLanguage":"fr-FR","@id":"https:\/\/m2ievm.com\/aavelo\/#\/schema\/logo\/image\/","url":"https:\/\/m2ievm.com\/aavelo\/wp-content\/uploads\/2025\/04\/cropped-logo-velostation-3-02.png","contentUrl":"https:\/\/m2ievm.com\/aavelo\/wp-content\/uploads\/2025\/04\/cropped-logo-velostation-3-02.png","width":249,"height":250,"caption":"VELOSTATION PARIS VALLEE DE LA MARNE"},"image":{"@id":"https:\/\/m2ievm.com\/aavelo\/#\/schema\/logo\/image\/"}}]}},"_links":{"self":[{"href":"https:\/\/m2ievm.com\/aavelo\/wp-json\/wp\/v2\/pages\/29","targetHints":{"allow":["GET"]}}],"collection":[{"href":"https:\/\/m2ievm.com\/aavelo\/wp-json\/wp\/v2\/pages"}],"about":[{"href":"https:\/\/m2ievm.com\/aavelo\/wp-json\/wp\/v2\/types\/page"}],"author":[{"embeddable":true,"href":"https:\/\/m2ievm.com\/aavelo\/wp-json\/wp\/v2\/users\/1"}],"replies":[{"embeddable":true,"href":"https:\/\/m2ievm.com\/aavelo\/wp-json\/wp\/v2\/comments?post=29"}],"version-history":[{"count":10,"href":"https:\/\/m2ievm.com\/aavelo\/wp-json\/wp\/v2\/pages\/29\/revisions"}],"predecessor-version":[{"id":665,"href":"https:\/\/m2ievm.com\/aavelo\/wp-json\/wp\/v2\/pages\/29\/revisions\/665"}],"wp:attachment":[{"href":"https:\/\/m2ievm.com\/aavelo\/wp-json\/wp\/v2\/media?parent=29"}],"curies":[{"name":"wp","href":"https:\/\/api.w.org\/{rel}","templated":true}]}}