{"id":31,"date":"2018-12-03T16:40:05","date_gmt":"2018-12-03T15:40:05","guid":{"rendered":"http:\/\/m2ievm.com\/aavelo\/?page_id=31"},"modified":"2021-10-14T23:58:43","modified_gmt":"2021-10-14T21:58:43","slug":"reparation","status":"publish","type":"page","link":"https:\/\/m2ievm.com\/aavelo\/reparation\/","title":{"rendered":"R\u00e9paration"},"content":{"rendered":"\t\t<div data-elementor-type=\"wp-post\" data-elementor-id=\"31\" class=\"elementor elementor-31\">\n\t\t\t\t\t\t<section class=\"elementor-section elementor-top-section elementor-element elementor-element-35ffc17 elementor-section-boxed elementor-section-height-default elementor-section-height-default\" data-id=\"35ffc17\" data-element_type=\"section\">\n\t\t\t\t\t\t<div class=\"elementor-container elementor-column-gap-default\">\n\t\t\t\t\t<div class=\"elementor-column elementor-col-50 elementor-top-column elementor-element elementor-element-f9b7142\" data-id=\"f9b7142\" data-element_type=\"column\">\n\t\t\t<div class=\"elementor-widget-wrap elementor-element-populated\">\n\t\t\t\t\t\t<div class=\"elementor-element elementor-element-7245fb3 elementor-widget elementor-widget-image\" data-id=\"7245fb3\" data-element_type=\"widget\" data-widget_type=\"image.default\">\n\t\t\t\t<div class=\"elementor-widget-container\">\n\t\t\t\t\t\t\t\t\t\t\t\t\t\t\t<img fetchpriority=\"high\" decoding=\"async\" width=\"512\" height=\"397\" src=\"https:\/\/m2ievm.com\/aavelo\/wp-content\/uploads\/2019\/01\/Velimobile-444.jpg\" class=\"attachment-large size-large wp-image-389\" alt=\"\" srcset=\"https:\/\/m2ievm.com\/aavelo\/wp-content\/uploads\/2019\/01\/Velimobile-444.jpg 512w, https:\/\/m2ievm.com\/aavelo\/wp-content\/uploads\/2019\/01\/Velimobile-444-300x233.jpg 300w\" sizes=\"100vw\" \/>\t\t\t\t\t\t\t\t\t\t\t\t\t\t\t<\/div>\n\t\t\t\t<\/div>\n\t\t\t\t\t<\/div>\n\t\t<\/div>\n\t\t\t\t<div class=\"elementor-column elementor-col-50 elementor-top-column elementor-element elementor-element-109cf1b\" data-id=\"109cf1b\" data-element_type=\"column\">\n\t\t\t<div class=\"elementor-widget-wrap elementor-element-populated\">\n\t\t\t\t\t\t<div class=\"elementor-element elementor-element-adab416 elementor-widget elementor-widget-image\" data-id=\"adab416\" data-element_type=\"widget\" data-widget_type=\"image.default\">\n\t\t\t\t<div class=\"elementor-widget-container\">\n\t\t\t\t\t\t\t\t\t\t\t\t\t\t\t<img decoding=\"async\" src=\"https:\/\/m2ievm.com\/aavelo\/wp-content\/uploads\/2019\/01\/IMG_7816.jpg\" title=\"IMG_7816\" alt=\"IMG_7816\" loading=\"lazy\" \/>\t\t\t\t\t\t\t\t\t\t\t\t\t\t\t<\/div>\n\t\t\t\t<\/div>\n\t\t\t\t\t<\/div>\n\t\t<\/div>\n\t\t\t\t\t<\/div>\n\t\t<\/section>\n\t\t\t\t<section class=\"elementor-section elementor-top-section elementor-element elementor-element-ab68c1c elementor-section-boxed elementor-section-height-default elementor-section-height-default\" data-id=\"ab68c1c\" data-element_type=\"section\">\n\t\t\t\t\t\t<div class=\"elementor-container elementor-column-gap-default\">\n\t\t\t\t\t<div class=\"elementor-column elementor-col-100 elementor-top-column elementor-element elementor-element-adcca78\" data-id=\"adcca78\" data-element_type=\"column\">\n\t\t\t<div class=\"elementor-widget-wrap elementor-element-populated\">\n\t\t\t\t\t\t<div class=\"elementor-element elementor-element-76495ee elementor-widget elementor-widget-text-editor\" data-id=\"76495ee\" data-element_type=\"widget\" data-widget_type=\"text-editor.default\">\n\t\t\t\t<div class=\"elementor-widget-container\">\n\t\t\t\t\t\t\t\t\t<p>La VELOSTATION-PVM a \u00e9t\u00e9 d\u00e9velopp\u00e9e pour fournir un service professionnel aux usagers du v\u00e9lo au quotidien. A l\u2019atelier, vous pouvez b\u00e9n\u00e9ficier des comp\u00e9tences techniques et du savoir-faire des techniciens.<\/p><p>\u00a0<\/p>\t\t\t\t\t\t\t\t<\/div>\n\t\t\t\t<\/div>\n\t\t\t\t\t<\/div>\n\t\t<\/div>\n\t\t\t\t\t<\/div>\n\t\t<\/section>\n\t\t\t\t<section class=\"elementor-section elementor-top-section elementor-element elementor-element-a28eb8f elementor-section-boxed elementor-section-height-default elementor-section-height-default\" data-id=\"a28eb8f\" data-element_type=\"section\">\n\t\t\t\t\t\t<div class=\"elementor-container elementor-column-gap-default\">\n\t\t\t\t\t<div class=\"elementor-column elementor-col-100 elementor-top-column elementor-element elementor-element-91fb12f\" data-id=\"91fb12f\" data-element_type=\"column\">\n\t\t\t<div class=\"elementor-widget-wrap elementor-element-populated\">\n\t\t\t\t\t\t<div class=\"elementor-element elementor-element-d87e0fd elementor-widget elementor-widget-image\" data-id=\"d87e0fd\" data-element_type=\"widget\" data-widget_type=\"image.default\">\n\t\t\t\t<div class=\"elementor-widget-container\">\n\t\t\t\t\t\t\t\t\t\t\t\t\t\t\t<img decoding=\"async\" width=\"525\" height=\"676\" src=\"https:\/\/m2ievm.com\/aavelo\/wp-content\/uploads\/2021\/10\/tarifs-2021-page-1.png\" class=\"attachment-large size-large wp-image-1107\" alt=\"\" srcset=\"https:\/\/m2ievm.com\/aavelo\/wp-content\/uploads\/2021\/10\/tarifs-2021-page-1.png 565w, https:\/\/m2ievm.com\/aavelo\/wp-content\/uploads\/2021\/10\/tarifs-2021-page-1-233x300.png 233w, https:\/\/m2ievm.com\/aavelo\/wp-content\/uploads\/2021\/10\/tarifs-2021-page-1-500x643.png 500w\" sizes=\"100vw\" \/>\t\t\t\t\t\t\t\t\t\t\t\t\t\t\t<\/div>\n\t\t\t\t<\/div>\n\t\t\t\t\t<\/div>\n\t\t<\/div>\n\t\t\t\t\t<\/div>\n\t\t<\/section>\n\t\t\t\t<section class=\"elementor-section elementor-top-section elementor-element elementor-element-da1b5cb elementor-section-boxed elementor-section-height-default elementor-section-height-default\" data-id=\"da1b5cb\" data-element_type=\"section\">\n\t\t\t\t\t\t<div class=\"elementor-container elementor-column-gap-default\">\n\t\t\t\t\t<div class=\"elementor-column elementor-col-100 elementor-top-column elementor-element elementor-element-da56f39\" data-id=\"da56f39\" data-element_type=\"column\">\n\t\t\t<div class=\"elementor-widget-wrap elementor-element-populated\">\n\t\t\t\t\t\t<div class=\"elementor-element elementor-element-0309480 elementor-widget elementor-widget-image\" data-id=\"0309480\" data-element_type=\"widget\" data-widget_type=\"image.default\">\n\t\t\t\t<div class=\"elementor-widget-container\">\n\t\t\t\t\t\t\t\t\t\t\t\t\t\t\t<img decoding=\"async\" width=\"525\" height=\"682\" src=\"https:\/\/m2ievm.com\/aavelo\/wp-content\/uploads\/2021\/10\/tarifs-2021-page-2.png\" class=\"attachment-large size-large wp-image-1108\" alt=\"\" srcset=\"https:\/\/m2ievm.com\/aavelo\/wp-content\/uploads\/2021\/10\/tarifs-2021-page-2.png 558w, https:\/\/m2ievm.com\/aavelo\/wp-content\/uploads\/2021\/10\/tarifs-2021-page-2-231x300.png 231w, https:\/\/m2ievm.com\/aavelo\/wp-content\/uploads\/2021\/10\/tarifs-2021-page-2-500x650.png 500w\" sizes=\"100vw\" \/>\t\t\t\t\t\t\t\t\t\t\t\t\t\t\t<\/div>\n\t\t\t\t<\/div>\n\t\t\t\t\t<\/div>\n\t\t<\/div>\n\t\t\t\t\t<\/div>\n\t\t<\/section>\n\t\t\t\t<section class=\"elementor-section elementor-top-section elementor-element elementor-element-d642738 elementor-section-boxed elementor-section-height-default elementor-section-height-default\" data-id=\"d642738\" data-element_type=\"section\">\n\t\t\t\t\t\t<div class=\"elementor-container elementor-column-gap-default\">\n\t\t\t\t\t<div class=\"elementor-column elementor-col-100 elementor-top-column elementor-element elementor-element-0f586b0\" data-id=\"0f586b0\" data-element_type=\"column\">\n\t\t\t<div class=\"elementor-widget-wrap elementor-element-populated\">\n\t\t\t\t\t\t<div class=\"elementor-element elementor-element-a01a78f elementor-widget elementor-widget-image\" data-id=\"a01a78f\" data-element_type=\"widget\" data-widget_type=\"image.default\">\n\t\t\t\t<div class=\"elementor-widget-container\">\n\t\t\t\t\t\t\t\t\t\t\t\t\t\t\t<img loading=\"lazy\" decoding=\"async\" width=\"525\" height=\"677\" src=\"https:\/\/m2ievm.com\/aavelo\/wp-content\/uploads\/2021\/10\/tarifs-2021-page-3.jpg\" class=\"attachment-large size-large wp-image-1109\" alt=\"\" srcset=\"https:\/\/m2ievm.com\/aavelo\/wp-content\/uploads\/2021\/10\/tarifs-2021-page-3.jpg 564w, https:\/\/m2ievm.com\/aavelo\/wp-content\/uploads\/2021\/10\/tarifs-2021-page-3-233x300.jpg 233w, https:\/\/m2ievm.com\/aavelo\/wp-content\/uploads\/2021\/10\/tarifs-2021-page-3-500x645.jpg 500w\" sizes=\"100vw\" \/>\t\t\t\t\t\t\t\t\t\t\t\t\t\t\t<\/div>\n\t\t\t\t<\/div>\n\t\t\t\t\t<\/div>\n\t\t<\/div>\n\t\t\t\t\t<\/div>\n\t\t<\/section>\n\t\t\t\t<section class=\"elementor-section elementor-top-section elementor-element elementor-element-abda169 elementor-section-boxed elementor-section-height-default elementor-section-height-default\" data-id=\"abda169\" data-element_type=\"section\">\n\t\t\t\t\t\t<div class=\"elementor-container elementor-column-gap-default\">\n\t\t\t\t\t<div class=\"elementor-column elementor-col-100 elementor-top-column elementor-element elementor-element-5a51ae1\" data-id=\"5a51ae1\" data-element_type=\"column\">\n\t\t\t<div class=\"elementor-widget-wrap elementor-element-populated\">\n\t\t\t\t\t\t<div class=\"elementor-element elementor-element-ad7d10b elementor-widget elementor-widget-image\" data-id=\"ad7d10b\" data-element_type=\"widget\" data-widget_type=\"image.default\">\n\t\t\t\t<div class=\"elementor-widget-container\">\n\t\t\t\t\t\t\t\t\t\t\t\t\t\t\t<img loading=\"lazy\" decoding=\"async\" width=\"525\" height=\"679\" src=\"https:\/\/m2ievm.com\/aavelo\/wp-content\/uploads\/2021\/10\/tarifs-2021-page-4.jpg\" class=\"attachment-large size-large wp-image-1110\" alt=\"\" srcset=\"https:\/\/m2ievm.com\/aavelo\/wp-content\/uploads\/2021\/10\/tarifs-2021-page-4.jpg 564w, https:\/\/m2ievm.com\/aavelo\/wp-content\/uploads\/2021\/10\/tarifs-2021-page-4-232x300.jpg 232w, https:\/\/m2ievm.com\/aavelo\/wp-content\/uploads\/2021\/10\/tarifs-2021-page-4-500x646.jpg 500w\" sizes=\"100vw\" \/>\t\t\t\t\t\t\t\t\t\t\t\t\t\t\t<\/div>\n\t\t\t\t<\/div>\n\t\t\t\t\t<\/div>\n\t\t<\/div>\n\t\t\t\t\t<\/div>\n\t\t<\/section>\n\t\t\t\t<\/div>\n\t\t","protected":false},"excerpt":{"rendered":"<p>La VELOSTATION-PVM a \u00e9t\u00e9 d\u00e9velopp\u00e9e pour fournir un service professionnel aux usagers du v\u00e9lo au quotidien. A l\u2019atelier, vous pouvez b\u00e9n\u00e9ficier des comp\u00e9tences techniques et du savoir-faire des techniciens. \u00a0<\/p>\n","protected":false},"author":1,"featured_media":0,"parent":0,"menu_order":0,"comment_status":"closed","ping_status":"closed","template":"","meta":{"_vp_format_video_url":"","_vp_image_focal_point":[],"footnotes":""},"class_list":["post-31","page","type-page","status-publish","hentry"],"yoast_head":"<!-- This site is optimized with the Yoast SEO plugin v25.0 - https:\/\/yoast.com\/wordpress\/plugins\/seo\/ -->\n<title>R\u00e9paration - VELOSTATION PARIS VALLEE DE LA MARNE<\/title>\n<meta name=\"robots\" content=\"index, follow, max-snippet:-1, max-image-preview:large, max-video-preview:-1\" \/>\n<link rel=\"canonical\" href=\"http:\/\/m2ievm.com\/aavelo\/reparation\/\" \/>\n<meta property=\"og:locale\" content=\"fr_FR\" \/>\n<meta property=\"og:type\" content=\"article\" \/>\n<meta property=\"og:title\" content=\"R\u00e9paration - VELOSTATION PARIS VALLEE DE LA MARNE\" \/>\n<meta property=\"og:description\" content=\"La VELOSTATION-PVM a \u00e9t\u00e9 d\u00e9velopp\u00e9e pour fournir un service professionnel aux usagers du v\u00e9lo au quotidien. A l\u2019atelier, vous pouvez b\u00e9n\u00e9ficier des comp\u00e9tences techniques et du savoir-faire des techniciens. \u00a0\" \/>\n<meta property=\"og:url\" content=\"http:\/\/m2ievm.com\/aavelo\/reparation\/\" \/>\n<meta property=\"og:site_name\" content=\"VELOSTATION PARIS VALLEE DE LA MARNE\" \/>\n<meta property=\"article:modified_time\" content=\"2021-10-14T21:58:43+00:00\" \/>\n<meta property=\"og:image\" content=\"http:\/\/m2ievm.com\/aavelo\/wp-content\/uploads\/2019\/01\/Velimobile-444.jpg\" \/>\n<meta name=\"twitter:card\" content=\"summary_large_image\" \/>\n<meta name=\"twitter:label1\" content=\"Dur\u00e9e de lecture estim\u00e9e\" \/>\n\t<meta name=\"twitter:data1\" content=\"2 minutes\" \/>\n<script type=\"application\/ld+json\" class=\"yoast-schema-graph\">{\"@context\":\"https:\/\/schema.org\",\"@graph\":[{\"@type\":\"WebPage\",\"@id\":\"http:\/\/m2ievm.com\/aavelo\/reparation\/\",\"url\":\"http:\/\/m2ievm.com\/aavelo\/reparation\/\",\"name\":\"R\u00e9paration - VELOSTATION PARIS VALLEE DE LA MARNE\",\"isPartOf\":{\"@id\":\"https:\/\/m2ievm.com\/aavelo\/#website\"},\"primaryImageOfPage\":{\"@id\":\"http:\/\/m2ievm.com\/aavelo\/reparation\/#primaryimage\"},\"image\":{\"@id\":\"http:\/\/m2ievm.com\/aavelo\/reparation\/#primaryimage\"},\"thumbnailUrl\":\"http:\/\/m2ievm.com\/aavelo\/wp-content\/uploads\/2019\/01\/Velimobile-444.jpg\",\"datePublished\":\"2018-12-03T15:40:05+00:00\",\"dateModified\":\"2021-10-14T21:58:43+00:00\",\"breadcrumb\":{\"@id\":\"http:\/\/m2ievm.com\/aavelo\/reparation\/#breadcrumb\"},\"inLanguage\":\"fr-FR\",\"potentialAction\":[{\"@type\":\"ReadAction\",\"target\":[\"http:\/\/m2ievm.com\/aavelo\/reparation\/\"]}]},{\"@type\":\"ImageObject\",\"inLanguage\":\"fr-FR\",\"@id\":\"http:\/\/m2ievm.com\/aavelo\/reparation\/#primaryimage\",\"url\":\"https:\/\/m2ievm.com\/aavelo\/wp-content\/uploads\/2019\/01\/Velimobile-444.jpg\",\"contentUrl\":\"https:\/\/m2ievm.com\/aavelo\/wp-content\/uploads\/2019\/01\/Velimobile-444.jpg\",\"width\":512,\"height\":397},{\"@type\":\"BreadcrumbList\",\"@id\":\"http:\/\/m2ievm.com\/aavelo\/reparation\/#breadcrumb\",\"itemListElement\":[{\"@type\":\"ListItem\",\"position\":1,\"name\":\"Accueil\",\"item\":\"https:\/\/m2ievm.com\/aavelo\/\"},{\"@type\":\"ListItem\",\"position\":2,\"name\":\"R\u00e9paration\"}]},{\"@type\":\"WebSite\",\"@id\":\"https:\/\/m2ievm.com\/aavelo\/#website\",\"url\":\"https:\/\/m2ievm.com\/aavelo\/\",\"name\":\"VELOSTATION PARIS VALLEE DE LA MARNE\",\"description\":\"un nouveau regard sur l&#039; Eco-mobilit\u00e9\",\"publisher\":{\"@id\":\"https:\/\/m2ievm.com\/aavelo\/#organization\"},\"potentialAction\":[{\"@type\":\"SearchAction\",\"target\":{\"@type\":\"EntryPoint\",\"urlTemplate\":\"https:\/\/m2ievm.com\/aavelo\/?s={search_term_string}\"},\"query-input\":{\"@type\":\"PropertyValueSpecification\",\"valueRequired\":true,\"valueName\":\"search_term_string\"}}],\"inLanguage\":\"fr-FR\"},{\"@type\":\"Organization\",\"@id\":\"https:\/\/m2ievm.com\/aavelo\/#organization\",\"name\":\"VELOSTATION PARIS VALLEE DE LA MARNE\",\"url\":\"https:\/\/m2ievm.com\/aavelo\/\",\"logo\":{\"@type\":\"ImageObject\",\"inLanguage\":\"fr-FR\",\"@id\":\"https:\/\/m2ievm.com\/aavelo\/#\/schema\/logo\/image\/\",\"url\":\"https:\/\/m2ievm.com\/aavelo\/wp-content\/uploads\/2025\/04\/cropped-logo-velostation-3-02.png\",\"contentUrl\":\"https:\/\/m2ievm.com\/aavelo\/wp-content\/uploads\/2025\/04\/cropped-logo-velostation-3-02.png\",\"width\":249,\"height\":250,\"caption\":\"VELOSTATION PARIS VALLEE DE LA MARNE\"},\"image\":{\"@id\":\"https:\/\/m2ievm.com\/aavelo\/#\/schema\/logo\/image\/\"}}]}<\/script>\n<!-- \/ Yoast SEO plugin. -->","yoast_head_json":{"title":"R\u00e9paration - VELOSTATION PARIS VALLEE DE LA MARNE","robots":{"index":"index","follow":"follow","max-snippet":"max-snippet:-1","max-image-preview":"max-image-preview:large","max-video-preview":"max-video-preview:-1"},"canonical":"http:\/\/m2ievm.com\/aavelo\/reparation\/","og_locale":"fr_FR","og_type":"article","og_title":"R\u00e9paration - VELOSTATION PARIS VALLEE DE LA MARNE","og_description":"La VELOSTATION-PVM a \u00e9t\u00e9 d\u00e9velopp\u00e9e pour fournir un service professionnel aux usagers du v\u00e9lo au quotidien. A l\u2019atelier, vous pouvez b\u00e9n\u00e9ficier des comp\u00e9tences techniques et du savoir-faire des techniciens. \u00a0","og_url":"http:\/\/m2ievm.com\/aavelo\/reparation\/","og_site_name":"VELOSTATION PARIS VALLEE DE LA MARNE","article_modified_time":"2021-10-14T21:58:43+00:00","og_image":[{"url":"http:\/\/m2ievm.com\/aavelo\/wp-content\/uploads\/2019\/01\/Velimobile-444.jpg","type":"","width":"","height":""}],"twitter_card":"summary_large_image","twitter_misc":{"Dur\u00e9e de lecture estim\u00e9e":"2 minutes"},"schema":{"@context":"https:\/\/schema.org","@graph":[{"@type":"WebPage","@id":"http:\/\/m2ievm.com\/aavelo\/reparation\/","url":"http:\/\/m2ievm.com\/aavelo\/reparation\/","name":"R\u00e9paration - VELOSTATION PARIS VALLEE DE LA MARNE","isPartOf":{"@id":"https:\/\/m2ievm.com\/aavelo\/#website"},"primaryImageOfPage":{"@id":"http:\/\/m2ievm.com\/aavelo\/reparation\/#primaryimage"},"image":{"@id":"http:\/\/m2ievm.com\/aavelo\/reparation\/#primaryimage"},"thumbnailUrl":"http:\/\/m2ievm.com\/aavelo\/wp-content\/uploads\/2019\/01\/Velimobile-444.jpg","datePublished":"2018-12-03T15:40:05+00:00","dateModified":"2021-10-14T21:58:43+00:00","breadcrumb":{"@id":"http:\/\/m2ievm.com\/aavelo\/reparation\/#breadcrumb"},"inLanguage":"fr-FR","potentialAction":[{"@type":"ReadAction","target":["http:\/\/m2ievm.com\/aavelo\/reparation\/"]}]},{"@type":"ImageObject","inLanguage":"fr-FR","@id":"http:\/\/m2ievm.com\/aavelo\/reparation\/#primaryimage","url":"https:\/\/m2ievm.com\/aavelo\/wp-content\/uploads\/2019\/01\/Velimobile-444.jpg","contentUrl":"https:\/\/m2ievm.com\/aavelo\/wp-content\/uploads\/2019\/01\/Velimobile-444.jpg","width":512,"height":397},{"@type":"BreadcrumbList","@id":"http:\/\/m2ievm.com\/aavelo\/reparation\/#breadcrumb","itemListElement":[{"@type":"ListItem","position":1,"name":"Accueil","item":"https:\/\/m2ievm.com\/aavelo\/"},{"@type":"ListItem","position":2,"name":"R\u00e9paration"}]},{"@type":"WebSite","@id":"https:\/\/m2ievm.com\/aavelo\/#website","url":"https:\/\/m2ievm.com\/aavelo\/","name":"VELOSTATION PARIS VALLEE DE LA MARNE","description":"un nouveau regard sur l&#039; Eco-mobilit\u00e9","publisher":{"@id":"https:\/\/m2ievm.com\/aavelo\/#organization"},"potentialAction":[{"@type":"SearchAction","target":{"@type":"EntryPoint","urlTemplate":"https:\/\/m2ievm.com\/aavelo\/?s={search_term_string}"},"query-input":{"@type":"PropertyValueSpecification","valueRequired":true,"valueName":"search_term_string"}}],"inLanguage":"fr-FR"},{"@type":"Organization","@id":"https:\/\/m2ievm.com\/aavelo\/#organization","name":"VELOSTATION PARIS VALLEE DE LA MARNE","url":"https:\/\/m2ievm.com\/aavelo\/","logo":{"@type":"ImageObject","inLanguage":"fr-FR","@id":"https:\/\/m2ievm.com\/aavelo\/#\/schema\/logo\/image\/","url":"https:\/\/m2ievm.com\/aavelo\/wp-content\/uploads\/2025\/04\/cropped-logo-velostation-3-02.png","contentUrl":"https:\/\/m2ievm.com\/aavelo\/wp-content\/uploads\/2025\/04\/cropped-logo-velostation-3-02.png","width":249,"height":250,"caption":"VELOSTATION PARIS VALLEE DE LA MARNE"},"image":{"@id":"https:\/\/m2ievm.com\/aavelo\/#\/schema\/logo\/image\/"}}]}},"_links":{"self":[{"href":"https:\/\/m2ievm.com\/aavelo\/wp-json\/wp\/v2\/pages\/31","targetHints":{"allow":["GET"]}}],"collection":[{"href":"https:\/\/m2ievm.com\/aavelo\/wp-json\/wp\/v2\/pages"}],"about":[{"href":"https:\/\/m2ievm.com\/aavelo\/wp-json\/wp\/v2\/types\/page"}],"author":[{"embeddable":true,"href":"https:\/\/m2ievm.com\/aavelo\/wp-json\/wp\/v2\/users\/1"}],"replies":[{"embeddable":true,"href":"https:\/\/m2ievm.com\/aavelo\/wp-json\/wp\/v2\/comments?post=31"}],"version-history":[{"count":15,"href":"https:\/\/m2ievm.com\/aavelo\/wp-json\/wp\/v2\/pages\/31\/revisions"}],"predecessor-version":[{"id":1119,"href":"https:\/\/m2ievm.com\/aavelo\/wp-json\/wp\/v2\/pages\/31\/revisions\/1119"}],"wp:attachment":[{"href":"https:\/\/m2ievm.com\/aavelo\/wp-json\/wp\/v2\/media?parent=31"}],"curies":[{"name":"wp","href":"https:\/\/api.w.org\/{rel}","templated":true}]}}