{"id":36,"date":"2018-12-03T16:41:19","date_gmt":"2018-12-03T15:41:19","guid":{"rendered":"http:\/\/m2ievm.com\/aavelo\/?page_id=36"},"modified":"2019-01-28T10:46:31","modified_gmt":"2019-01-28T09:46:31","slug":"notre-equipe","status":"publish","type":"page","link":"https:\/\/m2ievm.com\/aavelo\/notre-equipe\/","title":{"rendered":"Notre \u00e9quipe"},"content":{"rendered":"\t\t<div data-elementor-type=\"wp-post\" data-elementor-id=\"36\" class=\"elementor elementor-36 elementor-bc-flex-widget\">\n\t\t\t\t\t\t<section class=\"elementor-section elementor-top-section elementor-element elementor-element-13e25b9 elementor-section-boxed elementor-section-height-default elementor-section-height-default\" data-id=\"13e25b9\" data-element_type=\"section\" data-settings=\"{&quot;background_background&quot;:&quot;classic&quot;,&quot;shape_divider_top&quot;:&quot;opacity-tilt&quot;,&quot;shape_divider_bottom&quot;:&quot;opacity-tilt&quot;}\">\n\t\t\t\t\t<div class=\"elementor-shape elementor-shape-top\" data-negative=\"false\">\n\t\t\t<svg xmlns=\"http:\/\/www.w3.org\/2000\/svg\" viewBox=\"0 0 2600 131.1\" preserveAspectRatio=\"none\">\n\t<path class=\"elementor-shape-fill\" d=\"M0 0L2600 0 2600 69.1 0 0z\"\/>\n\t<path class=\"elementor-shape-fill\" style=\"opacity:0.5\" d=\"M0 0L2600 0 2600 69.1 0 69.1z\"\/>\n\t<path class=\"elementor-shape-fill\" style=\"opacity:0.25\" d=\"M2600 0L0 0 0 130.1 2600 69.1z\"\/>\n<\/svg>\t\t<\/div>\n\t\t\t\t<div class=\"elementor-shape elementor-shape-bottom\" data-negative=\"false\">\n\t\t\t<svg xmlns=\"http:\/\/www.w3.org\/2000\/svg\" viewBox=\"0 0 2600 131.1\" preserveAspectRatio=\"none\">\n\t<path class=\"elementor-shape-fill\" d=\"M0 0L2600 0 2600 69.1 0 0z\"\/>\n\t<path class=\"elementor-shape-fill\" style=\"opacity:0.5\" d=\"M0 0L2600 0 2600 69.1 0 69.1z\"\/>\n\t<path class=\"elementor-shape-fill\" style=\"opacity:0.25\" d=\"M2600 0L0 0 0 130.1 2600 69.1z\"\/>\n<\/svg>\t\t<\/div>\n\t\t\t\t\t<div class=\"elementor-container elementor-column-gap-default\">\n\t\t\t\t\t<div class=\"elementor-column elementor-col-100 elementor-top-column elementor-element elementor-element-17adef7\" data-id=\"17adef7\" data-element_type=\"column\">\n\t\t\t<div class=\"elementor-widget-wrap elementor-element-populated\">\n\t\t\t\t\t\t<div class=\"elementor-element elementor-element-247f692 elementor-widget elementor-widget-spacer\" data-id=\"247f692\" data-element_type=\"widget\" data-widget_type=\"spacer.default\">\n\t\t\t\t<div class=\"elementor-widget-container\">\n\t\t\t\t\t\t\t<div class=\"elementor-spacer\">\n\t\t\t<div class=\"elementor-spacer-inner\"><\/div>\n\t\t<\/div>\n\t\t\t\t\t\t<\/div>\n\t\t\t\t<\/div>\n\t\t\t\t<div class=\"elementor-element elementor-element-0e85701 elementor-widget elementor-widget-image\" data-id=\"0e85701\" data-element_type=\"widget\" data-widget_type=\"image.default\">\n\t\t\t\t<div class=\"elementor-widget-container\">\n\t\t\t\t\t\t\t\t\t\t\t\t\t\t\t<img fetchpriority=\"high\" decoding=\"async\" width=\"1920\" height=\"904\" src=\"https:\/\/m2ievm.com\/aavelo\/wp-content\/uploads\/2019\/01\/action-2277292_1920.jpg\" class=\"attachment-full size-full wp-image-522\" alt=\"\" srcset=\"https:\/\/m2ievm.com\/aavelo\/wp-content\/uploads\/2019\/01\/action-2277292_1920.jpg 1920w, https:\/\/m2ievm.com\/aavelo\/wp-content\/uploads\/2019\/01\/action-2277292_1920-300x141.jpg 300w, https:\/\/m2ievm.com\/aavelo\/wp-content\/uploads\/2019\/01\/action-2277292_1920-768x362.jpg 768w, https:\/\/m2ievm.com\/aavelo\/wp-content\/uploads\/2019\/01\/action-2277292_1920-1024x482.jpg 1024w, https:\/\/m2ievm.com\/aavelo\/wp-content\/uploads\/2019\/01\/action-2277292_1920-500x235.jpg 500w, https:\/\/m2ievm.com\/aavelo\/wp-content\/uploads\/2019\/01\/action-2277292_1920-800x377.jpg 800w, https:\/\/m2ievm.com\/aavelo\/wp-content\/uploads\/2019\/01\/action-2277292_1920-1280x603.jpg 1280w\" sizes=\"100vw\" \/>\t\t\t\t\t\t\t\t\t\t\t\t\t\t\t<\/div>\n\t\t\t\t<\/div>\n\t\t\t\t<div class=\"elementor-element elementor-element-2b26972 elementor-widget elementor-widget-spacer\" data-id=\"2b26972\" data-element_type=\"widget\" data-widget_type=\"spacer.default\">\n\t\t\t\t<div class=\"elementor-widget-container\">\n\t\t\t\t\t\t\t<div class=\"elementor-spacer\">\n\t\t\t<div class=\"elementor-spacer-inner\"><\/div>\n\t\t<\/div>\n\t\t\t\t\t\t<\/div>\n\t\t\t\t<\/div>\n\t\t\t\t<div class=\"elementor-element elementor-element-d64d65f elementor-widget elementor-widget-lae-services\" data-id=\"d64d65f\" data-element_type=\"widget\" data-widget_type=\"lae-services.default\">\n\t\t\t\t<div class=\"elementor-widget-container\">\n\t\t\t\t\t\n\n<div class=\"lae-services lae-services-style1 lae-uber-grid-container  lae-grid-auto-column-layout\" >\n\n    \n        \n        \n        \n<div class=\"lae-service \" >\n\n    \n        \n        <div class=\"lae-icon-wrapper\">\n\n            <i class=\"fa fa-bicycle\" aria-hidden=\"true\"><\/i>\n        <\/div>\n\n    \n    <div class=\"lae-service-text\">\n\n        <h3 class=\"lae-title\">La direction<\/h3>\n        <div class=\"lae-service-details\">qui g\u00e8re l'ensemble de l'activit\u00e9 de la Maison Intercommunale de l'Insertion et de l'Emploi Paris Vall\u00e9e de la Marne et donc de la VELOSTATION qu'elle porte\n<\/div>\n\n    <\/div><!-- .lae-service-text -->\n\n<\/div><!-- .lae-service -->\n    \n        \n        \n        \n<div class=\"lae-service \" >\n\n    \n        \n        <div class=\"lae-icon-wrapper\">\n\n            <i class=\"fa fa-group\" aria-hidden=\"true\"><\/i>\n        <\/div>\n\n    \n    <div class=\"lae-service-text\">\n\n        <h3 class=\"lae-title\">Le p\u00f4le administratif<\/h3>\n        <div class=\"lae-service-details\">qui s'occupe de la gestion administrative et comptable de la VELOSTATION\n<\/div>\n\n    <\/div><!-- .lae-service-text -->\n\n<\/div><!-- .lae-service -->\n    \n        \n        \n        \n<div class=\"lae-service \" >\n\n    \n        \n        <div class=\"lae-icon-wrapper\">\n\n            <i class=\"fa fa-wrench\" aria-hidden=\"true\"><\/i>\n        <\/div>\n\n    \n    <div class=\"lae-service-text\">\n\n        <h3 class=\"lae-title\">Le p\u00f4le technique<\/h3>\n        <div class=\"lae-service-details\">1 encadrant technique pour superviser l'atelier,\n4 techniciens pour d\u00e9livrer  l'ensemble des prestations.<\/div>\n\n    <\/div><!-- .lae-service-text -->\n\n<\/div><!-- .lae-service -->\n    \n<\/div><!-- .lae-services -->\n\n<div class=\"lae-clear\"><\/div>\t\t\t\t<\/div>\n\t\t\t\t<\/div>\n\t\t\t\t\t<\/div>\n\t\t<\/div>\n\t\t\t\t\t<\/div>\n\t\t<\/section>\n\t\t\t\t<\/div>\n\t\t","protected":false},"excerpt":{"rendered":"<p>La direction qui g\u00e8re l&rsquo;ensemble de l&rsquo;activit\u00e9 de la Maison Intercommunale de l&rsquo;Insertion et de l&rsquo;Emploi Paris Vall\u00e9e de la Marne et donc de la VELOSTATION qu&rsquo;elle porte Le p\u00f4le administratif qui s&rsquo;occupe de la gestion administrative et comptable de la VELOSTATION Le p\u00f4le technique 1 encadrant technique pour superviser l&rsquo;atelier, 4 techniciens pour d\u00e9livrer &hellip; <\/p>\n<p class=\"link-more\"><a href=\"https:\/\/m2ievm.com\/aavelo\/notre-equipe\/\" class=\"more-link\">Continuer la lecture<span class=\"screen-reader-text\"> de &laquo;&nbsp;Notre \u00e9quipe&nbsp;&raquo;<\/span><\/a><\/p>\n","protected":false},"author":1,"featured_media":0,"parent":0,"menu_order":0,"comment_status":"closed","ping_status":"closed","template":"elementor_header_footer","meta":{"_vp_format_video_url":"","_vp_image_focal_point":[],"footnotes":""},"class_list":["post-36","page","type-page","status-publish","hentry"],"yoast_head":"<!-- This site is optimized with the Yoast SEO plugin v25.0 - https:\/\/yoast.com\/wordpress\/plugins\/seo\/ -->\n<title>Notre \u00e9quipe - VELOSTATION PARIS VALLEE DE LA MARNE<\/title>\n<meta name=\"robots\" content=\"index, follow, max-snippet:-1, max-image-preview:large, max-video-preview:-1\" \/>\n<link rel=\"canonical\" href=\"https:\/\/m2ievm.com\/aavelo\/notre-equipe\/\" \/>\n<meta property=\"og:locale\" content=\"fr_FR\" \/>\n<meta property=\"og:type\" content=\"article\" \/>\n<meta property=\"og:title\" content=\"Notre \u00e9quipe - VELOSTATION PARIS VALLEE DE LA MARNE\" \/>\n<meta property=\"og:description\" content=\"La direction qui g\u00e8re l&rsquo;ensemble de l&rsquo;activit\u00e9 de la Maison Intercommunale de l&rsquo;Insertion et de l&rsquo;Emploi Paris Vall\u00e9e de la Marne et donc de la VELOSTATION qu&rsquo;elle porte Le p\u00f4le administratif qui s&rsquo;occupe de la gestion administrative et comptable de la VELOSTATION Le p\u00f4le technique 1 encadrant technique pour superviser l&rsquo;atelier, 4 techniciens pour d\u00e9livrer &hellip; Continuer la lecture de &laquo;&nbsp;Notre \u00e9quipe&nbsp;&raquo;\" \/>\n<meta property=\"og:url\" content=\"https:\/\/m2ievm.com\/aavelo\/notre-equipe\/\" \/>\n<meta property=\"og:site_name\" content=\"VELOSTATION PARIS VALLEE DE LA MARNE\" \/>\n<meta property=\"article:modified_time\" content=\"2019-01-28T09:46:31+00:00\" \/>\n<meta property=\"og:image\" content=\"http:\/\/m2ievm.com\/aavelo\/wp-content\/uploads\/2019\/01\/action-2277292_1920.jpg\" \/>\n<meta name=\"twitter:card\" content=\"summary_large_image\" \/>\n<script type=\"application\/ld+json\" class=\"yoast-schema-graph\">{\"@context\":\"https:\/\/schema.org\",\"@graph\":[{\"@type\":\"WebPage\",\"@id\":\"https:\/\/m2ievm.com\/aavelo\/notre-equipe\/\",\"url\":\"https:\/\/m2ievm.com\/aavelo\/notre-equipe\/\",\"name\":\"Notre \u00e9quipe - VELOSTATION PARIS VALLEE DE LA MARNE\",\"isPartOf\":{\"@id\":\"https:\/\/m2ievm.com\/aavelo\/#website\"},\"primaryImageOfPage\":{\"@id\":\"https:\/\/m2ievm.com\/aavelo\/notre-equipe\/#primaryimage\"},\"image\":{\"@id\":\"https:\/\/m2ievm.com\/aavelo\/notre-equipe\/#primaryimage\"},\"thumbnailUrl\":\"http:\/\/m2ievm.com\/aavelo\/wp-content\/uploads\/2019\/01\/action-2277292_1920.jpg\",\"datePublished\":\"2018-12-03T15:41:19+00:00\",\"dateModified\":\"2019-01-28T09:46:31+00:00\",\"breadcrumb\":{\"@id\":\"https:\/\/m2ievm.com\/aavelo\/notre-equipe\/#breadcrumb\"},\"inLanguage\":\"fr-FR\",\"potentialAction\":[{\"@type\":\"ReadAction\",\"target\":[\"https:\/\/m2ievm.com\/aavelo\/notre-equipe\/\"]}]},{\"@type\":\"ImageObject\",\"inLanguage\":\"fr-FR\",\"@id\":\"https:\/\/m2ievm.com\/aavelo\/notre-equipe\/#primaryimage\",\"url\":\"https:\/\/m2ievm.com\/aavelo\/wp-content\/uploads\/2019\/01\/action-2277292_1920.jpg\",\"contentUrl\":\"https:\/\/m2ievm.com\/aavelo\/wp-content\/uploads\/2019\/01\/action-2277292_1920.jpg\",\"width\":1920,\"height\":904},{\"@type\":\"BreadcrumbList\",\"@id\":\"https:\/\/m2ievm.com\/aavelo\/notre-equipe\/#breadcrumb\",\"itemListElement\":[{\"@type\":\"ListItem\",\"position\":1,\"name\":\"Accueil\",\"item\":\"https:\/\/m2ievm.com\/aavelo\/\"},{\"@type\":\"ListItem\",\"position\":2,\"name\":\"Notre \u00e9quipe\"}]},{\"@type\":\"WebSite\",\"@id\":\"https:\/\/m2ievm.com\/aavelo\/#website\",\"url\":\"https:\/\/m2ievm.com\/aavelo\/\",\"name\":\"VELOSTATION PARIS VALLEE DE LA MARNE\",\"description\":\"un nouveau regard sur l&#039; Eco-mobilit\u00e9\",\"publisher\":{\"@id\":\"https:\/\/m2ievm.com\/aavelo\/#organization\"},\"potentialAction\":[{\"@type\":\"SearchAction\",\"target\":{\"@type\":\"EntryPoint\",\"urlTemplate\":\"https:\/\/m2ievm.com\/aavelo\/?s={search_term_string}\"},\"query-input\":{\"@type\":\"PropertyValueSpecification\",\"valueRequired\":true,\"valueName\":\"search_term_string\"}}],\"inLanguage\":\"fr-FR\"},{\"@type\":\"Organization\",\"@id\":\"https:\/\/m2ievm.com\/aavelo\/#organization\",\"name\":\"VELOSTATION PARIS VALLEE DE LA MARNE\",\"url\":\"https:\/\/m2ievm.com\/aavelo\/\",\"logo\":{\"@type\":\"ImageObject\",\"inLanguage\":\"fr-FR\",\"@id\":\"https:\/\/m2ievm.com\/aavelo\/#\/schema\/logo\/image\/\",\"url\":\"https:\/\/m2ievm.com\/aavelo\/wp-content\/uploads\/2025\/04\/cropped-logo-velostation-3-02.png\",\"contentUrl\":\"https:\/\/m2ievm.com\/aavelo\/wp-content\/uploads\/2025\/04\/cropped-logo-velostation-3-02.png\",\"width\":249,\"height\":250,\"caption\":\"VELOSTATION PARIS VALLEE DE LA MARNE\"},\"image\":{\"@id\":\"https:\/\/m2ievm.com\/aavelo\/#\/schema\/logo\/image\/\"}}]}<\/script>\n<!-- \/ Yoast SEO plugin. -->","yoast_head_json":{"title":"Notre \u00e9quipe - VELOSTATION PARIS VALLEE DE LA MARNE","robots":{"index":"index","follow":"follow","max-snippet":"max-snippet:-1","max-image-preview":"max-image-preview:large","max-video-preview":"max-video-preview:-1"},"canonical":"https:\/\/m2ievm.com\/aavelo\/notre-equipe\/","og_locale":"fr_FR","og_type":"article","og_title":"Notre \u00e9quipe - VELOSTATION PARIS VALLEE DE LA MARNE","og_description":"La direction qui g\u00e8re l&rsquo;ensemble de l&rsquo;activit\u00e9 de la Maison Intercommunale de l&rsquo;Insertion et de l&rsquo;Emploi Paris Vall\u00e9e de la Marne et donc de la VELOSTATION qu&rsquo;elle porte Le p\u00f4le administratif qui s&rsquo;occupe de la gestion administrative et comptable de la VELOSTATION Le p\u00f4le technique 1 encadrant technique pour superviser l&rsquo;atelier, 4 techniciens pour d\u00e9livrer &hellip; Continuer la lecture de &laquo;&nbsp;Notre \u00e9quipe&nbsp;&raquo;","og_url":"https:\/\/m2ievm.com\/aavelo\/notre-equipe\/","og_site_name":"VELOSTATION PARIS VALLEE DE LA MARNE","article_modified_time":"2019-01-28T09:46:31+00:00","og_image":[{"url":"http:\/\/m2ievm.com\/aavelo\/wp-content\/uploads\/2019\/01\/action-2277292_1920.jpg","type":"","width":"","height":""}],"twitter_card":"summary_large_image","schema":{"@context":"https:\/\/schema.org","@graph":[{"@type":"WebPage","@id":"https:\/\/m2ievm.com\/aavelo\/notre-equipe\/","url":"https:\/\/m2ievm.com\/aavelo\/notre-equipe\/","name":"Notre \u00e9quipe - VELOSTATION PARIS VALLEE DE LA MARNE","isPartOf":{"@id":"https:\/\/m2ievm.com\/aavelo\/#website"},"primaryImageOfPage":{"@id":"https:\/\/m2ievm.com\/aavelo\/notre-equipe\/#primaryimage"},"image":{"@id":"https:\/\/m2ievm.com\/aavelo\/notre-equipe\/#primaryimage"},"thumbnailUrl":"http:\/\/m2ievm.com\/aavelo\/wp-content\/uploads\/2019\/01\/action-2277292_1920.jpg","datePublished":"2018-12-03T15:41:19+00:00","dateModified":"2019-01-28T09:46:31+00:00","breadcrumb":{"@id":"https:\/\/m2ievm.com\/aavelo\/notre-equipe\/#breadcrumb"},"inLanguage":"fr-FR","potentialAction":[{"@type":"ReadAction","target":["https:\/\/m2ievm.com\/aavelo\/notre-equipe\/"]}]},{"@type":"ImageObject","inLanguage":"fr-FR","@id":"https:\/\/m2ievm.com\/aavelo\/notre-equipe\/#primaryimage","url":"https:\/\/m2ievm.com\/aavelo\/wp-content\/uploads\/2019\/01\/action-2277292_1920.jpg","contentUrl":"https:\/\/m2ievm.com\/aavelo\/wp-content\/uploads\/2019\/01\/action-2277292_1920.jpg","width":1920,"height":904},{"@type":"BreadcrumbList","@id":"https:\/\/m2ievm.com\/aavelo\/notre-equipe\/#breadcrumb","itemListElement":[{"@type":"ListItem","position":1,"name":"Accueil","item":"https:\/\/m2ievm.com\/aavelo\/"},{"@type":"ListItem","position":2,"name":"Notre \u00e9quipe"}]},{"@type":"WebSite","@id":"https:\/\/m2ievm.com\/aavelo\/#website","url":"https:\/\/m2ievm.com\/aavelo\/","name":"VELOSTATION PARIS VALLEE DE LA MARNE","description":"un nouveau regard sur l&#039; Eco-mobilit\u00e9","publisher":{"@id":"https:\/\/m2ievm.com\/aavelo\/#organization"},"potentialAction":[{"@type":"SearchAction","target":{"@type":"EntryPoint","urlTemplate":"https:\/\/m2ievm.com\/aavelo\/?s={search_term_string}"},"query-input":{"@type":"PropertyValueSpecification","valueRequired":true,"valueName":"search_term_string"}}],"inLanguage":"fr-FR"},{"@type":"Organization","@id":"https:\/\/m2ievm.com\/aavelo\/#organization","name":"VELOSTATION PARIS VALLEE DE LA MARNE","url":"https:\/\/m2ievm.com\/aavelo\/","logo":{"@type":"ImageObject","inLanguage":"fr-FR","@id":"https:\/\/m2ievm.com\/aavelo\/#\/schema\/logo\/image\/","url":"https:\/\/m2ievm.com\/aavelo\/wp-content\/uploads\/2025\/04\/cropped-logo-velostation-3-02.png","contentUrl":"https:\/\/m2ievm.com\/aavelo\/wp-content\/uploads\/2025\/04\/cropped-logo-velostation-3-02.png","width":249,"height":250,"caption":"VELOSTATION PARIS VALLEE DE LA MARNE"},"image":{"@id":"https:\/\/m2ievm.com\/aavelo\/#\/schema\/logo\/image\/"}}]}},"_links":{"self":[{"href":"https:\/\/m2ievm.com\/aavelo\/wp-json\/wp\/v2\/pages\/36","targetHints":{"allow":["GET"]}}],"collection":[{"href":"https:\/\/m2ievm.com\/aavelo\/wp-json\/wp\/v2\/pages"}],"about":[{"href":"https:\/\/m2ievm.com\/aavelo\/wp-json\/wp\/v2\/types\/page"}],"author":[{"embeddable":true,"href":"https:\/\/m2ievm.com\/aavelo\/wp-json\/wp\/v2\/users\/1"}],"replies":[{"embeddable":true,"href":"https:\/\/m2ievm.com\/aavelo\/wp-json\/wp\/v2\/comments?post=36"}],"version-history":[{"count":15,"href":"https:\/\/m2ievm.com\/aavelo\/wp-json\/wp\/v2\/pages\/36\/revisions"}],"predecessor-version":[{"id":659,"href":"https:\/\/m2ievm.com\/aavelo\/wp-json\/wp\/v2\/pages\/36\/revisions\/659"}],"wp:attachment":[{"href":"https:\/\/m2ievm.com\/aavelo\/wp-json\/wp\/v2\/media?parent=36"}],"curies":[{"name":"wp","href":"https:\/\/api.w.org\/{rel}","templated":true}]}}