{"id":42,"date":"2018-12-03T16:41:58","date_gmt":"2018-12-03T15:41:58","guid":{"rendered":"http:\/\/m2ievm.com\/aavelo\/?page_id=42"},"modified":"2019-02-26T10:33:46","modified_gmt":"2019-02-26T09:33:46","slug":"accessoires","status":"publish","type":"page","link":"https:\/\/m2ievm.com\/aavelo\/accessoires\/","title":{"rendered":"Accessoires"},"content":{"rendered":"\t\t<div data-elementor-type=\"wp-post\" data-elementor-id=\"42\" class=\"elementor elementor-42 elementor-bc-flex-widget\">\n\t\t\t\t\t\t<section class=\"elementor-section elementor-top-section elementor-element elementor-element-9d20f00 elementor-section-boxed elementor-section-height-default elementor-section-height-default\" data-id=\"9d20f00\" data-element_type=\"section\">\n\t\t\t\t\t\t<div class=\"elementor-container elementor-column-gap-default\">\n\t\t\t\t\t<div class=\"elementor-column elementor-col-100 elementor-top-column elementor-element elementor-element-b8be10e\" data-id=\"b8be10e\" data-element_type=\"column\">\n\t\t\t<div class=\"elementor-widget-wrap elementor-element-populated\">\n\t\t\t\t\t\t<div class=\"elementor-element elementor-element-9fc55d7 elementor-widget elementor-widget-text-editor\" data-id=\"9fc55d7\" data-element_type=\"widget\" data-widget_type=\"text-editor.default\">\n\t\t\t\t<div class=\"elementor-widget-container\">\n\t\t\t\t\t\t\t\t\t<p>La VELOSTATION-PVM met \u00e0 disposition diff\u00e9rents produits allant des protections individuelles aux pi\u00e8ces d\u00e9tach\u00e9es.\u00a0<\/p><p>Se rapprocher de l&rsquo;\u00e9quipe de techniciens qui vous apportera des conseils sur vos \u00e9quipements.<\/p>\t\t\t\t\t\t\t\t<\/div>\n\t\t\t\t<\/div>\n\t\t\t\t\t<\/div>\n\t\t<\/div>\n\t\t\t\t\t<\/div>\n\t\t<\/section>\n\t\t\t\t<section class=\"elementor-section elementor-top-section elementor-element elementor-element-3a77fd7 elementor-section-boxed elementor-section-height-default elementor-section-height-default\" data-id=\"3a77fd7\" data-element_type=\"section\">\n\t\t\t\t\t\t<div class=\"elementor-container elementor-column-gap-default\">\n\t\t\t\t\t<div class=\"elementor-column elementor-col-33 elementor-top-column elementor-element elementor-element-9f0abef\" data-id=\"9f0abef\" data-element_type=\"column\">\n\t\t\t<div class=\"elementor-widget-wrap elementor-element-populated\">\n\t\t\t\t\t\t<div class=\"elementor-element elementor-element-fb7c1dd elementor-widget elementor-widget-image\" data-id=\"fb7c1dd\" data-element_type=\"widget\" data-widget_type=\"image.default\">\n\t\t\t\t<div class=\"elementor-widget-container\">\n\t\t\t\t\t\t\t\t\t\t\t\t\t\t\t<img fetchpriority=\"high\" decoding=\"async\" width=\"225\" height=\"225\" src=\"https:\/\/m2ievm.com\/aavelo\/wp-content\/uploads\/2019\/02\/gilet-fluo.jpg\" class=\"attachment-large size-large wp-image-754\" alt=\"\" srcset=\"https:\/\/m2ievm.com\/aavelo\/wp-content\/uploads\/2019\/02\/gilet-fluo.jpg 225w, https:\/\/m2ievm.com\/aavelo\/wp-content\/uploads\/2019\/02\/gilet-fluo-150x150.jpg 150w, https:\/\/m2ievm.com\/aavelo\/wp-content\/uploads\/2019\/02\/gilet-fluo-100x100.jpg 100w\" sizes=\"100vw\" \/>\t\t\t\t\t\t\t\t\t\t\t\t\t\t\t<\/div>\n\t\t\t\t<\/div>\n\t\t\t\t\t<\/div>\n\t\t<\/div>\n\t\t\t\t<div class=\"elementor-column elementor-col-33 elementor-top-column elementor-element elementor-element-aa53b79\" data-id=\"aa53b79\" data-element_type=\"column\">\n\t\t\t<div class=\"elementor-widget-wrap elementor-element-populated\">\n\t\t\t\t\t\t<div class=\"elementor-element elementor-element-dcc51f1 elementor-widget elementor-widget-image\" data-id=\"dcc51f1\" data-element_type=\"widget\" data-widget_type=\"image.default\">\n\t\t\t\t<div class=\"elementor-widget-container\">\n\t\t\t\t\t\t\t\t\t\t\t\t\t\t\t<img decoding=\"async\" width=\"525\" height=\"525\" src=\"https:\/\/m2ievm.com\/aavelo\/wp-content\/uploads\/2019\/02\/si\u00e8ge-b\u00e9b\u00e9-1024x1024.jpg\" class=\"attachment-large size-large wp-image-755\" alt=\"\" srcset=\"https:\/\/m2ievm.com\/aavelo\/wp-content\/uploads\/2019\/02\/si\u00e8ge-b\u00e9b\u00e9-1024x1024.jpg 1024w, https:\/\/m2ievm.com\/aavelo\/wp-content\/uploads\/2019\/02\/si\u00e8ge-b\u00e9b\u00e9-150x150.jpg 150w, https:\/\/m2ievm.com\/aavelo\/wp-content\/uploads\/2019\/02\/si\u00e8ge-b\u00e9b\u00e9-300x300.jpg 300w, https:\/\/m2ievm.com\/aavelo\/wp-content\/uploads\/2019\/02\/si\u00e8ge-b\u00e9b\u00e9-768x768.jpg 768w, https:\/\/m2ievm.com\/aavelo\/wp-content\/uploads\/2019\/02\/si\u00e8ge-b\u00e9b\u00e9-500x500.jpg 500w, https:\/\/m2ievm.com\/aavelo\/wp-content\/uploads\/2019\/02\/si\u00e8ge-b\u00e9b\u00e9-800x800.jpg 800w, https:\/\/m2ievm.com\/aavelo\/wp-content\/uploads\/2019\/02\/si\u00e8ge-b\u00e9b\u00e9-1280x1280.jpg 1280w, https:\/\/m2ievm.com\/aavelo\/wp-content\/uploads\/2019\/02\/si\u00e8ge-b\u00e9b\u00e9-100x100.jpg 100w, https:\/\/m2ievm.com\/aavelo\/wp-content\/uploads\/2019\/02\/si\u00e8ge-b\u00e9b\u00e9.jpg 1300w\" sizes=\"100vw\" \/>\t\t\t\t\t\t\t\t\t\t\t\t\t\t\t<\/div>\n\t\t\t\t<\/div>\n\t\t\t\t\t<\/div>\n\t\t<\/div>\n\t\t\t\t<div class=\"elementor-column elementor-col-33 elementor-top-column elementor-element elementor-element-2f8e203\" data-id=\"2f8e203\" data-element_type=\"column\">\n\t\t\t<div class=\"elementor-widget-wrap elementor-element-populated\">\n\t\t\t\t\t\t<div class=\"elementor-element elementor-element-7cbe887 elementor-widget elementor-widget-image\" data-id=\"7cbe887\" data-element_type=\"widget\" data-widget_type=\"image.default\">\n\t\t\t\t<div class=\"elementor-widget-container\">\n\t\t\t\t\t\t\t\t\t\t\t\t\t\t\t<img decoding=\"async\" width=\"355\" height=\"355\" src=\"https:\/\/m2ievm.com\/aavelo\/wp-content\/uploads\/2019\/02\/casque-v\u00e9lo.jpg\" class=\"attachment-large size-large wp-image-757\" alt=\"\" srcset=\"https:\/\/m2ievm.com\/aavelo\/wp-content\/uploads\/2019\/02\/casque-v\u00e9lo.jpg 355w, https:\/\/m2ievm.com\/aavelo\/wp-content\/uploads\/2019\/02\/casque-v\u00e9lo-150x150.jpg 150w, https:\/\/m2ievm.com\/aavelo\/wp-content\/uploads\/2019\/02\/casque-v\u00e9lo-300x300.jpg 300w, https:\/\/m2ievm.com\/aavelo\/wp-content\/uploads\/2019\/02\/casque-v\u00e9lo-100x100.jpg 100w\" sizes=\"100vw\" \/>\t\t\t\t\t\t\t\t\t\t\t\t\t\t\t<\/div>\n\t\t\t\t<\/div>\n\t\t\t\t\t<\/div>\n\t\t<\/div>\n\t\t\t\t\t<\/div>\n\t\t<\/section>\n\t\t\t\t<\/div>\n\t\t","protected":false},"excerpt":{"rendered":"<p>La VELOSTATION-PVM met \u00e0 disposition diff\u00e9rents produits allant des protections individuelles aux pi\u00e8ces d\u00e9tach\u00e9es.\u00a0 Se rapprocher de l&rsquo;\u00e9quipe de techniciens qui vous apportera des conseils sur vos \u00e9quipements.<\/p>\n","protected":false},"author":1,"featured_media":0,"parent":0,"menu_order":0,"comment_status":"closed","ping_status":"closed","template":"","meta":{"_vp_format_video_url":"","_vp_image_focal_point":[],"footnotes":""},"class_list":["post-42","page","type-page","status-publish","hentry"],"yoast_head":"<!-- This site is optimized with the Yoast SEO plugin v25.0 - https:\/\/yoast.com\/wordpress\/plugins\/seo\/ -->\n<title>CASQUES-GILETS FLUO-ANTIVOLS - VELOSTATION PVM<\/title>\n<meta name=\"description\" content=\"La V\u00e9lostation-Paris Vall\u00e9e de la Marne vous propose tousles articles dont vous pourrez avoir besoin pour une pratique cyclable en s\u00e9curit\u00e9\" \/>\n<meta name=\"robots\" content=\"index, follow, max-snippet:-1, max-image-preview:large, max-video-preview:-1\" \/>\n<link rel=\"canonical\" href=\"http:\/\/m2ievm.com\/aavelo\/accessoires\/\" \/>\n<meta property=\"og:locale\" content=\"fr_FR\" \/>\n<meta property=\"og:type\" content=\"article\" \/>\n<meta property=\"og:title\" content=\"CASQUES-GILETS FLUO-ANTIVOLS - VELOSTATION PVM\" \/>\n<meta property=\"og:description\" content=\"La V\u00e9lostation-Paris Vall\u00e9e de la Marne vous propose tousles articles dont vous pourrez avoir besoin pour une pratique cyclable en s\u00e9curit\u00e9\" \/>\n<meta property=\"og:url\" content=\"http:\/\/m2ievm.com\/aavelo\/accessoires\/\" \/>\n<meta property=\"og:site_name\" content=\"VELOSTATION PARIS VALLEE DE LA MARNE\" \/>\n<meta property=\"article:modified_time\" content=\"2019-02-26T09:33:46+00:00\" \/>\n<meta property=\"og:image\" content=\"http:\/\/m2ievm.com\/aavelo\/wp-content\/uploads\/2019\/02\/gilet-fluo.jpg\" \/>\n<meta name=\"twitter:card\" content=\"summary_large_image\" \/>\n<script type=\"application\/ld+json\" class=\"yoast-schema-graph\">{\"@context\":\"https:\/\/schema.org\",\"@graph\":[{\"@type\":\"WebPage\",\"@id\":\"http:\/\/m2ievm.com\/aavelo\/accessoires\/\",\"url\":\"http:\/\/m2ievm.com\/aavelo\/accessoires\/\",\"name\":\"CASQUES-GILETS FLUO-ANTIVOLS - VELOSTATION PVM\",\"isPartOf\":{\"@id\":\"http:\/\/m2ievm.com\/aavelo\/#website\"},\"primaryImageOfPage\":{\"@id\":\"http:\/\/m2ievm.com\/aavelo\/accessoires\/#primaryimage\"},\"image\":{\"@id\":\"http:\/\/m2ievm.com\/aavelo\/accessoires\/#primaryimage\"},\"thumbnailUrl\":\"http:\/\/m2ievm.com\/aavelo\/wp-content\/uploads\/2019\/02\/gilet-fluo.jpg\",\"datePublished\":\"2018-12-03T15:41:58+00:00\",\"dateModified\":\"2019-02-26T09:33:46+00:00\",\"description\":\"La V\u00e9lostation-Paris Vall\u00e9e de la Marne vous propose tousles articles dont vous pourrez avoir besoin pour une pratique cyclable en s\u00e9curit\u00e9\",\"breadcrumb\":{\"@id\":\"http:\/\/m2ievm.com\/aavelo\/accessoires\/#breadcrumb\"},\"inLanguage\":\"fr-FR\",\"potentialAction\":[{\"@type\":\"ReadAction\",\"target\":[\"http:\/\/m2ievm.com\/aavelo\/accessoires\/\"]}]},{\"@type\":\"ImageObject\",\"inLanguage\":\"fr-FR\",\"@id\":\"http:\/\/m2ievm.com\/aavelo\/accessoires\/#primaryimage\",\"url\":\"https:\/\/m2ievm.com\/aavelo\/wp-content\/uploads\/2019\/02\/gilet-fluo.jpg\",\"contentUrl\":\"https:\/\/m2ievm.com\/aavelo\/wp-content\/uploads\/2019\/02\/gilet-fluo.jpg\",\"width\":225,\"height\":225},{\"@type\":\"BreadcrumbList\",\"@id\":\"http:\/\/m2ievm.com\/aavelo\/accessoires\/#breadcrumb\",\"itemListElement\":[{\"@type\":\"ListItem\",\"position\":1,\"name\":\"Accueil\",\"item\":\"http:\/\/m2ievm.com\/aavelo\/\"},{\"@type\":\"ListItem\",\"position\":2,\"name\":\"Accessoires\"}]},{\"@type\":\"WebSite\",\"@id\":\"http:\/\/m2ievm.com\/aavelo\/#website\",\"url\":\"http:\/\/m2ievm.com\/aavelo\/\",\"name\":\"VELOSTATION PARIS VALLEE DE LA MARNE\",\"description\":\"un nouveau regard sur l&#039; Eco-mobilit\u00e9\",\"publisher\":{\"@id\":\"http:\/\/m2ievm.com\/aavelo\/#organization\"},\"potentialAction\":[{\"@type\":\"SearchAction\",\"target\":{\"@type\":\"EntryPoint\",\"urlTemplate\":\"http:\/\/m2ievm.com\/aavelo\/?s={search_term_string}\"},\"query-input\":{\"@type\":\"PropertyValueSpecification\",\"valueRequired\":true,\"valueName\":\"search_term_string\"}}],\"inLanguage\":\"fr-FR\"},{\"@type\":\"Organization\",\"@id\":\"http:\/\/m2ievm.com\/aavelo\/#organization\",\"name\":\"VELOSTATION PARIS VALLEE DE LA MARNE\",\"url\":\"http:\/\/m2ievm.com\/aavelo\/\",\"logo\":{\"@type\":\"ImageObject\",\"inLanguage\":\"fr-FR\",\"@id\":\"http:\/\/m2ievm.com\/aavelo\/#\/schema\/logo\/image\/\",\"url\":\"https:\/\/m2ievm.com\/aavelo\/wp-content\/uploads\/2025\/04\/cropped-logo-velostation-3-02.png\",\"contentUrl\":\"https:\/\/m2ievm.com\/aavelo\/wp-content\/uploads\/2025\/04\/cropped-logo-velostation-3-02.png\",\"width\":249,\"height\":250,\"caption\":\"VELOSTATION PARIS VALLEE DE LA MARNE\"},\"image\":{\"@id\":\"http:\/\/m2ievm.com\/aavelo\/#\/schema\/logo\/image\/\"}}]}<\/script>\n<!-- \/ Yoast SEO plugin. -->","yoast_head_json":{"title":"CASQUES-GILETS FLUO-ANTIVOLS - VELOSTATION PVM","description":"La V\u00e9lostation-Paris Vall\u00e9e de la Marne vous propose tousles articles dont vous pourrez avoir besoin pour une pratique cyclable en s\u00e9curit\u00e9","robots":{"index":"index","follow":"follow","max-snippet":"max-snippet:-1","max-image-preview":"max-image-preview:large","max-video-preview":"max-video-preview:-1"},"canonical":"http:\/\/m2ievm.com\/aavelo\/accessoires\/","og_locale":"fr_FR","og_type":"article","og_title":"CASQUES-GILETS FLUO-ANTIVOLS - VELOSTATION PVM","og_description":"La V\u00e9lostation-Paris Vall\u00e9e de la Marne vous propose tousles articles dont vous pourrez avoir besoin pour une pratique cyclable en s\u00e9curit\u00e9","og_url":"http:\/\/m2ievm.com\/aavelo\/accessoires\/","og_site_name":"VELOSTATION PARIS VALLEE DE LA MARNE","article_modified_time":"2019-02-26T09:33:46+00:00","og_image":[{"url":"http:\/\/m2ievm.com\/aavelo\/wp-content\/uploads\/2019\/02\/gilet-fluo.jpg","type":"","width":"","height":""}],"twitter_card":"summary_large_image","schema":{"@context":"https:\/\/schema.org","@graph":[{"@type":"WebPage","@id":"http:\/\/m2ievm.com\/aavelo\/accessoires\/","url":"http:\/\/m2ievm.com\/aavelo\/accessoires\/","name":"CASQUES-GILETS FLUO-ANTIVOLS - VELOSTATION PVM","isPartOf":{"@id":"http:\/\/m2ievm.com\/aavelo\/#website"},"primaryImageOfPage":{"@id":"http:\/\/m2ievm.com\/aavelo\/accessoires\/#primaryimage"},"image":{"@id":"http:\/\/m2ievm.com\/aavelo\/accessoires\/#primaryimage"},"thumbnailUrl":"http:\/\/m2ievm.com\/aavelo\/wp-content\/uploads\/2019\/02\/gilet-fluo.jpg","datePublished":"2018-12-03T15:41:58+00:00","dateModified":"2019-02-26T09:33:46+00:00","description":"La V\u00e9lostation-Paris Vall\u00e9e de la Marne vous propose tousles articles dont vous pourrez avoir besoin pour une pratique cyclable en s\u00e9curit\u00e9","breadcrumb":{"@id":"http:\/\/m2ievm.com\/aavelo\/accessoires\/#breadcrumb"},"inLanguage":"fr-FR","potentialAction":[{"@type":"ReadAction","target":["http:\/\/m2ievm.com\/aavelo\/accessoires\/"]}]},{"@type":"ImageObject","inLanguage":"fr-FR","@id":"http:\/\/m2ievm.com\/aavelo\/accessoires\/#primaryimage","url":"https:\/\/m2ievm.com\/aavelo\/wp-content\/uploads\/2019\/02\/gilet-fluo.jpg","contentUrl":"https:\/\/m2ievm.com\/aavelo\/wp-content\/uploads\/2019\/02\/gilet-fluo.jpg","width":225,"height":225},{"@type":"BreadcrumbList","@id":"http:\/\/m2ievm.com\/aavelo\/accessoires\/#breadcrumb","itemListElement":[{"@type":"ListItem","position":1,"name":"Accueil","item":"http:\/\/m2ievm.com\/aavelo\/"},{"@type":"ListItem","position":2,"name":"Accessoires"}]},{"@type":"WebSite","@id":"http:\/\/m2ievm.com\/aavelo\/#website","url":"http:\/\/m2ievm.com\/aavelo\/","name":"VELOSTATION PARIS VALLEE DE LA MARNE","description":"un nouveau regard sur l&#039; Eco-mobilit\u00e9","publisher":{"@id":"http:\/\/m2ievm.com\/aavelo\/#organization"},"potentialAction":[{"@type":"SearchAction","target":{"@type":"EntryPoint","urlTemplate":"http:\/\/m2ievm.com\/aavelo\/?s={search_term_string}"},"query-input":{"@type":"PropertyValueSpecification","valueRequired":true,"valueName":"search_term_string"}}],"inLanguage":"fr-FR"},{"@type":"Organization","@id":"http:\/\/m2ievm.com\/aavelo\/#organization","name":"VELOSTATION PARIS VALLEE DE LA MARNE","url":"http:\/\/m2ievm.com\/aavelo\/","logo":{"@type":"ImageObject","inLanguage":"fr-FR","@id":"http:\/\/m2ievm.com\/aavelo\/#\/schema\/logo\/image\/","url":"https:\/\/m2ievm.com\/aavelo\/wp-content\/uploads\/2025\/04\/cropped-logo-velostation-3-02.png","contentUrl":"https:\/\/m2ievm.com\/aavelo\/wp-content\/uploads\/2025\/04\/cropped-logo-velostation-3-02.png","width":249,"height":250,"caption":"VELOSTATION PARIS VALLEE DE LA MARNE"},"image":{"@id":"http:\/\/m2ievm.com\/aavelo\/#\/schema\/logo\/image\/"}}]}},"_links":{"self":[{"href":"https:\/\/m2ievm.com\/aavelo\/wp-json\/wp\/v2\/pages\/42","targetHints":{"allow":["GET"]}}],"collection":[{"href":"https:\/\/m2ievm.com\/aavelo\/wp-json\/wp\/v2\/pages"}],"about":[{"href":"https:\/\/m2ievm.com\/aavelo\/wp-json\/wp\/v2\/types\/page"}],"author":[{"embeddable":true,"href":"https:\/\/m2ievm.com\/aavelo\/wp-json\/wp\/v2\/users\/1"}],"replies":[{"embeddable":true,"href":"https:\/\/m2ievm.com\/aavelo\/wp-json\/wp\/v2\/comments?post=42"}],"version-history":[{"count":3,"href":"https:\/\/m2ievm.com\/aavelo\/wp-json\/wp\/v2\/pages\/42\/revisions"}],"predecessor-version":[{"id":759,"href":"https:\/\/m2ievm.com\/aavelo\/wp-json\/wp\/v2\/pages\/42\/revisions\/759"}],"wp:attachment":[{"href":"https:\/\/m2ievm.com\/aavelo\/wp-json\/wp\/v2\/media?parent=42"}],"curies":[{"name":"wp","href":"https:\/\/api.w.org\/{rel}","templated":true}]}}