{"id":550,"date":"2019-01-17T16:30:11","date_gmt":"2019-01-17T15:30:11","guid":{"rendered":"http:\/\/m2ievm.com\/aavelo\/?page_id=550"},"modified":"2019-02-20T11:20:42","modified_gmt":"2019-02-20T10:20:42","slug":"batterie-electrique","status":"publish","type":"page","link":"https:\/\/m2ievm.com\/aavelo\/batterie-electrique\/","title":{"rendered":"Batterie \u00e9lectrique"},"content":{"rendered":"\t\t<div data-elementor-type=\"wp-post\" data-elementor-id=\"550\" class=\"elementor elementor-550 elementor-bc-flex-widget\">\n\t\t\t\t\t\t<section class=\"elementor-section elementor-top-section elementor-element elementor-element-075a6b0 elementor-section-boxed elementor-section-height-default elementor-section-height-default\" data-id=\"075a6b0\" data-element_type=\"section\">\n\t\t\t\t\t\t<div class=\"elementor-container elementor-column-gap-default\">\n\t\t\t\t\t<div class=\"elementor-column elementor-col-100 elementor-top-column elementor-element elementor-element-ed96e2e\" data-id=\"ed96e2e\" data-element_type=\"column\">\n\t\t\t<div class=\"elementor-widget-wrap elementor-element-populated\">\n\t\t\t\t\t\t<div class=\"elementor-element elementor-element-dfb3e86 elementor-widget elementor-widget-image\" data-id=\"dfb3e86\" data-element_type=\"widget\" data-widget_type=\"image.default\">\n\t\t\t\t<div class=\"elementor-widget-container\">\n\t\t\t\t\t\t\t\t\t\t\t\t\t\t\t<img fetchpriority=\"high\" decoding=\"async\" width=\"251\" height=\"200\" src=\"https:\/\/m2ievm.com\/aavelo\/wp-content\/uploads\/2019\/01\/batter.jpg\" class=\"attachment-large size-large wp-image-515\" alt=\"\" sizes=\"100vw\" \/>\t\t\t\t\t\t\t\t\t\t\t\t\t\t\t<\/div>\n\t\t\t\t<\/div>\n\t\t\t\t\t<\/div>\n\t\t<\/div>\n\t\t\t\t\t<\/div>\n\t\t<\/section>\n\t\t\t\t<section class=\"elementor-section elementor-top-section elementor-element elementor-element-47a4f40 elementor-section-boxed elementor-section-height-default elementor-section-height-default\" data-id=\"47a4f40\" data-element_type=\"section\">\n\t\t\t\t\t\t<div class=\"elementor-container elementor-column-gap-default\">\n\t\t\t\t\t<div class=\"elementor-column elementor-col-100 elementor-top-column elementor-element elementor-element-dfa0f63\" data-id=\"dfa0f63\" data-element_type=\"column\">\n\t\t\t<div class=\"elementor-widget-wrap elementor-element-populated\">\n\t\t\t\t\t\t<div class=\"elementor-element elementor-element-5974c98 elementor-widget elementor-widget-text-editor\" data-id=\"5974c98\" data-element_type=\"widget\" data-widget_type=\"text-editor.default\">\n\t\t\t\t<div class=\"elementor-widget-container\">\n\t\t\t\t\t\t\t\t\t<p><strong>Diagnostic et Reconditionnement de batteries \u00e9lectriques VAE<\/strong><\/p><p>La batterie de votre v\u00e9lo \u00e0 assistance \u00e9lectrique commence \u00e0 perdre de son autonomie. Plut\u00f4t que de la remplacer par une batterie neuve qui peut s\u2019av\u00e9rer on\u00e9reuse, nous vous proposons de la tester et ensuite la reconditionner.<\/p>\t\t\t\t\t\t\t\t<\/div>\n\t\t\t\t<\/div>\n\t\t\t\t\t<\/div>\n\t\t<\/div>\n\t\t\t\t\t<\/div>\n\t\t<\/section>\n\t\t\t\t<\/div>\n\t\t","protected":false},"excerpt":{"rendered":"<p>Diagnostic et Reconditionnement de batteries \u00e9lectriques VAE La batterie de votre v\u00e9lo \u00e0 assistance \u00e9lectrique commence \u00e0 perdre de son autonomie. Plut\u00f4t que de la remplacer par une batterie neuve qui peut s\u2019av\u00e9rer on\u00e9reuse, nous vous proposons de la tester et ensuite la reconditionner.<\/p>\n","protected":false},"author":1,"featured_media":0,"parent":0,"menu_order":0,"comment_status":"closed","ping_status":"closed","template":"","meta":{"_vp_format_video_url":"","_vp_image_focal_point":[],"footnotes":""},"class_list":["post-550","page","type-page","status-publish","hentry"],"yoast_head":"<!-- This site is optimized with the Yoast SEO plugin v25.0 - https:\/\/yoast.com\/wordpress\/plugins\/seo\/ -->\n<title>VELOSTATION-PVM : Diagnostic batteries \u00e9lectriques<\/title>\n<meta name=\"description\" content=\"Faites contr\u00f4ler la performance de votre batterie via un diagnostic pr\u00e9cis ou faites-la reconditionner sans d\u00e9penser trop d&#039;argent\" \/>\n<meta name=\"robots\" content=\"index, follow, max-snippet:-1, max-image-preview:large, max-video-preview:-1\" \/>\n<link rel=\"canonical\" href=\"http:\/\/m2ievm.com\/aavelo\/batterie-electrique\/\" \/>\n<meta property=\"og:locale\" content=\"fr_FR\" \/>\n<meta property=\"og:type\" content=\"article\" \/>\n<meta property=\"og:title\" content=\"VELOSTATION-PVM : Diagnostic batteries \u00e9lectriques\" \/>\n<meta property=\"og:description\" content=\"Faites contr\u00f4ler la performance de votre batterie via un diagnostic pr\u00e9cis ou faites-la reconditionner sans d\u00e9penser trop d&#039;argent\" \/>\n<meta property=\"og:url\" content=\"http:\/\/m2ievm.com\/aavelo\/batterie-electrique\/\" \/>\n<meta property=\"og:site_name\" content=\"VELOSTATION PARIS VALLEE DE LA MARNE\" \/>\n<meta property=\"article:modified_time\" content=\"2019-02-20T10:20:42+00:00\" \/>\n<meta property=\"og:image\" content=\"http:\/\/m2ievm.com\/aavelo\/wp-content\/uploads\/2019\/01\/batter.jpg\" \/>\n<meta name=\"twitter:card\" content=\"summary_large_image\" \/>\n<script type=\"application\/ld+json\" class=\"yoast-schema-graph\">{\"@context\":\"https:\/\/schema.org\",\"@graph\":[{\"@type\":\"WebPage\",\"@id\":\"http:\/\/m2ievm.com\/aavelo\/batterie-electrique\/\",\"url\":\"http:\/\/m2ievm.com\/aavelo\/batterie-electrique\/\",\"name\":\"VELOSTATION-PVM : Diagnostic batteries \u00e9lectriques\",\"isPartOf\":{\"@id\":\"https:\/\/m2ievm.com\/aavelo\/#website\"},\"primaryImageOfPage\":{\"@id\":\"http:\/\/m2ievm.com\/aavelo\/batterie-electrique\/#primaryimage\"},\"image\":{\"@id\":\"http:\/\/m2ievm.com\/aavelo\/batterie-electrique\/#primaryimage\"},\"thumbnailUrl\":\"http:\/\/m2ievm.com\/aavelo\/wp-content\/uploads\/2019\/01\/batter.jpg\",\"datePublished\":\"2019-01-17T15:30:11+00:00\",\"dateModified\":\"2019-02-20T10:20:42+00:00\",\"description\":\"Faites contr\u00f4ler la performance de votre batterie via un diagnostic pr\u00e9cis ou faites-la reconditionner sans d\u00e9penser trop d'argent\",\"breadcrumb\":{\"@id\":\"http:\/\/m2ievm.com\/aavelo\/batterie-electrique\/#breadcrumb\"},\"inLanguage\":\"fr-FR\",\"potentialAction\":[{\"@type\":\"ReadAction\",\"target\":[\"http:\/\/m2ievm.com\/aavelo\/batterie-electrique\/\"]}]},{\"@type\":\"ImageObject\",\"inLanguage\":\"fr-FR\",\"@id\":\"http:\/\/m2ievm.com\/aavelo\/batterie-electrique\/#primaryimage\",\"url\":\"https:\/\/m2ievm.com\/aavelo\/wp-content\/uploads\/2019\/01\/batter.jpg\",\"contentUrl\":\"https:\/\/m2ievm.com\/aavelo\/wp-content\/uploads\/2019\/01\/batter.jpg\",\"width\":251,\"height\":200},{\"@type\":\"BreadcrumbList\",\"@id\":\"http:\/\/m2ievm.com\/aavelo\/batterie-electrique\/#breadcrumb\",\"itemListElement\":[{\"@type\":\"ListItem\",\"position\":1,\"name\":\"Accueil\",\"item\":\"https:\/\/m2ievm.com\/aavelo\/\"},{\"@type\":\"ListItem\",\"position\":2,\"name\":\"Batterie \u00e9lectrique\"}]},{\"@type\":\"WebSite\",\"@id\":\"https:\/\/m2ievm.com\/aavelo\/#website\",\"url\":\"https:\/\/m2ievm.com\/aavelo\/\",\"name\":\"VELOSTATION PARIS VALLEE DE LA MARNE\",\"description\":\"un nouveau regard sur l&#039; Eco-mobilit\u00e9\",\"publisher\":{\"@id\":\"https:\/\/m2ievm.com\/aavelo\/#organization\"},\"potentialAction\":[{\"@type\":\"SearchAction\",\"target\":{\"@type\":\"EntryPoint\",\"urlTemplate\":\"https:\/\/m2ievm.com\/aavelo\/?s={search_term_string}\"},\"query-input\":{\"@type\":\"PropertyValueSpecification\",\"valueRequired\":true,\"valueName\":\"search_term_string\"}}],\"inLanguage\":\"fr-FR\"},{\"@type\":\"Organization\",\"@id\":\"https:\/\/m2ievm.com\/aavelo\/#organization\",\"name\":\"VELOSTATION PARIS VALLEE DE LA MARNE\",\"url\":\"https:\/\/m2ievm.com\/aavelo\/\",\"logo\":{\"@type\":\"ImageObject\",\"inLanguage\":\"fr-FR\",\"@id\":\"https:\/\/m2ievm.com\/aavelo\/#\/schema\/logo\/image\/\",\"url\":\"https:\/\/m2ievm.com\/aavelo\/wp-content\/uploads\/2025\/04\/cropped-logo-velostation-3-02.png\",\"contentUrl\":\"https:\/\/m2ievm.com\/aavelo\/wp-content\/uploads\/2025\/04\/cropped-logo-velostation-3-02.png\",\"width\":249,\"height\":250,\"caption\":\"VELOSTATION PARIS VALLEE DE LA MARNE\"},\"image\":{\"@id\":\"https:\/\/m2ievm.com\/aavelo\/#\/schema\/logo\/image\/\"}}]}<\/script>\n<!-- \/ Yoast SEO plugin. -->","yoast_head_json":{"title":"VELOSTATION-PVM : Diagnostic batteries \u00e9lectriques","description":"Faites contr\u00f4ler la performance de votre batterie via un diagnostic pr\u00e9cis ou faites-la reconditionner sans d\u00e9penser trop d'argent","robots":{"index":"index","follow":"follow","max-snippet":"max-snippet:-1","max-image-preview":"max-image-preview:large","max-video-preview":"max-video-preview:-1"},"canonical":"http:\/\/m2ievm.com\/aavelo\/batterie-electrique\/","og_locale":"fr_FR","og_type":"article","og_title":"VELOSTATION-PVM : Diagnostic batteries \u00e9lectriques","og_description":"Faites contr\u00f4ler la performance de votre batterie via un diagnostic pr\u00e9cis ou faites-la reconditionner sans d\u00e9penser trop d'argent","og_url":"http:\/\/m2ievm.com\/aavelo\/batterie-electrique\/","og_site_name":"VELOSTATION PARIS VALLEE DE LA MARNE","article_modified_time":"2019-02-20T10:20:42+00:00","og_image":[{"url":"http:\/\/m2ievm.com\/aavelo\/wp-content\/uploads\/2019\/01\/batter.jpg","type":"","width":"","height":""}],"twitter_card":"summary_large_image","schema":{"@context":"https:\/\/schema.org","@graph":[{"@type":"WebPage","@id":"http:\/\/m2ievm.com\/aavelo\/batterie-electrique\/","url":"http:\/\/m2ievm.com\/aavelo\/batterie-electrique\/","name":"VELOSTATION-PVM : Diagnostic batteries \u00e9lectriques","isPartOf":{"@id":"https:\/\/m2ievm.com\/aavelo\/#website"},"primaryImageOfPage":{"@id":"http:\/\/m2ievm.com\/aavelo\/batterie-electrique\/#primaryimage"},"image":{"@id":"http:\/\/m2ievm.com\/aavelo\/batterie-electrique\/#primaryimage"},"thumbnailUrl":"http:\/\/m2ievm.com\/aavelo\/wp-content\/uploads\/2019\/01\/batter.jpg","datePublished":"2019-01-17T15:30:11+00:00","dateModified":"2019-02-20T10:20:42+00:00","description":"Faites contr\u00f4ler la performance de votre batterie via un diagnostic pr\u00e9cis ou faites-la reconditionner sans d\u00e9penser trop d'argent","breadcrumb":{"@id":"http:\/\/m2ievm.com\/aavelo\/batterie-electrique\/#breadcrumb"},"inLanguage":"fr-FR","potentialAction":[{"@type":"ReadAction","target":["http:\/\/m2ievm.com\/aavelo\/batterie-electrique\/"]}]},{"@type":"ImageObject","inLanguage":"fr-FR","@id":"http:\/\/m2ievm.com\/aavelo\/batterie-electrique\/#primaryimage","url":"https:\/\/m2ievm.com\/aavelo\/wp-content\/uploads\/2019\/01\/batter.jpg","contentUrl":"https:\/\/m2ievm.com\/aavelo\/wp-content\/uploads\/2019\/01\/batter.jpg","width":251,"height":200},{"@type":"BreadcrumbList","@id":"http:\/\/m2ievm.com\/aavelo\/batterie-electrique\/#breadcrumb","itemListElement":[{"@type":"ListItem","position":1,"name":"Accueil","item":"https:\/\/m2ievm.com\/aavelo\/"},{"@type":"ListItem","position":2,"name":"Batterie \u00e9lectrique"}]},{"@type":"WebSite","@id":"https:\/\/m2ievm.com\/aavelo\/#website","url":"https:\/\/m2ievm.com\/aavelo\/","name":"VELOSTATION PARIS VALLEE DE LA MARNE","description":"un nouveau regard sur l&#039; Eco-mobilit\u00e9","publisher":{"@id":"https:\/\/m2ievm.com\/aavelo\/#organization"},"potentialAction":[{"@type":"SearchAction","target":{"@type":"EntryPoint","urlTemplate":"https:\/\/m2ievm.com\/aavelo\/?s={search_term_string}"},"query-input":{"@type":"PropertyValueSpecification","valueRequired":true,"valueName":"search_term_string"}}],"inLanguage":"fr-FR"},{"@type":"Organization","@id":"https:\/\/m2ievm.com\/aavelo\/#organization","name":"VELOSTATION PARIS VALLEE DE LA MARNE","url":"https:\/\/m2ievm.com\/aavelo\/","logo":{"@type":"ImageObject","inLanguage":"fr-FR","@id":"https:\/\/m2ievm.com\/aavelo\/#\/schema\/logo\/image\/","url":"https:\/\/m2ievm.com\/aavelo\/wp-content\/uploads\/2025\/04\/cropped-logo-velostation-3-02.png","contentUrl":"https:\/\/m2ievm.com\/aavelo\/wp-content\/uploads\/2025\/04\/cropped-logo-velostation-3-02.png","width":249,"height":250,"caption":"VELOSTATION PARIS VALLEE DE LA MARNE"},"image":{"@id":"https:\/\/m2ievm.com\/aavelo\/#\/schema\/logo\/image\/"}}]}},"_links":{"self":[{"href":"https:\/\/m2ievm.com\/aavelo\/wp-json\/wp\/v2\/pages\/550","targetHints":{"allow":["GET"]}}],"collection":[{"href":"https:\/\/m2ievm.com\/aavelo\/wp-json\/wp\/v2\/pages"}],"about":[{"href":"https:\/\/m2ievm.com\/aavelo\/wp-json\/wp\/v2\/types\/page"}],"author":[{"embeddable":true,"href":"https:\/\/m2ievm.com\/aavelo\/wp-json\/wp\/v2\/users\/1"}],"replies":[{"embeddable":true,"href":"https:\/\/m2ievm.com\/aavelo\/wp-json\/wp\/v2\/comments?post=550"}],"version-history":[{"count":4,"href":"https:\/\/m2ievm.com\/aavelo\/wp-json\/wp\/v2\/pages\/550\/revisions"}],"predecessor-version":[{"id":632,"href":"https:\/\/m2ievm.com\/aavelo\/wp-json\/wp\/v2\/pages\/550\/revisions\/632"}],"wp:attachment":[{"href":"https:\/\/m2ievm.com\/aavelo\/wp-json\/wp\/v2\/media?parent=550"}],"curies":[{"name":"wp","href":"https:\/\/api.w.org\/{rel}","templated":true}]}}