{"id":7,"date":"2018-12-03T16:38:58","date_gmt":"2018-12-03T15:38:58","guid":{"rendered":"http:\/\/m2ievm.com\/aavelo\/?page_id=7"},"modified":"2025-04-29T15:12:25","modified_gmt":"2025-04-29T13:12:25","slug":"velos-reconditionnes-pour-les-sduites","status":"publish","type":"page","link":"https:\/\/m2ievm.com\/aavelo\/velos-reconditionnes-pour-les-sduites\/","title":{"rendered":"V\u00e9los reconditionn\u00e9s pour les adultes"},"content":{"rendered":"\t\t<div data-elementor-type=\"wp-post\" data-elementor-id=\"7\" class=\"elementor elementor-7\">\n\t\t\t\t\t\t<section class=\"elementor-section elementor-top-section elementor-element elementor-element-212b737 elementor-section-boxed elementor-section-height-default elementor-section-height-default\" data-id=\"212b737\" data-element_type=\"section\">\n\t\t\t\t\t\t<div class=\"elementor-container elementor-column-gap-default\">\n\t\t\t\t\t<div class=\"elementor-column elementor-col-100 elementor-top-column elementor-element elementor-element-13861dc\" data-id=\"13861dc\" data-element_type=\"column\">\n\t\t\t<div class=\"elementor-widget-wrap elementor-element-populated\">\n\t\t\t\t\t\t<div class=\"elementor-element elementor-element-050c7c6 elementor-widget elementor-widget-text-editor\" data-id=\"050c7c6\" data-element_type=\"widget\" data-widget_type=\"text-editor.default\">\n\t\t\t\t<div class=\"elementor-widget-container\">\n\t\t\t\t\t\t\t\t\t<h1>Les v\u00e9los r\u00e9introduits dans l&rsquo;Economie Circulaire ou en cours de reconditionnement :<\/h1>\t\t\t\t\t\t\t\t<\/div>\n\t\t\t\t<\/div>\n\t\t\t\t\t<\/div>\n\t\t<\/div>\n\t\t\t\t\t<\/div>\n\t\t<\/section>\n\t\t\t\t<section class=\"elementor-section elementor-top-section elementor-element elementor-element-9836f0d elementor-section-boxed elementor-section-height-default elementor-section-height-default\" data-id=\"9836f0d\" data-element_type=\"section\">\n\t\t\t\t\t\t<div class=\"elementor-container elementor-column-gap-default\">\n\t\t\t\t\t<div class=\"elementor-column elementor-col-100 elementor-top-column elementor-element elementor-element-65674de\" data-id=\"65674de\" data-element_type=\"column\">\n\t\t\t<div class=\"elementor-widget-wrap elementor-element-populated\">\n\t\t\t\t\t\t<div class=\"elementor-element elementor-element-e1ccfad elementor-widget elementor-widget-image\" data-id=\"e1ccfad\" data-element_type=\"widget\" data-widget_type=\"image.default\">\n\t\t\t\t<div class=\"elementor-widget-container\">\n\t\t\t\t\t\t\t\t\t\t\t\t\t\t\t<img fetchpriority=\"high\" decoding=\"async\" width=\"525\" height=\"187\" src=\"https:\/\/m2ievm.com\/aavelo\/wp-content\/uploads\/2025\/04\/Capture-decran-2023-02-20-a-11.14.20-1024x364.png\" class=\"attachment-large size-large wp-image-1298\" alt=\"\" srcset=\"https:\/\/m2ievm.com\/aavelo\/wp-content\/uploads\/2025\/04\/Capture-decran-2023-02-20-a-11.14.20-1024x364.png 1024w, https:\/\/m2ievm.com\/aavelo\/wp-content\/uploads\/2025\/04\/Capture-decran-2023-02-20-a-11.14.20-300x107.png 300w, https:\/\/m2ievm.com\/aavelo\/wp-content\/uploads\/2025\/04\/Capture-decran-2023-02-20-a-11.14.20-768x273.png 768w, https:\/\/m2ievm.com\/aavelo\/wp-content\/uploads\/2025\/04\/Capture-decran-2023-02-20-a-11.14.20-500x178.png 500w, https:\/\/m2ievm.com\/aavelo\/wp-content\/uploads\/2025\/04\/Capture-decran-2023-02-20-a-11.14.20-800x284.png 800w, https:\/\/m2ievm.com\/aavelo\/wp-content\/uploads\/2025\/04\/Capture-decran-2023-02-20-a-11.14.20-1280x455.png 1280w, https:\/\/m2ievm.com\/aavelo\/wp-content\/uploads\/2025\/04\/Capture-decran-2023-02-20-a-11.14.20.png 1520w\" sizes=\"100vw\" \/>\t\t\t\t\t\t\t\t\t\t\t\t\t\t\t<\/div>\n\t\t\t\t<\/div>\n\t\t\t\t\t<\/div>\n\t\t<\/div>\n\t\t\t\t\t<\/div>\n\t\t<\/section>\n\t\t\t\t<section class=\"elementor-section elementor-top-section elementor-element elementor-element-6addb1d elementor-section-boxed elementor-section-height-default elementor-section-height-default\" data-id=\"6addb1d\" data-element_type=\"section\">\n\t\t\t\t\t\t<div class=\"elementor-container elementor-column-gap-default\">\n\t\t\t\t\t<div class=\"elementor-column elementor-col-33 elementor-top-column elementor-element elementor-element-8db20ac\" data-id=\"8db20ac\" data-element_type=\"column\">\n\t\t\t<div class=\"elementor-widget-wrap elementor-element-populated\">\n\t\t\t\t\t\t<div class=\"elementor-element elementor-element-0508fb9 elementor-widget elementor-widget-image\" data-id=\"0508fb9\" data-element_type=\"widget\" data-widget_type=\"image.default\">\n\t\t\t\t<div class=\"elementor-widget-container\">\n\t\t\t\t\t\t\t\t\t\t\t\t\t\t\t<img decoding=\"async\" width=\"525\" height=\"700\" src=\"https:\/\/m2ievm.com\/aavelo\/wp-content\/uploads\/2025\/04\/DRAISIENNE-CHRYSALIDE-768x1024.jpg\" class=\"attachment-large size-large wp-image-1303\" alt=\"\" srcset=\"https:\/\/m2ievm.com\/aavelo\/wp-content\/uploads\/2025\/04\/DRAISIENNE-CHRYSALIDE-768x1024.jpg 768w, https:\/\/m2ievm.com\/aavelo\/wp-content\/uploads\/2025\/04\/DRAISIENNE-CHRYSALIDE-225x300.jpg 225w, https:\/\/m2ievm.com\/aavelo\/wp-content\/uploads\/2025\/04\/DRAISIENNE-CHRYSALIDE-1152x1536.jpg 1152w, https:\/\/m2ievm.com\/aavelo\/wp-content\/uploads\/2025\/04\/DRAISIENNE-CHRYSALIDE-1536x2048.jpg 1536w, https:\/\/m2ievm.com\/aavelo\/wp-content\/uploads\/2025\/04\/DRAISIENNE-CHRYSALIDE-500x667.jpg 500w, https:\/\/m2ievm.com\/aavelo\/wp-content\/uploads\/2025\/04\/DRAISIENNE-CHRYSALIDE-800x1067.jpg 800w, https:\/\/m2ievm.com\/aavelo\/wp-content\/uploads\/2025\/04\/DRAISIENNE-CHRYSALIDE-1280x1707.jpg 1280w, https:\/\/m2ievm.com\/aavelo\/wp-content\/uploads\/2025\/04\/DRAISIENNE-CHRYSALIDE-scaled.jpg 1920w\" sizes=\"100vw\" \/>\t\t\t\t\t\t\t\t\t\t\t\t\t\t\t<\/div>\n\t\t\t\t<\/div>\n\t\t\t\t\t<\/div>\n\t\t<\/div>\n\t\t\t\t<div class=\"elementor-column elementor-col-33 elementor-top-column elementor-element elementor-element-cbafbd7\" data-id=\"cbafbd7\" data-element_type=\"column\">\n\t\t\t<div class=\"elementor-widget-wrap elementor-element-populated\">\n\t\t\t\t\t\t<div class=\"elementor-element elementor-element-2c55fc8 elementor-widget elementor-widget-image\" data-id=\"2c55fc8\" data-element_type=\"widget\" data-widget_type=\"image.default\">\n\t\t\t\t<div class=\"elementor-widget-container\">\n\t\t\t\t\t\t\t\t\t\t\t\t\t\t\t<img decoding=\"async\" width=\"525\" height=\"700\" src=\"https:\/\/m2ievm.com\/aavelo\/wp-content\/uploads\/2025\/04\/VELO-DE-COURSE-ADULTE-CHRYSALIDE--scaled.jpg\" class=\"attachment-large size-large wp-image-1308\" alt=\"\" srcset=\"https:\/\/m2ievm.com\/aavelo\/wp-content\/uploads\/2025\/04\/VELO-DE-COURSE-ADULTE-CHRYSALIDE--scaled.jpg 1920w, https:\/\/m2ievm.com\/aavelo\/wp-content\/uploads\/2025\/04\/VELO-DE-COURSE-ADULTE-CHRYSALIDE--225x300.jpg 225w\" sizes=\"100vw\" \/>\t\t\t\t\t\t\t\t\t\t\t\t\t\t\t<\/div>\n\t\t\t\t<\/div>\n\t\t\t\t\t<\/div>\n\t\t<\/div>\n\t\t\t\t<div class=\"elementor-column elementor-col-33 elementor-top-column elementor-element elementor-element-41b05cd\" data-id=\"41b05cd\" data-element_type=\"column\">\n\t\t\t<div class=\"elementor-widget-wrap elementor-element-populated\">\n\t\t\t\t\t\t<div class=\"elementor-element elementor-element-9b6a2fe elementor-widget elementor-widget-image\" data-id=\"9b6a2fe\" data-element_type=\"widget\" data-widget_type=\"image.default\">\n\t\t\t\t<div class=\"elementor-widget-container\">\n\t\t\t\t\t\t\t\t\t\t\t\t\t\t\t<img loading=\"lazy\" decoding=\"async\" width=\"1\" height=\"1\" src=\"https:\/\/m2ievm.com\/aavelo\/wp-content\/uploads\/2025\/04\/VELO-ADULTE-CHRYSALIDE.jpg\" class=\"attachment-large size-large wp-image-1306\" alt=\"\" sizes=\"100vw\" \/>\t\t\t\t\t\t\t\t\t\t\t\t\t\t\t<\/div>\n\t\t\t\t<\/div>\n\t\t\t\t\t<\/div>\n\t\t<\/div>\n\t\t\t\t\t<\/div>\n\t\t<\/section>\n\t\t\t\t<section class=\"elementor-section elementor-top-section elementor-element elementor-element-ab6db10 elementor-section-boxed elementor-section-height-default elementor-section-height-default\" data-id=\"ab6db10\" data-element_type=\"section\">\n\t\t\t\t\t\t<div class=\"elementor-container elementor-column-gap-default\">\n\t\t\t\t\t<div class=\"elementor-column elementor-col-33 elementor-top-column elementor-element elementor-element-bc09a50\" data-id=\"bc09a50\" data-element_type=\"column\">\n\t\t\t<div class=\"elementor-widget-wrap elementor-element-populated\">\n\t\t\t\t\t\t\t<\/div>\n\t\t<\/div>\n\t\t\t\t<div class=\"elementor-column elementor-col-33 elementor-top-column elementor-element elementor-element-a9e7dd2\" data-id=\"a9e7dd2\" data-element_type=\"column\">\n\t\t\t<div class=\"elementor-widget-wrap elementor-element-populated\">\n\t\t\t\t\t\t<div class=\"elementor-element elementor-element-aeffa44 elementor-widget elementor-widget-image\" data-id=\"aeffa44\" data-element_type=\"widget\" data-widget_type=\"image.default\">\n\t\t\t\t<div class=\"elementor-widget-container\">\n\t\t\t\t\t\t\t\t\t\t\t\t\t\t\t<img loading=\"lazy\" decoding=\"async\" width=\"525\" height=\"394\" src=\"https:\/\/m2ievm.com\/aavelo\/wp-content\/uploads\/2025\/04\/IMG_20250205_162619-1024x768.jpg\" class=\"attachment-large size-large wp-image-1302\" alt=\"\" srcset=\"https:\/\/m2ievm.com\/aavelo\/wp-content\/uploads\/2025\/04\/IMG_20250205_162619-1024x768.jpg 1024w, https:\/\/m2ievm.com\/aavelo\/wp-content\/uploads\/2025\/04\/IMG_20250205_162619-300x225.jpg 300w, https:\/\/m2ievm.com\/aavelo\/wp-content\/uploads\/2025\/04\/IMG_20250205_162619-768x576.jpg 768w, https:\/\/m2ievm.com\/aavelo\/wp-content\/uploads\/2025\/04\/IMG_20250205_162619-1536x1152.jpg 1536w, https:\/\/m2ievm.com\/aavelo\/wp-content\/uploads\/2025\/04\/IMG_20250205_162619-2048x1536.jpg 2048w, https:\/\/m2ievm.com\/aavelo\/wp-content\/uploads\/2025\/04\/IMG_20250205_162619-500x375.jpg 500w, https:\/\/m2ievm.com\/aavelo\/wp-content\/uploads\/2025\/04\/IMG_20250205_162619-800x600.jpg 800w, https:\/\/m2ievm.com\/aavelo\/wp-content\/uploads\/2025\/04\/IMG_20250205_162619-1280x960.jpg 1280w, https:\/\/m2ievm.com\/aavelo\/wp-content\/uploads\/2025\/04\/IMG_20250205_162619-1920x1440.jpg 1920w\" sizes=\"100vw\" \/>\t\t\t\t\t\t\t\t\t\t\t\t\t\t\t<\/div>\n\t\t\t\t<\/div>\n\t\t\t\t\t<\/div>\n\t\t<\/div>\n\t\t\t\t<div class=\"elementor-column elementor-col-33 elementor-top-column elementor-element elementor-element-a305491\" data-id=\"a305491\" data-element_type=\"column\">\n\t\t\t<div class=\"elementor-widget-wrap elementor-element-populated\">\n\t\t\t\t\t\t<div class=\"elementor-element elementor-element-d3939cf elementor-widget elementor-widget-image\" data-id=\"d3939cf\" data-element_type=\"widget\" data-widget_type=\"image.default\">\n\t\t\t\t<div class=\"elementor-widget-container\">\n\t\t\t\t\t\t\t\t\t\t\t\t\t\t\t<img loading=\"lazy\" decoding=\"async\" width=\"525\" height=\"394\" src=\"https:\/\/m2ievm.com\/aavelo\/wp-content\/uploads\/2025\/04\/IMG_20240626_113806-1-1024x768.jpg\" class=\"attachment-large size-large wp-image-1313\" alt=\"\" srcset=\"https:\/\/m2ievm.com\/aavelo\/wp-content\/uploads\/2025\/04\/IMG_20240626_113806-1-1024x768.jpg 1024w, https:\/\/m2ievm.com\/aavelo\/wp-content\/uploads\/2025\/04\/IMG_20240626_113806-1-300x225.jpg 300w, https:\/\/m2ievm.com\/aavelo\/wp-content\/uploads\/2025\/04\/IMG_20240626_113806-1-768x576.jpg 768w, https:\/\/m2ievm.com\/aavelo\/wp-content\/uploads\/2025\/04\/IMG_20240626_113806-1-1536x1152.jpg 1536w, https:\/\/m2ievm.com\/aavelo\/wp-content\/uploads\/2025\/04\/IMG_20240626_113806-1-2048x1536.jpg 2048w, https:\/\/m2ievm.com\/aavelo\/wp-content\/uploads\/2025\/04\/IMG_20240626_113806-1-500x375.jpg 500w, https:\/\/m2ievm.com\/aavelo\/wp-content\/uploads\/2025\/04\/IMG_20240626_113806-1-800x600.jpg 800w, https:\/\/m2ievm.com\/aavelo\/wp-content\/uploads\/2025\/04\/IMG_20240626_113806-1-1280x960.jpg 1280w, https:\/\/m2ievm.com\/aavelo\/wp-content\/uploads\/2025\/04\/IMG_20240626_113806-1-1920x1440.jpg 1920w\" sizes=\"100vw\" \/>\t\t\t\t\t\t\t\t\t\t\t\t\t\t\t<\/div>\n\t\t\t\t<\/div>\n\t\t\t\t\t<\/div>\n\t\t<\/div>\n\t\t\t\t\t<\/div>\n\t\t<\/section>\n\t\t\t\t<section class=\"elementor-section elementor-top-section elementor-element elementor-element-55e98f6 elementor-section-boxed elementor-section-height-default elementor-section-height-default\" data-id=\"55e98f6\" data-element_type=\"section\">\n\t\t\t\t\t\t<div class=\"elementor-container elementor-column-gap-default\">\n\t\t\t\t\t<div class=\"elementor-column elementor-col-33 elementor-top-column elementor-element elementor-element-d1e44f9\" data-id=\"d1e44f9\" data-element_type=\"column\">\n\t\t\t<div class=\"elementor-widget-wrap elementor-element-populated\">\n\t\t\t\t\t\t<div class=\"elementor-element elementor-element-c8d7835 elementor-widget elementor-widget-image\" data-id=\"c8d7835\" data-element_type=\"widget\" data-widget_type=\"image.default\">\n\t\t\t\t<div class=\"elementor-widget-container\">\n\t\t\t\t\t\t\t\t\t\t\t\t\t\t\t<img loading=\"lazy\" decoding=\"async\" width=\"525\" height=\"394\" src=\"https:\/\/m2ievm.com\/aavelo\/wp-content\/uploads\/2025\/04\/IMG_20240626_113725-1024x768.jpg\" class=\"attachment-large size-large wp-image-1314\" alt=\"\" srcset=\"https:\/\/m2ievm.com\/aavelo\/wp-content\/uploads\/2025\/04\/IMG_20240626_113725-1024x768.jpg 1024w, https:\/\/m2ievm.com\/aavelo\/wp-content\/uploads\/2025\/04\/IMG_20240626_113725-300x225.jpg 300w, https:\/\/m2ievm.com\/aavelo\/wp-content\/uploads\/2025\/04\/IMG_20240626_113725-768x576.jpg 768w, https:\/\/m2ievm.com\/aavelo\/wp-content\/uploads\/2025\/04\/IMG_20240626_113725-1536x1152.jpg 1536w, https:\/\/m2ievm.com\/aavelo\/wp-content\/uploads\/2025\/04\/IMG_20240626_113725-2048x1536.jpg 2048w, https:\/\/m2ievm.com\/aavelo\/wp-content\/uploads\/2025\/04\/IMG_20240626_113725-500x375.jpg 500w, https:\/\/m2ievm.com\/aavelo\/wp-content\/uploads\/2025\/04\/IMG_20240626_113725-800x600.jpg 800w, https:\/\/m2ievm.com\/aavelo\/wp-content\/uploads\/2025\/04\/IMG_20240626_113725-1280x960.jpg 1280w, https:\/\/m2ievm.com\/aavelo\/wp-content\/uploads\/2025\/04\/IMG_20240626_113725-1920x1440.jpg 1920w\" sizes=\"100vw\" \/>\t\t\t\t\t\t\t\t\t\t\t\t\t\t\t<\/div>\n\t\t\t\t<\/div>\n\t\t\t\t\t<\/div>\n\t\t<\/div>\n\t\t\t\t<div class=\"elementor-column elementor-col-33 elementor-top-column elementor-element elementor-element-f96e71f\" data-id=\"f96e71f\" data-element_type=\"column\">\n\t\t\t<div class=\"elementor-widget-wrap elementor-element-populated\">\n\t\t\t\t\t\t<div class=\"elementor-element elementor-element-674c3e2 elementor-widget elementor-widget-image\" data-id=\"674c3e2\" data-element_type=\"widget\" data-widget_type=\"image.default\">\n\t\t\t\t<div class=\"elementor-widget-container\">\n\t\t\t\t\t\t\t\t\t\t\t\t\t\t\t<img loading=\"lazy\" decoding=\"async\" width=\"525\" height=\"700\" src=\"https:\/\/m2ievm.com\/aavelo\/wp-content\/uploads\/2025\/04\/IMG_20250326_102631_147-768x1024.jpg\" class=\"attachment-large size-large wp-image-1316\" alt=\"\" srcset=\"https:\/\/m2ievm.com\/aavelo\/wp-content\/uploads\/2025\/04\/IMG_20250326_102631_147-768x1024.jpg 768w, https:\/\/m2ievm.com\/aavelo\/wp-content\/uploads\/2025\/04\/IMG_20250326_102631_147-225x300.jpg 225w, https:\/\/m2ievm.com\/aavelo\/wp-content\/uploads\/2025\/04\/IMG_20250326_102631_147-1152x1536.jpg 1152w, https:\/\/m2ievm.com\/aavelo\/wp-content\/uploads\/2025\/04\/IMG_20250326_102631_147-1536x2048.jpg 1536w, https:\/\/m2ievm.com\/aavelo\/wp-content\/uploads\/2025\/04\/IMG_20250326_102631_147-500x667.jpg 500w, https:\/\/m2ievm.com\/aavelo\/wp-content\/uploads\/2025\/04\/IMG_20250326_102631_147-800x1067.jpg 800w, https:\/\/m2ievm.com\/aavelo\/wp-content\/uploads\/2025\/04\/IMG_20250326_102631_147-1280x1707.jpg 1280w, https:\/\/m2ievm.com\/aavelo\/wp-content\/uploads\/2025\/04\/IMG_20250326_102631_147-scaled.jpg 1920w\" sizes=\"100vw\" \/>\t\t\t\t\t\t\t\t\t\t\t\t\t\t\t<\/div>\n\t\t\t\t<\/div>\n\t\t\t\t\t<\/div>\n\t\t<\/div>\n\t\t\t\t<div class=\"elementor-column elementor-col-33 elementor-top-column elementor-element elementor-element-6d8934c\" data-id=\"6d8934c\" data-element_type=\"column\">\n\t\t\t<div class=\"elementor-widget-wrap elementor-element-populated\">\n\t\t\t\t\t\t<div class=\"elementor-element elementor-element-a09f338 elementor-widget elementor-widget-image\" data-id=\"a09f338\" data-element_type=\"widget\" data-widget_type=\"image.default\">\n\t\t\t\t<div class=\"elementor-widget-container\">\n\t\t\t\t\t\t\t\t\t\t\t\t\t\t\t<img loading=\"lazy\" decoding=\"async\" width=\"525\" height=\"700\" src=\"https:\/\/m2ievm.com\/aavelo\/wp-content\/uploads\/2025\/04\/IMG_20250205_162639-768x1024.jpg\" class=\"attachment-large size-large wp-image-1317\" alt=\"\" srcset=\"https:\/\/m2ievm.com\/aavelo\/wp-content\/uploads\/2025\/04\/IMG_20250205_162639-768x1024.jpg 768w, https:\/\/m2ievm.com\/aavelo\/wp-content\/uploads\/2025\/04\/IMG_20250205_162639-225x300.jpg 225w, https:\/\/m2ievm.com\/aavelo\/wp-content\/uploads\/2025\/04\/IMG_20250205_162639-1152x1536.jpg 1152w, https:\/\/m2ievm.com\/aavelo\/wp-content\/uploads\/2025\/04\/IMG_20250205_162639-1536x2048.jpg 1536w, https:\/\/m2ievm.com\/aavelo\/wp-content\/uploads\/2025\/04\/IMG_20250205_162639-500x667.jpg 500w, https:\/\/m2ievm.com\/aavelo\/wp-content\/uploads\/2025\/04\/IMG_20250205_162639-800x1067.jpg 800w, https:\/\/m2ievm.com\/aavelo\/wp-content\/uploads\/2025\/04\/IMG_20250205_162639-1280x1707.jpg 1280w, https:\/\/m2ievm.com\/aavelo\/wp-content\/uploads\/2025\/04\/IMG_20250205_162639-scaled.jpg 1920w\" sizes=\"100vw\" \/>\t\t\t\t\t\t\t\t\t\t\t\t\t\t\t<\/div>\n\t\t\t\t<\/div>\n\t\t\t\t\t<\/div>\n\t\t<\/div>\n\t\t\t\t\t<\/div>\n\t\t<\/section>\n\t\t\t\t<\/div>\n\t\t","protected":false},"excerpt":{"rendered":"<p>Les v\u00e9los r\u00e9introduits dans l&rsquo;Economie Circulaire ou en cours de reconditionnement :<\/p>\n","protected":false},"author":1,"featured_media":0,"parent":0,"menu_order":0,"comment_status":"closed","ping_status":"closed","template":"","meta":{"_vp_format_video_url":"","_vp_image_focal_point":[],"footnotes":""},"class_list":["post-7","page","type-page","status-publish","hentry"],"yoast_head":"<!-- This site is optimized with the Yoast SEO plugin v25.0 - https:\/\/yoast.com\/wordpress\/plugins\/seo\/ -->\n<title>V\u00e9los reconditionn\u00e9s pour les adultes - VELOSTATION PARIS VALLEE DE LA MARNE<\/title>\n<meta name=\"robots\" content=\"index, follow, max-snippet:-1, max-image-preview:large, max-video-preview:-1\" \/>\n<link rel=\"canonical\" href=\"https:\/\/m2ievm.com\/aavelo\/velos-reconditionnes-pour-les-sduites\/\" \/>\n<meta property=\"og:locale\" content=\"fr_FR\" \/>\n<meta property=\"og:type\" content=\"article\" \/>\n<meta property=\"og:title\" content=\"V\u00e9los reconditionn\u00e9s pour les adultes - VELOSTATION PARIS VALLEE DE LA MARNE\" \/>\n<meta property=\"og:description\" content=\"Les v\u00e9los r\u00e9introduits dans l&rsquo;Economie Circulaire ou en cours de reconditionnement :\" \/>\n<meta property=\"og:url\" content=\"https:\/\/m2ievm.com\/aavelo\/velos-reconditionnes-pour-les-sduites\/\" \/>\n<meta property=\"og:site_name\" content=\"VELOSTATION PARIS VALLEE DE LA MARNE\" \/>\n<meta property=\"article:modified_time\" content=\"2025-04-29T13:12:25+00:00\" \/>\n<meta property=\"og:image\" content=\"http:\/\/m2ievm.com\/aavelo\/wp-content\/uploads\/2025\/04\/Capture-decran-2023-02-20-a-11.14.20-1024x364.png\" \/>\n<meta name=\"twitter:card\" content=\"summary_large_image\" \/>\n<meta name=\"twitter:label1\" content=\"Dur\u00e9e de lecture estim\u00e9e\" \/>\n\t<meta name=\"twitter:data1\" content=\"2 minutes\" \/>\n<script type=\"application\/ld+json\" class=\"yoast-schema-graph\">{\"@context\":\"https:\/\/schema.org\",\"@graph\":[{\"@type\":\"WebPage\",\"@id\":\"https:\/\/m2ievm.com\/aavelo\/velos-reconditionnes-pour-les-sduites\/\",\"url\":\"https:\/\/m2ievm.com\/aavelo\/velos-reconditionnes-pour-les-sduites\/\",\"name\":\"V\u00e9los reconditionn\u00e9s pour les adultes - VELOSTATION PARIS VALLEE DE LA MARNE\",\"isPartOf\":{\"@id\":\"https:\/\/m2ievm.com\/aavelo\/#website\"},\"primaryImageOfPage\":{\"@id\":\"https:\/\/m2ievm.com\/aavelo\/velos-reconditionnes-pour-les-sduites\/#primaryimage\"},\"image\":{\"@id\":\"https:\/\/m2ievm.com\/aavelo\/velos-reconditionnes-pour-les-sduites\/#primaryimage\"},\"thumbnailUrl\":\"http:\/\/m2ievm.com\/aavelo\/wp-content\/uploads\/2025\/04\/Capture-decran-2023-02-20-a-11.14.20-1024x364.png\",\"datePublished\":\"2018-12-03T15:38:58+00:00\",\"dateModified\":\"2025-04-29T13:12:25+00:00\",\"breadcrumb\":{\"@id\":\"https:\/\/m2ievm.com\/aavelo\/velos-reconditionnes-pour-les-sduites\/#breadcrumb\"},\"inLanguage\":\"fr-FR\",\"potentialAction\":[{\"@type\":\"ReadAction\",\"target\":[\"https:\/\/m2ievm.com\/aavelo\/velos-reconditionnes-pour-les-sduites\/\"]}]},{\"@type\":\"ImageObject\",\"inLanguage\":\"fr-FR\",\"@id\":\"https:\/\/m2ievm.com\/aavelo\/velos-reconditionnes-pour-les-sduites\/#primaryimage\",\"url\":\"https:\/\/m2ievm.com\/aavelo\/wp-content\/uploads\/2025\/04\/Capture-decran-2023-02-20-a-11.14.20.png\",\"contentUrl\":\"https:\/\/m2ievm.com\/aavelo\/wp-content\/uploads\/2025\/04\/Capture-decran-2023-02-20-a-11.14.20.png\",\"width\":1520,\"height\":540},{\"@type\":\"BreadcrumbList\",\"@id\":\"https:\/\/m2ievm.com\/aavelo\/velos-reconditionnes-pour-les-sduites\/#breadcrumb\",\"itemListElement\":[{\"@type\":\"ListItem\",\"position\":1,\"name\":\"Accueil\",\"item\":\"https:\/\/m2ievm.com\/aavelo\/\"},{\"@type\":\"ListItem\",\"position\":2,\"name\":\"V\u00e9los reconditionn\u00e9s pour les adultes\"}]},{\"@type\":\"WebSite\",\"@id\":\"https:\/\/m2ievm.com\/aavelo\/#website\",\"url\":\"https:\/\/m2ievm.com\/aavelo\/\",\"name\":\"VELOSTATION PARIS VALLEE DE LA MARNE\",\"description\":\"un nouveau regard sur l&#039; Eco-mobilit\u00e9\",\"publisher\":{\"@id\":\"https:\/\/m2ievm.com\/aavelo\/#organization\"},\"potentialAction\":[{\"@type\":\"SearchAction\",\"target\":{\"@type\":\"EntryPoint\",\"urlTemplate\":\"https:\/\/m2ievm.com\/aavelo\/?s={search_term_string}\"},\"query-input\":{\"@type\":\"PropertyValueSpecification\",\"valueRequired\":true,\"valueName\":\"search_term_string\"}}],\"inLanguage\":\"fr-FR\"},{\"@type\":\"Organization\",\"@id\":\"https:\/\/m2ievm.com\/aavelo\/#organization\",\"name\":\"VELOSTATION PARIS VALLEE DE LA MARNE\",\"url\":\"https:\/\/m2ievm.com\/aavelo\/\",\"logo\":{\"@type\":\"ImageObject\",\"inLanguage\":\"fr-FR\",\"@id\":\"https:\/\/m2ievm.com\/aavelo\/#\/schema\/logo\/image\/\",\"url\":\"https:\/\/m2ievm.com\/aavelo\/wp-content\/uploads\/2025\/04\/cropped-logo-velostation-3-02.png\",\"contentUrl\":\"https:\/\/m2ievm.com\/aavelo\/wp-content\/uploads\/2025\/04\/cropped-logo-velostation-3-02.png\",\"width\":249,\"height\":250,\"caption\":\"VELOSTATION PARIS VALLEE DE LA MARNE\"},\"image\":{\"@id\":\"https:\/\/m2ievm.com\/aavelo\/#\/schema\/logo\/image\/\"}}]}<\/script>\n<!-- \/ Yoast SEO plugin. -->","yoast_head_json":{"title":"V\u00e9los reconditionn\u00e9s pour les adultes - VELOSTATION PARIS VALLEE DE LA MARNE","robots":{"index":"index","follow":"follow","max-snippet":"max-snippet:-1","max-image-preview":"max-image-preview:large","max-video-preview":"max-video-preview:-1"},"canonical":"https:\/\/m2ievm.com\/aavelo\/velos-reconditionnes-pour-les-sduites\/","og_locale":"fr_FR","og_type":"article","og_title":"V\u00e9los reconditionn\u00e9s pour les adultes - VELOSTATION PARIS VALLEE DE LA MARNE","og_description":"Les v\u00e9los r\u00e9introduits dans l&rsquo;Economie Circulaire ou en cours de reconditionnement :","og_url":"https:\/\/m2ievm.com\/aavelo\/velos-reconditionnes-pour-les-sduites\/","og_site_name":"VELOSTATION PARIS VALLEE DE LA MARNE","article_modified_time":"2025-04-29T13:12:25+00:00","og_image":[{"url":"http:\/\/m2ievm.com\/aavelo\/wp-content\/uploads\/2025\/04\/Capture-decran-2023-02-20-a-11.14.20-1024x364.png","type":"","width":"","height":""}],"twitter_card":"summary_large_image","twitter_misc":{"Dur\u00e9e de lecture estim\u00e9e":"2 minutes"},"schema":{"@context":"https:\/\/schema.org","@graph":[{"@type":"WebPage","@id":"https:\/\/m2ievm.com\/aavelo\/velos-reconditionnes-pour-les-sduites\/","url":"https:\/\/m2ievm.com\/aavelo\/velos-reconditionnes-pour-les-sduites\/","name":"V\u00e9los reconditionn\u00e9s pour les adultes - VELOSTATION PARIS VALLEE DE LA MARNE","isPartOf":{"@id":"https:\/\/m2ievm.com\/aavelo\/#website"},"primaryImageOfPage":{"@id":"https:\/\/m2ievm.com\/aavelo\/velos-reconditionnes-pour-les-sduites\/#primaryimage"},"image":{"@id":"https:\/\/m2ievm.com\/aavelo\/velos-reconditionnes-pour-les-sduites\/#primaryimage"},"thumbnailUrl":"http:\/\/m2ievm.com\/aavelo\/wp-content\/uploads\/2025\/04\/Capture-decran-2023-02-20-a-11.14.20-1024x364.png","datePublished":"2018-12-03T15:38:58+00:00","dateModified":"2025-04-29T13:12:25+00:00","breadcrumb":{"@id":"https:\/\/m2ievm.com\/aavelo\/velos-reconditionnes-pour-les-sduites\/#breadcrumb"},"inLanguage":"fr-FR","potentialAction":[{"@type":"ReadAction","target":["https:\/\/m2ievm.com\/aavelo\/velos-reconditionnes-pour-les-sduites\/"]}]},{"@type":"ImageObject","inLanguage":"fr-FR","@id":"https:\/\/m2ievm.com\/aavelo\/velos-reconditionnes-pour-les-sduites\/#primaryimage","url":"https:\/\/m2ievm.com\/aavelo\/wp-content\/uploads\/2025\/04\/Capture-decran-2023-02-20-a-11.14.20.png","contentUrl":"https:\/\/m2ievm.com\/aavelo\/wp-content\/uploads\/2025\/04\/Capture-decran-2023-02-20-a-11.14.20.png","width":1520,"height":540},{"@type":"BreadcrumbList","@id":"https:\/\/m2ievm.com\/aavelo\/velos-reconditionnes-pour-les-sduites\/#breadcrumb","itemListElement":[{"@type":"ListItem","position":1,"name":"Accueil","item":"https:\/\/m2ievm.com\/aavelo\/"},{"@type":"ListItem","position":2,"name":"V\u00e9los reconditionn\u00e9s pour les adultes"}]},{"@type":"WebSite","@id":"https:\/\/m2ievm.com\/aavelo\/#website","url":"https:\/\/m2ievm.com\/aavelo\/","name":"VELOSTATION PARIS VALLEE DE LA MARNE","description":"un nouveau regard sur l&#039; Eco-mobilit\u00e9","publisher":{"@id":"https:\/\/m2ievm.com\/aavelo\/#organization"},"potentialAction":[{"@type":"SearchAction","target":{"@type":"EntryPoint","urlTemplate":"https:\/\/m2ievm.com\/aavelo\/?s={search_term_string}"},"query-input":{"@type":"PropertyValueSpecification","valueRequired":true,"valueName":"search_term_string"}}],"inLanguage":"fr-FR"},{"@type":"Organization","@id":"https:\/\/m2ievm.com\/aavelo\/#organization","name":"VELOSTATION PARIS VALLEE DE LA MARNE","url":"https:\/\/m2ievm.com\/aavelo\/","logo":{"@type":"ImageObject","inLanguage":"fr-FR","@id":"https:\/\/m2ievm.com\/aavelo\/#\/schema\/logo\/image\/","url":"https:\/\/m2ievm.com\/aavelo\/wp-content\/uploads\/2025\/04\/cropped-logo-velostation-3-02.png","contentUrl":"https:\/\/m2ievm.com\/aavelo\/wp-content\/uploads\/2025\/04\/cropped-logo-velostation-3-02.png","width":249,"height":250,"caption":"VELOSTATION PARIS VALLEE DE LA MARNE"},"image":{"@id":"https:\/\/m2ievm.com\/aavelo\/#\/schema\/logo\/image\/"}}]}},"_links":{"self":[{"href":"https:\/\/m2ievm.com\/aavelo\/wp-json\/wp\/v2\/pages\/7","targetHints":{"allow":["GET"]}}],"collection":[{"href":"https:\/\/m2ievm.com\/aavelo\/wp-json\/wp\/v2\/pages"}],"about":[{"href":"https:\/\/m2ievm.com\/aavelo\/wp-json\/wp\/v2\/types\/page"}],"author":[{"embeddable":true,"href":"https:\/\/m2ievm.com\/aavelo\/wp-json\/wp\/v2\/users\/1"}],"replies":[{"embeddable":true,"href":"https:\/\/m2ievm.com\/aavelo\/wp-json\/wp\/v2\/comments?post=7"}],"version-history":[{"count":14,"href":"https:\/\/m2ievm.com\/aavelo\/wp-json\/wp\/v2\/pages\/7\/revisions"}],"predecessor-version":[{"id":1320,"href":"https:\/\/m2ievm.com\/aavelo\/wp-json\/wp\/v2\/pages\/7\/revisions\/1320"}],"wp:attachment":[{"href":"https:\/\/m2ievm.com\/aavelo\/wp-json\/wp\/v2\/media?parent=7"}],"curies":[{"name":"wp","href":"https:\/\/api.w.org\/{rel}","templated":true}]}}